{"id":1344,"date":"2023-06-14T10:51:14","date_gmt":"2023-06-14T07:51:14","guid":{"rendered":"https:\/\/www.uvawines.gr\/domaine-guillerault-fargette\/"},"modified":"2023-06-15T11:42:58","modified_gmt":"2023-06-15T08:42:58","slug":"domaine-guillerault-fargette","status":"publish","type":"page","link":"https:\/\/www.uvawines.gr\/en\/domaine-guillerault-fargette\/","title":{"rendered":"Domaine-Guillerault-Fargette"},"content":{"rendered":"<div id='full_slider_1'  class='avia-fullwidth-slider main_color avia-shadow   avia-builder-el-0  el_before_av_one_full  avia-builder-el-first   container_wrap sidebar_right'  ><div  class='avia-slideshow av-livf0a74-fef2fcc955cbed209f65d8d0f6720ea7 avia-slideshow-no scaling av_slideshow_full avia-slide-slider av-slideshow-ui av-control-default av-slideshow-manual av-loop-once av-loop-manual-endless av-default-height-applied   avia-slideshow-1' data-slideshow-options=\"{&quot;animation&quot;:&quot;slide&quot;,&quot;autoplay&quot;:false,&quot;loop_autoplay&quot;:&quot;once&quot;,&quot;interval&quot;:5,&quot;loop_manual&quot;:&quot;manual-endless&quot;,&quot;autoplay_stopper&quot;:false,&quot;noNavigation&quot;:false,&quot;bg_slider&quot;:false,&quot;keep_padding&quot;:false,&quot;hoverpause&quot;:false,&quot;show_slide_delay&quot;:0}\"  itemprop=\"image\" itemscope=\"itemscope\" itemtype=\"https:\/\/schema.org\/ImageObject\" ><ul class='avia-slideshow-inner ' style='padding-bottom: 19.53125%;'><li  class='avia-slideshow-slide av-livf0a74-fef2fcc955cbed209f65d8d0f6720ea7__0  av-single-slide slide-1 slide-odd'><div data-rel='slideshow-1' class='avia-slide-wrap '   ><img decoding=\"async\" fetchpriority=\"high\" class=\"wp-image-1523 avia-img-lazy-loading-not-1523\"  src=\"https:\/\/www.uvawines.gr\/wp-content\/uploads\/2023\/06\/DOMAINE-GUILLERAULT-FARGETTE_5-1.jpeg\" width=\"1920\" height=\"375\" title='DOMAINE-GUILLERAULT-FARGETTE_5' alt=''  itemprop=\"thumbnailUrl\" srcset=\"https:\/\/www.uvawines.gr\/wp-content\/uploads\/2023\/06\/DOMAINE-GUILLERAULT-FARGETTE_5-1.jpeg 1920w, https:\/\/www.uvawines.gr\/wp-content\/uploads\/2023\/06\/DOMAINE-GUILLERAULT-FARGETTE_5-1-300x59.jpeg 300w, https:\/\/www.uvawines.gr\/wp-content\/uploads\/2023\/06\/DOMAINE-GUILLERAULT-FARGETTE_5-1-1030x201.jpeg 1030w, https:\/\/www.uvawines.gr\/wp-content\/uploads\/2023\/06\/DOMAINE-GUILLERAULT-FARGETTE_5-1-768x150.jpeg 768w, https:\/\/www.uvawines.gr\/wp-content\/uploads\/2023\/06\/DOMAINE-GUILLERAULT-FARGETTE_5-1-1536x300.jpeg 1536w, https:\/\/www.uvawines.gr\/wp-content\/uploads\/2023\/06\/DOMAINE-GUILLERAULT-FARGETTE_5-1-1500x293.jpeg 1500w, https:\/\/www.uvawines.gr\/wp-content\/uploads\/2023\/06\/DOMAINE-GUILLERAULT-FARGETTE_5-1-705x138.jpeg 705w\" sizes=\"(max-width: 1920px) 100vw, 1920px\" \/><\/div><\/li><\/ul><\/div><\/div><div id='after_full_slider_1'  class='main_color av_default_container_wrap container_wrap sidebar_right'  ><div class='container av-section-cont-open' ><div class='template-page content  av-content-small alpha units'><div class='post-entry post-entry-type-page post-entry-1344'><div class='entry-content-wrapper clearfix'>\n<div  class='flex_column av-4sm0q2-af029077ba4fab248444fd60a82a3571 av_one_full  avia-builder-el-1  el_after_av_slideshow_full  el_before_av_one_full  avia-builder-el-first  first flex_column_div  '     ><p><div  class='avia-logo-element-container av-livf1k0x-a45774c09b4066a3c2162b6ad6ca01ae av-border-deactivate avia-logo-slider avia-content-slider avia-smallarrow-slider avia-content-slider-active noHover avia-content-slider-odd  avia-builder-el-2  el_before_av_textblock  avia-builder-el-first  av-slideshow-ui av-control-hidden av-nav-arrows-visible av-nav-dots-visible av-no-slider-navigation av-hide-nav-arrows av-slideshow-manual av-loop-once av-loop-manual-endless avia-content-slider1' data-slideshow-options=\"{&quot;animation&quot;:&quot;slide&quot;,&quot;autoplay&quot;:false,&quot;loop_autoplay&quot;:&quot;once&quot;,&quot;interval&quot;:5,&quot;loop_manual&quot;:&quot;manual-endless&quot;,&quot;autoplay_stopper&quot;:false,&quot;noNavigation&quot;:true,&quot;bg_slider&quot;:false,&quot;keep_padding&quot;:&quot;&quot;,&quot;hoverpause&quot;:false,&quot;show_slide_delay&quot;:0}\"><div class='avia-smallarrow-slider-heading  no-logo-slider-heading '><\/div><div class=\"avia-content-slider-inner\"><div class=\"slide-entry-wrap\"><div  class='slide-entry av-4rcd7e-f2485a0372d8c2c6b503c51039326fc9 flex_column no_margin av_fullwidth real-thumbnail post-entry slide-entry-overview slide-loop-1 slide-parity-odd post-entry-last first'><img decoding=\"async\" fetchpriority=\"high\" width=\"480\" height=\"175\" src=\"https:\/\/www.uvawines.gr\/wp-content\/uploads\/2023\/06\/gf-logo.jpg\" class=\"wp-image-1495 avia-img-lazy-loading-not-1495 attachment-no scaling size-no scaling\" alt=\"\" srcset=\"https:\/\/www.uvawines.gr\/wp-content\/uploads\/2023\/06\/gf-logo.jpg 480w, https:\/\/www.uvawines.gr\/wp-content\/uploads\/2023\/06\/gf-logo-300x109.jpg 300w\" sizes=\"(max-width: 480px) 100vw, 480px\" \/><\/div><\/div><\/div><\/div><br \/>\n<section  class='av_textblock_section av-livf4xww-bed96fe4f1477396f40f69c171b86661 '   itemscope=\"itemscope\" itemtype=\"https:\/\/schema.org\/CreativeWork\" ><div class='avia_textblock'  itemprop=\"text\" ><p style=\"text-align: justify;\">In 1971, Jacques and Genevi\u00e8ve Guillerault created Domaine des Caves du Prieur\u00e9 in an ancient (18th century) winery located in the village of Cr\u00e9zancy. Since 1995, their son Gilles has presided over the 19 hectare estate, joined by his brother-in-law S\u00e9bastien Fargette in 2001. At Guillerault \u2013 Fargette, their holdings are planted 75% to Sauvignon Blanc with the remainder planted to Pinot Noir. From a plot of Sauvignon Blanc vines comes the cuv\u00e9e \u201cIota\u201d. The name comes from the Greek letter \u201c\u03b9\u201d and impersonates the mouthfeel after drinking the wine. After manual harvest, the wine is fermented in stainless steel vats and aged for 18 month on fermentation lees. The plot of vines, from which the \u201cEpsilon\u201d cuv\u00e9e comes, were planted in 1972, on Kimmeridgian marl soils. This land represents a small part of the estate, which is why the term \u201c\u03b5\u201d, which is used to designate small numbers, is being used to name this cuv\u00e9e. The cuv\u00e9e \u201cPsi\u201d is made from pinot noir grapes from different plots found in the villages of Reigny, Bu\u00e9 and Sancerre. Here the Greek letter \u03a8 is used, which with its three lines, represents the balance between fruit, freshness and finesse.<\/p>\n<p style=\"text-align: justify;\">Gilles Guillerault and S\u00e9bastien Fargette are commited to sustainable viticulture. Natural grasses are grown between the rows and the soils are worked manually. No herbicides or pesticides are used. Each year, the harvest is brought in and carefully sorted on their sorting table before being pressed. The juice is allowed to settle by gravity before fermentation.    <\/p>\n<\/div><\/section><\/p><\/div><div  class='flex_column av-32uq56-fd5e0535702e4ad22044548c572cd411 av_one_full  avia-builder-el-4  el_after_av_one_full  avia-builder-el-last  first flex_column_div  column-top-margin'     ><div id='av-masonry-1' class='av-masonry av-livf5rei-883c925d92c3ee119859d190b1704753 noHover av-fixed-size av-1px-gap av-hover-overlay- av-masonry-animation-active av-masonry-col-3 av-caption-always av-caption-style- av-masonry-gallery ' data-post_id=\"1344\"><div class=\"av-masonry-container isotope av-js-disabled\"><div class='av-masonry-entry isotope-item av-masonry-item-no-image '><\/div><a href=\"https:\/\/www.uvawines.gr\/wp-content\/uploads\/2023\/06\/DOMAINE-GUILLERAULT-FARGETTE_5.jpeg\" data-srcset=\"https:\/\/www.uvawines.gr\/wp-content\/uploads\/2023\/06\/DOMAINE-GUILLERAULT-FARGETTE_5.jpeg 960w, https:\/\/www.uvawines.gr\/wp-content\/uploads\/2023\/06\/DOMAINE-GUILLERAULT-FARGETTE_5-300x157.jpeg 300w, https:\/\/www.uvawines.gr\/wp-content\/uploads\/2023\/06\/DOMAINE-GUILLERAULT-FARGETTE_5-768x401.jpeg 768w, https:\/\/www.uvawines.gr\/wp-content\/uploads\/2023\/06\/DOMAINE-GUILLERAULT-FARGETTE_5-705x368.jpeg 705w\" data-sizes=\"(max-width: 960px) 100vw, 960px\"  aria-label=\"image DOMAINE-GUILLERAULT-FARGETTE_5\"  id='av-masonry-1-item-1331' data-av-masonry-item='1331' class='av-masonry-entry isotope-item post-1331 attachment type-attachment status-inherit hentry  av-masonry-item-with-image av-landscape-img' title=\"DOMAINE-GUILLERAULT-FARGETTE_5\" alt=\"\"    itemprop=\"thumbnailUrl\" ><div class='av-inner-masonry-sizer'><\/div><figure class='av-inner-masonry main_color'><div class=\"av-masonry-outerimage-container\"><div class='av-masonry-image-container' style=\"background-image: url(https:\/\/www.uvawines.gr\/wp-content\/uploads\/2023\/06\/DOMAINE-GUILLERAULT-FARGETTE_5-705x368.jpeg);\"  title=\"DOMAINE-GUILLERAULT-FARGETTE_5\" ><\/div><\/div><\/figure><\/a><!--end av-masonry entry--><a href=\"https:\/\/www.uvawines.gr\/wp-content\/uploads\/2023\/06\/DOMAINE-GUILLERAULT-FARGETTE_4.jpg\" data-srcset=\"https:\/\/www.uvawines.gr\/wp-content\/uploads\/2023\/06\/DOMAINE-GUILLERAULT-FARGETTE_4.jpg 960w, https:\/\/www.uvawines.gr\/wp-content\/uploads\/2023\/06\/DOMAINE-GUILLERAULT-FARGETTE_4-300x157.jpg 300w, https:\/\/www.uvawines.gr\/wp-content\/uploads\/2023\/06\/DOMAINE-GUILLERAULT-FARGETTE_4-768x401.jpg 768w, https:\/\/www.uvawines.gr\/wp-content\/uploads\/2023\/06\/DOMAINE-GUILLERAULT-FARGETTE_4-705x368.jpg 705w\" data-sizes=\"(max-width: 960px) 100vw, 960px\"  aria-label=\"image DOMAINE-GUILLERAULT-FARGETTE_4\"  id='av-masonry-1-item-1333' data-av-masonry-item='1333' class='av-masonry-entry isotope-item post-1333 attachment type-attachment status-inherit hentry  av-masonry-item-with-image av-landscape-img' title=\"DOMAINE-GUILLERAULT-FARGETTE_4\" alt=\"\"    itemprop=\"thumbnailUrl\" ><div class='av-inner-masonry-sizer'><\/div><figure class='av-inner-masonry main_color'><div class=\"av-masonry-outerimage-container\"><div class='av-masonry-image-container' style=\"background-image: url(https:\/\/www.uvawines.gr\/wp-content\/uploads\/2023\/06\/DOMAINE-GUILLERAULT-FARGETTE_4-705x368.jpg);\"  title=\"DOMAINE-GUILLERAULT-FARGETTE_4\" ><\/div><\/div><\/figure><\/a><!--end av-masonry entry--><a href=\"https:\/\/www.uvawines.gr\/wp-content\/uploads\/2023\/06\/DOMAINE-GUILLERAULT-FARGETTE_3.jpg\" data-srcset=\"https:\/\/www.uvawines.gr\/wp-content\/uploads\/2023\/06\/DOMAINE-GUILLERAULT-FARGETTE_3.jpg 1000w, https:\/\/www.uvawines.gr\/wp-content\/uploads\/2023\/06\/DOMAINE-GUILLERAULT-FARGETTE_3-300x200.jpg 300w, https:\/\/www.uvawines.gr\/wp-content\/uploads\/2023\/06\/DOMAINE-GUILLERAULT-FARGETTE_3-768x512.jpg 768w, https:\/\/www.uvawines.gr\/wp-content\/uploads\/2023\/06\/DOMAINE-GUILLERAULT-FARGETTE_3-705x470.jpg 705w\" data-sizes=\"(max-width: 1000px) 100vw, 1000px\"  aria-label=\"image DOMAINE-GUILLERAULT-FARGETTE_3\"  id='av-masonry-1-item-1335' data-av-masonry-item='1335' class='av-masonry-entry isotope-item post-1335 attachment type-attachment status-inherit hentry  av-masonry-item-with-image av-grid-img' title=\"DOMAINE-GUILLERAULT-FARGETTE_3\" alt=\"\"    itemprop=\"thumbnailUrl\" ><div class='av-inner-masonry-sizer'><\/div><figure class='av-inner-masonry main_color'><div class=\"av-masonry-outerimage-container\"><div class='av-masonry-image-container' style=\"background-image: url(https:\/\/www.uvawines.gr\/wp-content\/uploads\/2023\/06\/DOMAINE-GUILLERAULT-FARGETTE_3-705x470.jpg);\"  title=\"DOMAINE-GUILLERAULT-FARGETTE_3\" ><\/div><\/div><\/figure><\/a><!--end av-masonry entry--><a href=\"https:\/\/www.uvawines.gr\/wp-content\/uploads\/2023\/06\/DOMAINE-GUILLERAULT-FARGETTE_2.jpg\" data-srcset=\"https:\/\/www.uvawines.gr\/wp-content\/uploads\/2023\/06\/DOMAINE-GUILLERAULT-FARGETTE_2.jpg 950w, https:\/\/www.uvawines.gr\/wp-content\/uploads\/2023\/06\/DOMAINE-GUILLERAULT-FARGETTE_2-300x169.jpg 300w, https:\/\/www.uvawines.gr\/wp-content\/uploads\/2023\/06\/DOMAINE-GUILLERAULT-FARGETTE_2-768x432.jpg 768w, https:\/\/www.uvawines.gr\/wp-content\/uploads\/2023\/06\/DOMAINE-GUILLERAULT-FARGETTE_2-705x396.jpg 705w\" data-sizes=\"(max-width: 950px) 100vw, 950px\"  aria-label=\"image DOMAINE-GUILLERAULT-FARGETTE_2\"  id='av-masonry-1-item-1337' data-av-masonry-item='1337' class='av-masonry-entry isotope-item post-1337 attachment type-attachment status-inherit hentry  av-masonry-item-with-image av-landscape-img' title=\"DOMAINE-GUILLERAULT-FARGETTE_2\" alt=\"\"    itemprop=\"thumbnailUrl\" ><div class='av-inner-masonry-sizer'><\/div><figure class='av-inner-masonry main_color'><div class=\"av-masonry-outerimage-container\"><div class='av-masonry-image-container' style=\"background-image: url(https:\/\/www.uvawines.gr\/wp-content\/uploads\/2023\/06\/DOMAINE-GUILLERAULT-FARGETTE_2-705x396.jpg);\"  title=\"DOMAINE-GUILLERAULT-FARGETTE_2\" ><\/div><\/div><\/figure><\/a><!--end av-masonry entry--><a href=\"https:\/\/www.uvawines.gr\/wp-content\/uploads\/2023\/06\/DOMAINE-GUILLERAULT-FARGETTE.jpg\" data-srcset=\"https:\/\/www.uvawines.gr\/wp-content\/uploads\/2023\/06\/DOMAINE-GUILLERAULT-FARGETTE.jpg 600w, https:\/\/www.uvawines.gr\/wp-content\/uploads\/2023\/06\/DOMAINE-GUILLERAULT-FARGETTE-300x193.jpg 300w\" data-sizes=\"(max-width: 600px) 100vw, 600px\"  aria-label=\"image DOMAINE-GUILLERAULT-FARGETTE\"  id='av-masonry-1-item-1339' data-av-masonry-item='1339' class='av-masonry-entry isotope-item post-1339 attachment type-attachment status-inherit hentry  av-masonry-item-with-image av-grid-img' title=\"DOMAINE-GUILLERAULT-FARGETTE\" alt=\"\"    itemprop=\"thumbnailUrl\" ><div class='av-inner-masonry-sizer'><\/div><figure class='av-inner-masonry main_color'><div class=\"av-masonry-outerimage-container\"><div class='av-masonry-image-container' style=\"background-image: url(https:\/\/www.uvawines.gr\/wp-content\/uploads\/2023\/06\/DOMAINE-GUILLERAULT-FARGETTE.jpg);\"  title=\"DOMAINE-GUILLERAULT-FARGETTE\" ><\/div><\/div><\/figure><\/a><!--end av-masonry entry--><\/div><\/div><\/div><\/p>\n","protected":false},"excerpt":{"rendered":"","protected":false},"author":1,"featured_media":0,"parent":0,"menu_order":0,"comment_status":"closed","ping_status":"closed","template":"","meta":{"footnotes":""},"class_list":["post-1344","page","type-page","status-publish","hentry"],"yoast_head":"<!-- This site is optimized with the Yoast SEO plugin v23.3 - https:\/\/yoast.com\/wordpress\/plugins\/seo\/ -->\n<title>Domaine-Guillerault-Fargette - Uva Wines<\/title>\n<meta name=\"robots\" content=\"index, follow, max-snippet:-1, max-image-preview:large, max-video-preview:-1\" \/>\n<link rel=\"canonical\" href=\"https:\/\/www.uvawines.gr\/en\/domaine-guillerault-fargette\/\" \/>\n<meta property=\"og:locale\" content=\"en_US\" \/>\n<meta property=\"og:type\" content=\"article\" \/>\n<meta property=\"og:title\" content=\"Domaine-Guillerault-Fargette - Uva Wines\" \/>\n<meta property=\"og:url\" content=\"https:\/\/www.uvawines.gr\/en\/domaine-guillerault-fargette\/\" \/>\n<meta property=\"og:site_name\" content=\"Uva Wines\" \/>\n<meta property=\"article:modified_time\" content=\"2023-06-15T08:42:58+00:00\" \/>\n<meta name=\"twitter:card\" content=\"summary_large_image\" \/>\n<meta name=\"twitter:label1\" content=\"Est. reading time\" \/>\n\t<meta name=\"twitter:data1\" content=\"6 minutes\" \/>\n<script type=\"application\/ld+json\" class=\"yoast-schema-graph\">{\"@context\":\"https:\/\/schema.org\",\"@graph\":[{\"@type\":\"WebPage\",\"@id\":\"https:\/\/www.uvawines.gr\/en\/domaine-guillerault-fargette\/\",\"url\":\"https:\/\/www.uvawines.gr\/en\/domaine-guillerault-fargette\/\",\"name\":\"Domaine-Guillerault-Fargette - Uva Wines\",\"isPartOf\":{\"@id\":\"https:\/\/www.uvawines.gr\/#website\"},\"datePublished\":\"2023-06-14T07:51:14+00:00\",\"dateModified\":\"2023-06-15T08:42:58+00:00\",\"breadcrumb\":{\"@id\":\"https:\/\/www.uvawines.gr\/en\/domaine-guillerault-fargette\/#breadcrumb\"},\"inLanguage\":\"en-US\",\"potentialAction\":[{\"@type\":\"ReadAction\",\"target\":[\"https:\/\/www.uvawines.gr\/en\/domaine-guillerault-fargette\/\"]}]},{\"@type\":\"BreadcrumbList\",\"@id\":\"https:\/\/www.uvawines.gr\/en\/domaine-guillerault-fargette\/#breadcrumb\",\"itemListElement\":[{\"@type\":\"ListItem\",\"position\":1,\"name\":\"\u0391\u03c1\u03c7\u03b9\u03ba\u03ae\",\"item\":\"https:\/\/www.uvawines.gr\/en\/\"},{\"@type\":\"ListItem\",\"position\":2,\"name\":\"Domaine-Guillerault-Fargette\"}]},{\"@type\":\"WebSite\",\"@id\":\"https:\/\/www.uvawines.gr\/#website\",\"url\":\"https:\/\/www.uvawines.gr\/\",\"name\":\"Uva Wines\",\"description\":\"\",\"potentialAction\":[{\"@type\":\"SearchAction\",\"target\":{\"@type\":\"EntryPoint\",\"urlTemplate\":\"https:\/\/www.uvawines.gr\/?s={search_term_string}\"},\"query-input\":\"required name=search_term_string\"}],\"inLanguage\":\"en-US\"}]}<\/script>\n<!-- \/ Yoast SEO plugin. -->","yoast_head_json":{"title":"Domaine-Guillerault-Fargette - Uva Wines","robots":{"index":"index","follow":"follow","max-snippet":"max-snippet:-1","max-image-preview":"max-image-preview:large","max-video-preview":"max-video-preview:-1"},"canonical":"https:\/\/www.uvawines.gr\/en\/domaine-guillerault-fargette\/","og_locale":"en_US","og_type":"article","og_title":"Domaine-Guillerault-Fargette - Uva Wines","og_url":"https:\/\/www.uvawines.gr\/en\/domaine-guillerault-fargette\/","og_site_name":"Uva Wines","article_modified_time":"2023-06-15T08:42:58+00:00","twitter_card":"summary_large_image","twitter_misc":{"Est. reading time":"6 minutes"},"schema":{"@context":"https:\/\/schema.org","@graph":[{"@type":"WebPage","@id":"https:\/\/www.uvawines.gr\/en\/domaine-guillerault-fargette\/","url":"https:\/\/www.uvawines.gr\/en\/domaine-guillerault-fargette\/","name":"Domaine-Guillerault-Fargette - Uva Wines","isPartOf":{"@id":"https:\/\/www.uvawines.gr\/#website"},"datePublished":"2023-06-14T07:51:14+00:00","dateModified":"2023-06-15T08:42:58+00:00","breadcrumb":{"@id":"https:\/\/www.uvawines.gr\/en\/domaine-guillerault-fargette\/#breadcrumb"},"inLanguage":"en-US","potentialAction":[{"@type":"ReadAction","target":["https:\/\/www.uvawines.gr\/en\/domaine-guillerault-fargette\/"]}]},{"@type":"BreadcrumbList","@id":"https:\/\/www.uvawines.gr\/en\/domaine-guillerault-fargette\/#breadcrumb","itemListElement":[{"@type":"ListItem","position":1,"name":"\u0391\u03c1\u03c7\u03b9\u03ba\u03ae","item":"https:\/\/www.uvawines.gr\/en\/"},{"@type":"ListItem","position":2,"name":"Domaine-Guillerault-Fargette"}]},{"@type":"WebSite","@id":"https:\/\/www.uvawines.gr\/#website","url":"https:\/\/www.uvawines.gr\/","name":"Uva Wines","description":"","potentialAction":[{"@type":"SearchAction","target":{"@type":"EntryPoint","urlTemplate":"https:\/\/www.uvawines.gr\/?s={search_term_string}"},"query-input":"required name=search_term_string"}],"inLanguage":"en-US"}]}},"_links":{"self":[{"href":"https:\/\/www.uvawines.gr\/en\/wp-json\/wp\/v2\/pages\/1344","targetHints":{"allow":["GET"]}}],"collection":[{"href":"https:\/\/www.uvawines.gr\/en\/wp-json\/wp\/v2\/pages"}],"about":[{"href":"https:\/\/www.uvawines.gr\/en\/wp-json\/wp\/v2\/types\/page"}],"author":[{"embeddable":true,"href":"https:\/\/www.uvawines.gr\/en\/wp-json\/wp\/v2\/users\/1"}],"replies":[{"embeddable":true,"href":"https:\/\/www.uvawines.gr\/en\/wp-json\/wp\/v2\/comments?post=1344"}],"version-history":[{"count":7,"href":"https:\/\/www.uvawines.gr\/en\/wp-json\/wp\/v2\/pages\/1344\/revisions"}],"predecessor-version":[{"id":1528,"href":"https:\/\/www.uvawines.gr\/en\/wp-json\/wp\/v2\/pages\/1344\/revisions\/1528"}],"wp:attachment":[{"href":"https:\/\/www.uvawines.gr\/en\/wp-json\/wp\/v2\/media?parent=1344"}],"curies":[{"name":"wp","href":"https:\/\/api.w.org\/{rel}","templated":true}]}}