{"id":1989,"date":"2024-01-09T15:19:50","date_gmt":"2024-01-09T12:19:50","guid":{"rendered":"https:\/\/www.uvawines.gr\/bernard-bonin\/"},"modified":"2024-01-09T15:32:02","modified_gmt":"2024-01-09T12:32:02","slug":"bernard-bonin","status":"publish","type":"page","link":"https:\/\/www.uvawines.gr\/en\/bernard-bonin\/","title":{"rendered":"Bernard-Bonin"},"content":{"rendered":"<div id='full_slider_1'  class='avia-fullwidth-slider main_color avia-shadow   avia-builder-el-0  el_before_av_one_full  avia-builder-el-first   container_wrap sidebar_right'  ><div  class='avia-slideshow av-lr6bfn37-51321173311adb934a52a22467adb1b1 avia-slideshow-no scaling av_slideshow_full avia-slide-slider av-slideshow-ui av-control-default av-slideshow-manual av-loop-once av-loop-manual-endless av-default-height-applied   avia-slideshow-1' data-slideshow-options=\"{&quot;animation&quot;:&quot;slide&quot;,&quot;autoplay&quot;:false,&quot;loop_autoplay&quot;:&quot;once&quot;,&quot;interval&quot;:5,&quot;loop_manual&quot;:&quot;manual-endless&quot;,&quot;autoplay_stopper&quot;:false,&quot;noNavigation&quot;:false,&quot;bg_slider&quot;:false,&quot;keep_padding&quot;:false,&quot;hoverpause&quot;:false,&quot;show_slide_delay&quot;:0}\"  itemprop=\"image\" itemscope=\"itemscope\" itemtype=\"https:\/\/schema.org\/ImageObject\" ><ul class='avia-slideshow-inner ' style='padding-bottom: 19.541427826993%;'><li  class='avia-slideshow-slide av-lr6bfn37-51321173311adb934a52a22467adb1b1__0  av-single-slide slide-1 slide-odd'><div data-rel='slideshow-1' class='avia-slide-wrap '   ><img decoding=\"async\" fetchpriority=\"high\" class=\"wp-image-1959 avia-img-lazy-loading-not-1959\"  src=\"https:\/\/www.uvawines.gr\/wp-content\/uploads\/2024\/01\/Bernard-Bonin-slider.jpg\" width=\"1919\" height=\"375\" title='Bernard-Bonin-slider' alt=''  itemprop=\"thumbnailUrl\" srcset=\"https:\/\/www.uvawines.gr\/wp-content\/uploads\/2024\/01\/Bernard-Bonin-slider.jpg 1919w, https:\/\/www.uvawines.gr\/wp-content\/uploads\/2024\/01\/Bernard-Bonin-slider-300x59.jpg 300w, https:\/\/www.uvawines.gr\/wp-content\/uploads\/2024\/01\/Bernard-Bonin-slider-1030x201.jpg 1030w, https:\/\/www.uvawines.gr\/wp-content\/uploads\/2024\/01\/Bernard-Bonin-slider-768x150.jpg 768w, https:\/\/www.uvawines.gr\/wp-content\/uploads\/2024\/01\/Bernard-Bonin-slider-1536x300.jpg 1536w, https:\/\/www.uvawines.gr\/wp-content\/uploads\/2024\/01\/Bernard-Bonin-slider-1500x293.jpg 1500w, https:\/\/www.uvawines.gr\/wp-content\/uploads\/2024\/01\/Bernard-Bonin-slider-705x138.jpg 705w\" sizes=\"(max-width: 1919px) 100vw, 1919px\" \/><\/div><\/li><\/ul><\/div><\/div><div id='after_full_slider_1'  class='main_color av_default_container_wrap container_wrap sidebar_right'  ><div class='container av-section-cont-open' ><div class='template-page content  av-content-small alpha units'><div class='post-entry post-entry-type-page post-entry-1989'><div class='entry-content-wrapper clearfix'>\n<div  class='flex_column av-46429h-50c7b42f831c54f3f1787bd3d5bdd6ed av_one_full  avia-builder-el-1  el_after_av_slideshow_full  el_before_av_one_full  avia-builder-el-first  first flex_column_div  '     ><p><div  class='avia-logo-element-container av-lr6biqgj-6926a2d49da18162f3e6b2a75074c43b av-border-deactivate avia-logo-slider avia-content-slider avia-smallarrow-slider avia-content-slider-active noHover avia-content-slider-odd  avia-builder-el-2  el_before_av_textblock  avia-builder-el-first  av-slideshow-ui av-control-hidden av-nav-arrows-visible av-nav-dots-visible av-no-slider-navigation av-hide-nav-arrows av-slideshow-manual av-loop-once av-loop-manual-endless avia-content-slider1' data-slideshow-options=\"{&quot;animation&quot;:&quot;slide&quot;,&quot;autoplay&quot;:false,&quot;loop_autoplay&quot;:&quot;once&quot;,&quot;interval&quot;:5,&quot;loop_manual&quot;:&quot;manual-endless&quot;,&quot;autoplay_stopper&quot;:false,&quot;noNavigation&quot;:true,&quot;bg_slider&quot;:false,&quot;keep_padding&quot;:&quot;&quot;,&quot;hoverpause&quot;:false,&quot;show_slide_delay&quot;:0}\"><div class='avia-smallarrow-slider-heading  no-logo-slider-heading '><\/div><div class=\"avia-content-slider-inner\"><div class=\"slide-entry-wrap\"><div  class='slide-entry av-lr6bipcm-02281cb0c19a8d9540ba0baa62fc96d4 flex_column no_margin av_fullwidth real-thumbnail post-entry slide-entry-overview slide-loop-1 slide-parity-odd post-entry-last first'><img decoding=\"async\" fetchpriority=\"high\" width=\"240\" height=\"180\" src=\"https:\/\/www.uvawines.gr\/wp-content\/uploads\/2024\/01\/BERNARD-BONIN-LOGO.jpg\" class=\"wp-image-1961 avia-img-lazy-loading-not-1961 attachment-no scaling size-no scaling\" alt=\"\" \/><\/div><\/div><\/div><\/div><br \/>\n<section  class='av_textblock_section av-lr6b9c3m-34d4f8a9fbc783554aa18a7e03861620 '   itemscope=\"itemscope\" itemtype=\"https:\/\/schema.org\/CreativeWork\" ><div class='avia_textblock'  itemprop=\"text\" ><p style=\"text-align: justify;\">Since 1998, Domaine Bernard-Bonin has been run impeccably by Nicolas Bernard and V\u00e9roniqueBonin, a daughter of the well-known Michelotfamily.<\/p>\n<p style=\"text-align: justify;\">The majority of the vines at Domaine Bernard-Bonin are in Meursault. The remaining in Puligny-Montrachet. In Meursault there are various village appellation vineyards such as Clos du Cromin, Les Tillets and Limozin. On premier cru level they have Genevri\u00e8res and Charmes-Dessus in Meursault and La Garenne and Les Folati\u00e8res in Puligny-Montrachet.   <\/p>\n<p style=\"text-align: justify;\">The estate follows time-honored winegrowing traditions : hand-harvesting, respecting the phases of the moon and employing minimal intervention in the cellar.Eachwine expresses a personality derived from its terroir, its character fashioned by the climatic variances of the year, with the premier cru vineyards harvested last. <\/p>\n<p style=\"text-align: justify;\">Their philosophy is to be as close to natural farming as possible. The \u201clute raisonee\u201d (the reasoned struggle) in combination with organic wine growing. They use some sulphur., but no copper because of its long-term effects in the soil health. <\/p>\n<\/div><\/section><\/p><\/div><div  class='flex_column av-33ve2t-d81f7c6ad48440fe257a10f125e4b4f4 av_one_full  avia-builder-el-4  el_after_av_one_full  avia-builder-el-last  first flex_column_div  column-top-margin'     ><div id='av-masonry-1' class='av-masonry av-lr6bk3a3-f5ebce3c05da656f1363b64e8412c9c3 noHover av-fixed-size av-1px-gap av-hover-overlay- av-masonry-animation-active av-masonry-col-3 av-caption-always av-caption-style- av-masonry-gallery ' data-post_id=\"1989\"><div class=\"av-masonry-container isotope av-js-disabled\"><div class='av-masonry-entry isotope-item av-masonry-item-no-image '><\/div><a href=\"https:\/\/www.uvawines.gr\/wp-content\/uploads\/2024\/01\/Bernard-Bonin-2.png\" data-srcset=\"https:\/\/www.uvawines.gr\/wp-content\/uploads\/2024\/01\/Bernard-Bonin-2.png 734w, https:\/\/www.uvawines.gr\/wp-content\/uploads\/2024\/01\/Bernard-Bonin-2-300x169.png 300w, https:\/\/www.uvawines.gr\/wp-content\/uploads\/2024\/01\/Bernard-Bonin-2-705x397.png 705w\" data-sizes=\"(max-width: 734px) 100vw, 734px\"  aria-label=\"image Bernard-Bonin-2\"  id='av-masonry-1-item-1963' data-av-masonry-item='1963' class='av-masonry-entry isotope-item post-1963 attachment type-attachment status-inherit hentry  av-masonry-item-with-image av-landscape-img' title=\"Bernard-Bonin-2\" alt=\"\"    itemprop=\"thumbnailUrl\" ><div class='av-inner-masonry-sizer'><\/div><figure class='av-inner-masonry main_color'><div class=\"av-masonry-outerimage-container\"><div class='av-masonry-image-container' style=\"background-image: url(https:\/\/www.uvawines.gr\/wp-content\/uploads\/2024\/01\/Bernard-Bonin-2-705x397.png);\"  title=\"Bernard-Bonin-2\" ><\/div><\/div><\/figure><\/a><!--end av-masonry entry--><a href=\"https:\/\/www.uvawines.gr\/wp-content\/uploads\/2024\/01\/BBN-husband-in-vineyard.jpg\" data-srcset=\"https:\/\/www.uvawines.gr\/wp-content\/uploads\/2024\/01\/BBN-husband-in-vineyard.jpg 1000w, https:\/\/www.uvawines.gr\/wp-content\/uploads\/2024\/01\/BBN-husband-in-vineyard-300x200.jpg 300w, https:\/\/www.uvawines.gr\/wp-content\/uploads\/2024\/01\/BBN-husband-in-vineyard-768x512.jpg 768w, https:\/\/www.uvawines.gr\/wp-content\/uploads\/2024\/01\/BBN-husband-in-vineyard-705x470.jpg 705w\" data-sizes=\"(max-width: 1000px) 100vw, 1000px\"  aria-label=\"image BBN-husband-in-vineyard\"  id='av-masonry-1-item-1965' data-av-masonry-item='1965' class='av-masonry-entry isotope-item post-1965 attachment type-attachment status-inherit hentry  av-masonry-item-with-image av-grid-img' title=\"BBN-husband-in-vineyard\" alt=\"\"    itemprop=\"thumbnailUrl\" ><div class='av-inner-masonry-sizer'><\/div><figure class='av-inner-masonry main_color'><div class=\"av-masonry-outerimage-container\"><div class='av-masonry-image-container' style=\"background-image: url(https:\/\/www.uvawines.gr\/wp-content\/uploads\/2024\/01\/BBN-husband-in-vineyard-705x470.jpg);\"  title=\"BBN-husband-in-vineyard\" ><\/div><\/div><\/figure><\/a><!--end av-masonry entry--><a href=\"https:\/\/www.uvawines.gr\/wp-content\/uploads\/2024\/01\/Berbard-Bonin-3.jpg\" data-srcset=\"https:\/\/www.uvawines.gr\/wp-content\/uploads\/2024\/01\/Berbard-Bonin-3.jpg 690w, https:\/\/www.uvawines.gr\/wp-content\/uploads\/2024\/01\/Berbard-Bonin-3-296x300.jpg 296w, https:\/\/www.uvawines.gr\/wp-content\/uploads\/2024\/01\/Berbard-Bonin-3-80x80.jpg 80w, https:\/\/www.uvawines.gr\/wp-content\/uploads\/2024\/01\/Berbard-Bonin-3-36x36.jpg 36w\" data-sizes=\"(max-width: 690px) 100vw, 690px\"  aria-label=\"image Berbard-Bonin-3\"  id='av-masonry-1-item-1967' data-av-masonry-item='1967' class='av-masonry-entry isotope-item post-1967 attachment type-attachment status-inherit hentry  av-masonry-item-with-image av-grid-img' title=\"Berbard-Bonin-3\" alt=\"\"    itemprop=\"thumbnailUrl\" ><div class='av-inner-masonry-sizer'><\/div><figure class='av-inner-masonry main_color'><div class=\"av-masonry-outerimage-container\"><div class='av-masonry-image-container' style=\"background-image: url(https:\/\/www.uvawines.gr\/wp-content\/uploads\/2024\/01\/Berbard-Bonin-3.jpg);\"  title=\"Berbard-Bonin-3\" ><\/div><\/div><\/figure><\/a><!--end av-masonry entry--><a href=\"https:\/\/www.uvawines.gr\/wp-content\/uploads\/2024\/01\/Degustations-sur-futs-au-Domaine-Bernard-Bonin-a-Meursault2.jpg\" data-srcset=\"https:\/\/www.uvawines.gr\/wp-content\/uploads\/2024\/01\/Degustations-sur-futs-au-Domaine-Bernard-Bonin-a-Meursault2.jpg 580w, https:\/\/www.uvawines.gr\/wp-content\/uploads\/2024\/01\/Degustations-sur-futs-au-Domaine-Bernard-Bonin-a-Meursault2-300x199.jpg 300w\" data-sizes=\"(max-width: 580px) 100vw, 580px\"  aria-label=\"image D\u00e9gustations-sur-f\u00fbts-au-Domaine-Bernard-Bonin-\u00e0-Meursault2\"  id='av-masonry-1-item-1969' data-av-masonry-item='1969' class='av-masonry-entry isotope-item post-1969 attachment type-attachment status-inherit hentry  av-masonry-item-with-image av-grid-img' title=\"D\u00e9gustations-sur-f\u00fbts-au-Domaine-Bernard-Bonin-\u00e0-Meursault2\" alt=\"\"    itemprop=\"thumbnailUrl\" ><div class='av-inner-masonry-sizer'><\/div><figure class='av-inner-masonry main_color'><div class=\"av-masonry-outerimage-container\"><div class='av-masonry-image-container' style=\"background-image: url(https:\/\/www.uvawines.gr\/wp-content\/uploads\/2024\/01\/Degustations-sur-futs-au-Domaine-Bernard-Bonin-a-Meursault2.jpg);\"  title=\"D\u00e9gustations-sur-f\u00fbts-au-Domaine-Bernard-Bonin-\u00e0-Meursault2\" ><\/div><\/div><\/figure><\/a><!--end av-masonry entry--><a href=\"https:\/\/www.uvawines.gr\/wp-content\/uploads\/2024\/01\/BEN-vineyard-1030x687.jpg\" data-srcset=\"https:\/\/www.uvawines.gr\/wp-content\/uploads\/2024\/01\/BEN-vineyard-1030x687.jpg 1030w, https:\/\/www.uvawines.gr\/wp-content\/uploads\/2024\/01\/BEN-vineyard-300x200.jpg 300w, https:\/\/www.uvawines.gr\/wp-content\/uploads\/2024\/01\/BEN-vineyard-768x512.jpg 768w, https:\/\/www.uvawines.gr\/wp-content\/uploads\/2024\/01\/BEN-vineyard-705x470.jpg 705w, https:\/\/www.uvawines.gr\/wp-content\/uploads\/2024\/01\/BEN-vineyard.jpg 1170w\" data-sizes=\"(max-width: 1030px) 100vw, 1030px\"  aria-label=\"image BEN-vineyard\"  id='av-masonry-1-item-1971' data-av-masonry-item='1971' class='av-masonry-entry isotope-item post-1971 attachment type-attachment status-inherit hentry  av-masonry-item-with-image av-grid-img' title=\"BEN-vineyard\" alt=\"\"    itemprop=\"thumbnailUrl\" ><div class='av-inner-masonry-sizer'><\/div><figure class='av-inner-masonry main_color'><div class=\"av-masonry-outerimage-container\"><div class='av-masonry-image-container' style=\"background-image: url(https:\/\/www.uvawines.gr\/wp-content\/uploads\/2024\/01\/BEN-vineyard-705x470.jpg);\"  title=\"BEN-vineyard\" ><\/div><\/div><\/figure><\/a><!--end av-masonry entry--><a href=\"https:\/\/www.uvawines.gr\/wp-content\/uploads\/2024\/01\/Bernard-Bonin-1030x686.jpg\" data-srcset=\"https:\/\/www.uvawines.gr\/wp-content\/uploads\/2024\/01\/Bernard-Bonin-1030x686.jpg 1030w, https:\/\/www.uvawines.gr\/wp-content\/uploads\/2024\/01\/Bernard-Bonin-300x200.jpg 300w, https:\/\/www.uvawines.gr\/wp-content\/uploads\/2024\/01\/Bernard-Bonin-768x512.jpg 768w, https:\/\/www.uvawines.gr\/wp-content\/uploads\/2024\/01\/Bernard-Bonin-1536x1024.jpg 1536w, https:\/\/www.uvawines.gr\/wp-content\/uploads\/2024\/01\/Bernard-Bonin-1500x1000.jpg 1500w, https:\/\/www.uvawines.gr\/wp-content\/uploads\/2024\/01\/Bernard-Bonin-705x470.jpg 705w, https:\/\/www.uvawines.gr\/wp-content\/uploads\/2024\/01\/Bernard-Bonin.jpg 2048w\" data-sizes=\"(max-width: 1030px) 100vw, 1030px\"  aria-label=\"image Bernard-Bonin\"  id='av-masonry-1-item-1973' data-av-masonry-item='1973' class='av-masonry-entry isotope-item post-1973 attachment type-attachment status-inherit hentry  av-masonry-item-with-image av-grid-img' title=\"Bernard-Bonin\" alt=\"\"    itemprop=\"thumbnailUrl\" ><div class='av-inner-masonry-sizer'><\/div><figure class='av-inner-masonry main_color'><div class=\"av-masonry-outerimage-container\"><div class='av-masonry-image-container' style=\"background-image: url(https:\/\/www.uvawines.gr\/wp-content\/uploads\/2024\/01\/Bernard-Bonin-705x470.jpg);\"  title=\"Bernard-Bonin\" ><\/div><\/div><\/figure><\/a><!--end av-masonry entry--><a href=\"https:\/\/www.uvawines.gr\/wp-content\/uploads\/2024\/01\/Bernard-Bonin-1.jpg\" data-srcset=\"https:\/\/www.uvawines.gr\/wp-content\/uploads\/2024\/01\/Bernard-Bonin-1.jpg 1024w, https:\/\/www.uvawines.gr\/wp-content\/uploads\/2024\/01\/Bernard-Bonin-1-300x163.jpg 300w, https:\/\/www.uvawines.gr\/wp-content\/uploads\/2024\/01\/Bernard-Bonin-1-768x416.jpg 768w, https:\/\/www.uvawines.gr\/wp-content\/uploads\/2024\/01\/Bernard-Bonin-1-705x382.jpg 705w\" data-sizes=\"(max-width: 1024px) 100vw, 1024px\"  aria-label=\"image Bernard-Bonin-1\"  id='av-masonry-1-item-1975' data-av-masonry-item='1975' class='av-masonry-entry isotope-item post-1975 attachment type-attachment status-inherit hentry  av-masonry-item-with-image av-landscape-img' title=\"Bernard-Bonin-1\" alt=\"\"    itemprop=\"thumbnailUrl\" ><div class='av-inner-masonry-sizer'><\/div><figure class='av-inner-masonry main_color'><div class=\"av-masonry-outerimage-container\"><div class='av-masonry-image-container' style=\"background-image: url(https:\/\/www.uvawines.gr\/wp-content\/uploads\/2024\/01\/Bernard-Bonin-1-705x382.jpg);\"  title=\"Bernard-Bonin-1\" ><\/div><\/div><\/figure><\/a><!--end av-masonry entry--><a href=\"https:\/\/www.uvawines.gr\/wp-content\/uploads\/2024\/01\/vue-d-ensemble-1030x584.jpg\" data-srcset=\"https:\/\/www.uvawines.gr\/wp-content\/uploads\/2024\/01\/vue-d-ensemble-1030x584.jpg 1030w, https:\/\/www.uvawines.gr\/wp-content\/uploads\/2024\/01\/vue-d-ensemble-300x170.jpg 300w, https:\/\/www.uvawines.gr\/wp-content\/uploads\/2024\/01\/vue-d-ensemble-768x435.jpg 768w, https:\/\/www.uvawines.gr\/wp-content\/uploads\/2024\/01\/vue-d-ensemble-705x400.jpg 705w, https:\/\/www.uvawines.gr\/wp-content\/uploads\/2024\/01\/vue-d-ensemble.jpg 1200w\" data-sizes=\"(max-width: 1030px) 100vw, 1030px\"  aria-label=\"image vue-d-ensemble\"  id='av-masonry-1-item-1977' data-av-masonry-item='1977' class='av-masonry-entry isotope-item post-1977 attachment type-attachment status-inherit hentry  av-masonry-item-with-image av-landscape-img' title=\"vue-d-ensemble\" alt=\"\"    itemprop=\"thumbnailUrl\" ><div class='av-inner-masonry-sizer'><\/div><figure class='av-inner-masonry main_color'><div class=\"av-masonry-outerimage-container\"><div class='av-masonry-image-container' style=\"background-image: url(https:\/\/www.uvawines.gr\/wp-content\/uploads\/2024\/01\/vue-d-ensemble-705x400.jpg);\"  title=\"vue-d-ensemble\" ><\/div><\/div><\/figure><\/a><!--end av-masonry entry--><\/div><\/div><\/div><\/p>\n","protected":false},"excerpt":{"rendered":"","protected":false},"author":1,"featured_media":0,"parent":0,"menu_order":0,"comment_status":"closed","ping_status":"closed","template":"","meta":{"footnotes":""},"class_list":["post-1989","page","type-page","status-publish","hentry"],"yoast_head":"<!-- This site is optimized with the Yoast SEO plugin v23.3 - https:\/\/yoast.com\/wordpress\/plugins\/seo\/ -->\n<title>Bernard-Bonin - Uva Wines<\/title>\n<meta name=\"robots\" content=\"index, follow, max-snippet:-1, max-image-preview:large, max-video-preview:-1\" \/>\n<link rel=\"canonical\" href=\"https:\/\/www.uvawines.gr\/bernard-bonin\/\" \/>\n<meta property=\"og:locale\" content=\"en_US\" \/>\n<meta property=\"og:type\" content=\"article\" \/>\n<meta property=\"og:title\" content=\"Bernard-Bonin - Uva Wines\" \/>\n<meta property=\"og:url\" content=\"https:\/\/www.uvawines.gr\/bernard-bonin\/\" \/>\n<meta property=\"og:site_name\" content=\"Uva Wines\" \/>\n<meta property=\"article:modified_time\" content=\"2024-01-09T12:32:02+00:00\" \/>\n<meta name=\"twitter:card\" content=\"summary_large_image\" \/>\n<meta name=\"twitter:label1\" content=\"Est. reading time\" \/>\n\t<meta name=\"twitter:data1\" content=\"6 minutes\" \/>\n<script type=\"application\/ld+json\" class=\"yoast-schema-graph\">{\"@context\":\"https:\/\/schema.org\",\"@graph\":[{\"@type\":\"WebPage\",\"@id\":\"https:\/\/www.uvawines.gr\/bernard-bonin\/\",\"url\":\"https:\/\/www.uvawines.gr\/bernard-bonin\/\",\"name\":\"Bernard-Bonin - Uva Wines\",\"isPartOf\":{\"@id\":\"https:\/\/www.uvawines.gr\/#website\"},\"datePublished\":\"2024-01-09T12:19:50+00:00\",\"dateModified\":\"2024-01-09T12:32:02+00:00\",\"breadcrumb\":{\"@id\":\"https:\/\/www.uvawines.gr\/bernard-bonin\/#breadcrumb\"},\"inLanguage\":\"en-US\",\"potentialAction\":[{\"@type\":\"ReadAction\",\"target\":[\"https:\/\/www.uvawines.gr\/bernard-bonin\/\"]}]},{\"@type\":\"BreadcrumbList\",\"@id\":\"https:\/\/www.uvawines.gr\/bernard-bonin\/#breadcrumb\",\"itemListElement\":[{\"@type\":\"ListItem\",\"position\":1,\"name\":\"\u0391\u03c1\u03c7\u03b9\u03ba\u03ae\",\"item\":\"https:\/\/www.uvawines.gr\/en\/\"},{\"@type\":\"ListItem\",\"position\":2,\"name\":\"Bernard-Bonin\"}]},{\"@type\":\"WebSite\",\"@id\":\"https:\/\/www.uvawines.gr\/#website\",\"url\":\"https:\/\/www.uvawines.gr\/\",\"name\":\"Uva Wines\",\"description\":\"\",\"potentialAction\":[{\"@type\":\"SearchAction\",\"target\":{\"@type\":\"EntryPoint\",\"urlTemplate\":\"https:\/\/www.uvawines.gr\/?s={search_term_string}\"},\"query-input\":\"required name=search_term_string\"}],\"inLanguage\":\"en-US\"}]}<\/script>\n<!-- \/ Yoast SEO plugin. -->","yoast_head_json":{"title":"Bernard-Bonin - Uva Wines","robots":{"index":"index","follow":"follow","max-snippet":"max-snippet:-1","max-image-preview":"max-image-preview:large","max-video-preview":"max-video-preview:-1"},"canonical":"https:\/\/www.uvawines.gr\/bernard-bonin\/","og_locale":"en_US","og_type":"article","og_title":"Bernard-Bonin - Uva Wines","og_url":"https:\/\/www.uvawines.gr\/bernard-bonin\/","og_site_name":"Uva Wines","article_modified_time":"2024-01-09T12:32:02+00:00","twitter_card":"summary_large_image","twitter_misc":{"Est. reading time":"6 minutes"},"schema":{"@context":"https:\/\/schema.org","@graph":[{"@type":"WebPage","@id":"https:\/\/www.uvawines.gr\/bernard-bonin\/","url":"https:\/\/www.uvawines.gr\/bernard-bonin\/","name":"Bernard-Bonin - Uva Wines","isPartOf":{"@id":"https:\/\/www.uvawines.gr\/#website"},"datePublished":"2024-01-09T12:19:50+00:00","dateModified":"2024-01-09T12:32:02+00:00","breadcrumb":{"@id":"https:\/\/www.uvawines.gr\/bernard-bonin\/#breadcrumb"},"inLanguage":"en-US","potentialAction":[{"@type":"ReadAction","target":["https:\/\/www.uvawines.gr\/bernard-bonin\/"]}]},{"@type":"BreadcrumbList","@id":"https:\/\/www.uvawines.gr\/bernard-bonin\/#breadcrumb","itemListElement":[{"@type":"ListItem","position":1,"name":"\u0391\u03c1\u03c7\u03b9\u03ba\u03ae","item":"https:\/\/www.uvawines.gr\/en\/"},{"@type":"ListItem","position":2,"name":"Bernard-Bonin"}]},{"@type":"WebSite","@id":"https:\/\/www.uvawines.gr\/#website","url":"https:\/\/www.uvawines.gr\/","name":"Uva Wines","description":"","potentialAction":[{"@type":"SearchAction","target":{"@type":"EntryPoint","urlTemplate":"https:\/\/www.uvawines.gr\/?s={search_term_string}"},"query-input":"required name=search_term_string"}],"inLanguage":"en-US"}]}},"_links":{"self":[{"href":"https:\/\/www.uvawines.gr\/en\/wp-json\/wp\/v2\/pages\/1989","targetHints":{"allow":["GET"]}}],"collection":[{"href":"https:\/\/www.uvawines.gr\/en\/wp-json\/wp\/v2\/pages"}],"about":[{"href":"https:\/\/www.uvawines.gr\/en\/wp-json\/wp\/v2\/types\/page"}],"author":[{"embeddable":true,"href":"https:\/\/www.uvawines.gr\/en\/wp-json\/wp\/v2\/users\/1"}],"replies":[{"embeddable":true,"href":"https:\/\/www.uvawines.gr\/en\/wp-json\/wp\/v2\/comments?post=1989"}],"version-history":[{"count":5,"href":"https:\/\/www.uvawines.gr\/en\/wp-json\/wp\/v2\/pages\/1989\/revisions"}],"predecessor-version":[{"id":1995,"href":"https:\/\/www.uvawines.gr\/en\/wp-json\/wp\/v2\/pages\/1989\/revisions\/1995"}],"wp:attachment":[{"href":"https:\/\/www.uvawines.gr\/en\/wp-json\/wp\/v2\/media?parent=1989"}],"curies":[{"name":"wp","href":"https:\/\/api.w.org\/{rel}","templated":true}]}}