{"id":2067,"date":"2024-01-17T17:26:42","date_gmt":"2024-01-17T14:26:42","guid":{"rendered":"https:\/\/www.uvawines.gr\/domaine-de-l-a\/"},"modified":"2024-01-17T17:31:04","modified_gmt":"2024-01-17T14:31:04","slug":"domaine-de-l-a","status":"publish","type":"page","link":"https:\/\/www.uvawines.gr\/en\/domaine-de-l-a\/","title":{"rendered":"Domaine de l\u2019 A"},"content":{"rendered":"<div id='full_slider_1'  class='avia-fullwidth-slider main_color avia-shadow   avia-builder-el-0  el_before_av_one_full  avia-builder-el-first   container_wrap sidebar_right'  ><div  class='avia-slideshow av-lrhvh33u-7fb0f8eabb77e28e5d4405b1d07b994b avia-slideshow-no scaling av_slideshow_full avia-slide-slider av-slideshow-ui av-control-default av-slideshow-manual av-loop-once av-loop-manual-endless av-default-height-applied   avia-slideshow-1' data-slideshow-options=\"{&quot;animation&quot;:&quot;slide&quot;,&quot;autoplay&quot;:false,&quot;loop_autoplay&quot;:&quot;once&quot;,&quot;interval&quot;:5,&quot;loop_manual&quot;:&quot;manual-endless&quot;,&quot;autoplay_stopper&quot;:false,&quot;noNavigation&quot;:false,&quot;bg_slider&quot;:false,&quot;keep_padding&quot;:false,&quot;hoverpause&quot;:false,&quot;show_slide_delay&quot;:0}\"  itemprop=\"image\" itemscope=\"itemscope\" itemtype=\"https:\/\/schema.org\/ImageObject\" ><ul class='avia-slideshow-inner ' style='padding-bottom: 19.53125%;'><li  class='avia-slideshow-slide av-lrhvh33u-7fb0f8eabb77e28e5d4405b1d07b994b__0  av-single-slide slide-1 slide-odd'><div data-rel='slideshow-1' class='avia-slide-wrap '   ><img decoding=\"async\" fetchpriority=\"high\" class=\"wp-image-2019 avia-img-lazy-loading-not-2019\"  src=\"https:\/\/www.uvawines.gr\/wp-content\/uploads\/2024\/01\/winery-generic.jpg\" width=\"1920\" height=\"375\" title='winery-generic' alt=''  itemprop=\"thumbnailUrl\" srcset=\"https:\/\/www.uvawines.gr\/wp-content\/uploads\/2024\/01\/winery-generic.jpg 1920w, https:\/\/www.uvawines.gr\/wp-content\/uploads\/2024\/01\/winery-generic-300x59.jpg 300w, https:\/\/www.uvawines.gr\/wp-content\/uploads\/2024\/01\/winery-generic-1030x201.jpg 1030w, https:\/\/www.uvawines.gr\/wp-content\/uploads\/2024\/01\/winery-generic-768x150.jpg 768w, https:\/\/www.uvawines.gr\/wp-content\/uploads\/2024\/01\/winery-generic-1536x300.jpg 1536w, https:\/\/www.uvawines.gr\/wp-content\/uploads\/2024\/01\/winery-generic-1500x293.jpg 1500w, https:\/\/www.uvawines.gr\/wp-content\/uploads\/2024\/01\/winery-generic-705x138.jpg 705w\" sizes=\"(max-width: 1920px) 100vw, 1920px\" \/><\/div><\/li><\/ul><\/div><\/div><div id='after_full_slider_1'  class='main_color av_default_container_wrap container_wrap sidebar_right'  ><div class='container av-section-cont-open' ><div class='template-page content  av-content-small alpha units'><div class='post-entry post-entry-type-page post-entry-2067'><div class='entry-content-wrapper clearfix'>\n<div  class='flex_column av-4ino0w-f77bd5c53b3c63b09ba91011edd2a955 av_one_full  avia-builder-el-1  el_after_av_slideshow_full  el_before_av_one_full  avia-builder-el-first  first flex_column_div  '     ><p><div  class='avia-logo-element-container av-lrhvhiv0-ae654ebb7fb10c594cb1be3e0abfa50f av-border-deactivate avia-logo-slider avia-content-slider avia-smallarrow-slider avia-content-slider-active noHover avia-content-slider-odd  avia-builder-el-2  el_before_av_textblock  avia-builder-el-first  av-slideshow-ui av-control-hidden av-nav-arrows-visible av-nav-dots-visible av-no-slider-navigation av-hide-nav-arrows av-slideshow-manual av-loop-once av-loop-manual-endless avia-content-slider1' data-slideshow-options=\"{&quot;animation&quot;:&quot;slide&quot;,&quot;autoplay&quot;:false,&quot;loop_autoplay&quot;:&quot;once&quot;,&quot;interval&quot;:5,&quot;loop_manual&quot;:&quot;manual-endless&quot;,&quot;autoplay_stopper&quot;:false,&quot;noNavigation&quot;:true,&quot;bg_slider&quot;:false,&quot;keep_padding&quot;:&quot;&quot;,&quot;hoverpause&quot;:false,&quot;show_slide_delay&quot;:0}\"><div class='avia-smallarrow-slider-heading  no-logo-slider-heading '><\/div><div class=\"avia-content-slider-inner\"><div class=\"slide-entry-wrap\"><div  class='slide-entry av-lrhvhhkk-bbd45688f4afb85cb43a54689d948ad6 flex_column no_margin av_fullwidth real-thumbnail post-entry slide-entry-overview slide-loop-1 slide-parity-odd post-entry-last first'><img decoding=\"async\" fetchpriority=\"high\" width=\"200\" height=\"200\" src=\"https:\/\/www.uvawines.gr\/wp-content\/uploads\/2024\/01\/Domaine-de-l-a-logo.jpg\" class=\"wp-image-2021 avia-img-lazy-loading-not-2021 attachment-no scaling size-no scaling\" alt=\"\" srcset=\"https:\/\/www.uvawines.gr\/wp-content\/uploads\/2024\/01\/Domaine-de-l-a-logo.jpg 200w, https:\/\/www.uvawines.gr\/wp-content\/uploads\/2024\/01\/Domaine-de-l-a-logo-80x80.jpg 80w, https:\/\/www.uvawines.gr\/wp-content\/uploads\/2024\/01\/Domaine-de-l-a-logo-36x36.jpg 36w, https:\/\/www.uvawines.gr\/wp-content\/uploads\/2024\/01\/Domaine-de-l-a-logo-180x180.jpg 180w\" sizes=\"(max-width: 200px) 100vw, 200px\" \/><\/div><\/div><\/div><\/div><br \/>\n<section  class='av_textblock_section av-lrhvi7q0-d6e374eea22818b47dd86fdb6ac537c0 '   itemscope=\"itemscope\" itemtype=\"https:\/\/schema.org\/CreativeWork\" ><div class='avia_textblock'  itemprop=\"text\" ><p style=\"text-align: justify;\">Domaine de l\u2019A is St\u00e9phane and Christine Derenoncourt\u2019s brilliant home estate in Castillon, just outside St. Emilion. St\u00e9phane is one of Bordeaux\u2019s top consultant oenologists, and of global renown. He is best known for producing the wines at a string of superstar properties including Domaine de Chevalier, Clos Fourtet, Clos de l\u2019Oratoire and Chateaux Pavie-Macquin, Canon-la-Gaffeli\u00e8re, Smith Haut Lafitte, Les Carmes Haut-Brion, Prieur\u00e9-Lichine and Beaus\u00e9jour Duffau-Lagarrosse. Stephane and Christine purchased 2.5 hectares in the commune of Sainte-Colombe, C\u00f4tes de Castillon in 1999. Today they have 11 hectares, divided among various parcels, the majority on a south-facing slope with tuffeau limestone soil (to which Stephane attributes his wine\u2019s floral aroma). The average age of the Merlot (70%) and Cabernet Franc (30%) vines is 55 years old. The domaine is organic but (for the time being) uncertified. Yields are tiny: 28 hectolitres\/hectare in a generous vintage. Owing to its scale, undulating vineyards and the ethereal character of its wines, the domaine has a distinctly Burgundian vibe. This one of those estates where the quality massively outperforms the expected level of the appellation, thanks to some special terroir, and the genius of the winemaker.<\/p>\n<\/div><\/section><\/p><\/div><div  class='flex_column av-2nnjls-7508ef50bd40c2818dc596f5c458b8e6 av_one_full  avia-builder-el-4  el_after_av_one_full  avia-builder-el-last  first flex_column_div  column-top-margin'     ><div id='av-masonry-1' class='av-masonry av-lrhvlpkv-b6418fd116c0a8353b915bfa9e2c64f3 noHover av-fixed-size av-1px-gap av-hover-overlay- av-masonry-animation-active av-masonry-col-3 av-caption-always av-caption-style- av-masonry-gallery ' data-post_id=\"2067\"><div class=\"av-masonry-container isotope av-js-disabled\"><div class='av-masonry-entry isotope-item av-masonry-item-no-image '><\/div><a href=\"https:\/\/www.uvawines.gr\/wp-content\/uploads\/2024\/01\/winery-domaine-de-l-a-1030x465.jpg\" data-srcset=\"https:\/\/www.uvawines.gr\/wp-content\/uploads\/2024\/01\/winery-domaine-de-l-a-1030x465.jpg 1030w, https:\/\/www.uvawines.gr\/wp-content\/uploads\/2024\/01\/winery-domaine-de-l-a-300x135.jpg 300w, https:\/\/www.uvawines.gr\/wp-content\/uploads\/2024\/01\/winery-domaine-de-l-a-768x347.jpg 768w, https:\/\/www.uvawines.gr\/wp-content\/uploads\/2024\/01\/winery-domaine-de-l-a-1536x694.jpg 1536w, https:\/\/www.uvawines.gr\/wp-content\/uploads\/2024\/01\/winery-domaine-de-l-a-1500x677.jpg 1500w, https:\/\/www.uvawines.gr\/wp-content\/uploads\/2024\/01\/winery-domaine-de-l-a-705x318.jpg 705w, https:\/\/www.uvawines.gr\/wp-content\/uploads\/2024\/01\/winery-domaine-de-l-a.jpg 1920w\" data-sizes=\"(max-width: 1030px) 100vw, 1030px\"  aria-label=\"image winery-domaine-de-l-a\"  id='av-masonry-1-item-2043' data-av-masonry-item='2043' class='av-masonry-entry isotope-item post-2043 attachment type-attachment status-inherit hentry  av-masonry-item-with-image av-landscape-img' title=\"winery-domaine-de-l-a\" alt=\"\"    itemprop=\"thumbnailUrl\" ><div class='av-inner-masonry-sizer'><\/div><figure class='av-inner-masonry main_color'><div class=\"av-masonry-outerimage-container\"><div class='av-masonry-image-container' style=\"background-image: url(https:\/\/www.uvawines.gr\/wp-content\/uploads\/2024\/01\/winery-domaine-de-l-a-705x318.jpg);\"  title=\"winery-domaine-de-l-a\" ><\/div><\/div><\/figure><\/a><!--end av-masonry entry--><a href=\"https:\/\/www.uvawines.gr\/wp-content\/uploads\/2024\/01\/Domaine-de-lA.jpg\" data-srcset=\"https:\/\/www.uvawines.gr\/wp-content\/uploads\/2024\/01\/Domaine-de-lA.jpg 960w, https:\/\/www.uvawines.gr\/wp-content\/uploads\/2024\/01\/Domaine-de-lA-300x157.jpg 300w, https:\/\/www.uvawines.gr\/wp-content\/uploads\/2024\/01\/Domaine-de-lA-768x401.jpg 768w, https:\/\/www.uvawines.gr\/wp-content\/uploads\/2024\/01\/Domaine-de-lA-705x368.jpg 705w\" data-sizes=\"(max-width: 960px) 100vw, 960px\"  aria-label=\"image Domaine-de-lA\"  id='av-masonry-1-item-2045' data-av-masonry-item='2045' class='av-masonry-entry isotope-item post-2045 attachment type-attachment status-inherit hentry  av-masonry-item-with-image av-landscape-img' title=\"Domaine-de-lA\" alt=\"\"    itemprop=\"thumbnailUrl\" ><div class='av-inner-masonry-sizer'><\/div><figure class='av-inner-masonry main_color'><div class=\"av-masonry-outerimage-container\"><div class='av-masonry-image-container' style=\"background-image: url(https:\/\/www.uvawines.gr\/wp-content\/uploads\/2024\/01\/Domaine-de-lA-705x368.jpg);\"  title=\"Domaine-de-lA\" ><\/div><\/div><\/figure><\/a><!--end av-masonry entry--><a href=\"https:\/\/www.uvawines.gr\/wp-content\/uploads\/2024\/01\/domaine-de-l-a2-1-1030x773.jpg\" data-srcset=\"https:\/\/www.uvawines.gr\/wp-content\/uploads\/2024\/01\/domaine-de-l-a2-1-1030x773.jpg 1030w, https:\/\/www.uvawines.gr\/wp-content\/uploads\/2024\/01\/domaine-de-l-a2-1-300x225.jpg 300w, https:\/\/www.uvawines.gr\/wp-content\/uploads\/2024\/01\/domaine-de-l-a2-1-768x576.jpg 768w, https:\/\/www.uvawines.gr\/wp-content\/uploads\/2024\/01\/domaine-de-l-a2-1-705x529.jpg 705w, https:\/\/www.uvawines.gr\/wp-content\/uploads\/2024\/01\/domaine-de-l-a2-1.jpg 1200w\" data-sizes=\"(max-width: 1030px) 100vw, 1030px\"  aria-label=\"image domaine-de-l-a2\"  id='av-masonry-1-item-2047' data-av-masonry-item='2047' class='av-masonry-entry isotope-item post-2047 attachment type-attachment status-inherit hentry  av-masonry-item-with-image av-grid-img' title=\"domaine-de-l-a2\" alt=\"\"    itemprop=\"thumbnailUrl\" ><div class='av-inner-masonry-sizer'><\/div><figure class='av-inner-masonry main_color'><div class=\"av-masonry-outerimage-container\"><div class='av-masonry-image-container' style=\"background-image: url(https:\/\/www.uvawines.gr\/wp-content\/uploads\/2024\/01\/domaine-de-l-a2-1-705x529.jpg);\"  title=\"domaine-de-l-a2\" ><\/div><\/div><\/figure><\/a><!--end av-masonry entry--><a href=\"https:\/\/www.uvawines.gr\/wp-content\/uploads\/2024\/01\/domaine_de_l_a5-1-1030x519.jpg\" data-srcset=\"https:\/\/www.uvawines.gr\/wp-content\/uploads\/2024\/01\/domaine_de_l_a5-1-1030x519.jpg 1030w, https:\/\/www.uvawines.gr\/wp-content\/uploads\/2024\/01\/domaine_de_l_a5-1-300x151.jpg 300w, https:\/\/www.uvawines.gr\/wp-content\/uploads\/2024\/01\/domaine_de_l_a5-1-768x387.jpg 768w, https:\/\/www.uvawines.gr\/wp-content\/uploads\/2024\/01\/domaine_de_l_a5-1-1536x774.jpg 1536w, https:\/\/www.uvawines.gr\/wp-content\/uploads\/2024\/01\/domaine_de_l_a5-1-1500x756.jpg 1500w, https:\/\/www.uvawines.gr\/wp-content\/uploads\/2024\/01\/domaine_de_l_a5-1-705x355.jpg 705w, https:\/\/www.uvawines.gr\/wp-content\/uploads\/2024\/01\/domaine_de_l_a5-1.jpg 1920w\" data-sizes=\"(max-width: 1030px) 100vw, 1030px\"  aria-label=\"image domaine_de_l_a5\"  id='av-masonry-1-item-2049' data-av-masonry-item='2049' class='av-masonry-entry isotope-item post-2049 attachment type-attachment status-inherit hentry  av-masonry-item-with-image av-landscape-img' title=\"domaine_de_l_a5\" alt=\"\"    itemprop=\"thumbnailUrl\" ><div class='av-inner-masonry-sizer'><\/div><figure class='av-inner-masonry main_color'><div class=\"av-masonry-outerimage-container\"><div class='av-masonry-image-container' style=\"background-image: url(https:\/\/www.uvawines.gr\/wp-content\/uploads\/2024\/01\/domaine_de_l_a5-1-705x355.jpg);\"  title=\"domaine_de_l_a5\" ><\/div><\/div><\/figure><\/a><!--end av-masonry entry--><a href=\"https:\/\/www.uvawines.gr\/wp-content\/uploads\/2024\/01\/domain-de-l-a.jpg\" data-srcset=\"https:\/\/www.uvawines.gr\/wp-content\/uploads\/2024\/01\/domain-de-l-a.jpg 1000w, https:\/\/www.uvawines.gr\/wp-content\/uploads\/2024\/01\/domain-de-l-a-300x150.jpg 300w, https:\/\/www.uvawines.gr\/wp-content\/uploads\/2024\/01\/domain-de-l-a-768x384.jpg 768w, https:\/\/www.uvawines.gr\/wp-content\/uploads\/2024\/01\/domain-de-l-a-705x353.jpg 705w\" data-sizes=\"(max-width: 1000px) 100vw, 1000px\"  aria-label=\"image domain-de-l-a\"  id='av-masonry-1-item-2051' data-av-masonry-item='2051' class='av-masonry-entry isotope-item post-2051 attachment type-attachment status-inherit hentry  av-masonry-item-with-image av-landscape-img' title=\"domain-de-l-a\" alt=\"\"    itemprop=\"thumbnailUrl\" ><div class='av-inner-masonry-sizer'><\/div><figure class='av-inner-masonry main_color'><div class=\"av-masonry-outerimage-container\"><div class='av-masonry-image-container' style=\"background-image: url(https:\/\/www.uvawines.gr\/wp-content\/uploads\/2024\/01\/domain-de-l-a-705x353.jpg);\"  title=\"domain-de-l-a\" ><\/div><\/div><\/figure><\/a><!--end av-masonry entry--><a href=\"https:\/\/www.uvawines.gr\/wp-content\/uploads\/2024\/01\/Christine-et-Stephane-Domaine-de-l-a-1.jpg\" data-srcset=\"https:\/\/www.uvawines.gr\/wp-content\/uploads\/2024\/01\/Christine-et-Stephane-Domaine-de-l-a-1.jpg 1000w, https:\/\/www.uvawines.gr\/wp-content\/uploads\/2024\/01\/Christine-et-Stephane-Domaine-de-l-a-1-300x300.jpg 300w, https:\/\/www.uvawines.gr\/wp-content\/uploads\/2024\/01\/Christine-et-Stephane-Domaine-de-l-a-1-80x80.jpg 80w, https:\/\/www.uvawines.gr\/wp-content\/uploads\/2024\/01\/Christine-et-Stephane-Domaine-de-l-a-1-768x768.jpg 768w, https:\/\/www.uvawines.gr\/wp-content\/uploads\/2024\/01\/Christine-et-Stephane-Domaine-de-l-a-1-36x36.jpg 36w, https:\/\/www.uvawines.gr\/wp-content\/uploads\/2024\/01\/Christine-et-Stephane-Domaine-de-l-a-1-180x180.jpg 180w, https:\/\/www.uvawines.gr\/wp-content\/uploads\/2024\/01\/Christine-et-Stephane-Domaine-de-l-a-1-705x705.jpg 705w\" data-sizes=\"(max-width: 1000px) 100vw, 1000px\"  aria-label=\"image Christine-et-St\u00e9phane-Domaine-de-l-a\"  id='av-masonry-1-item-2053' data-av-masonry-item='2053' class='av-masonry-entry isotope-item post-2053 attachment type-attachment status-inherit hentry  av-masonry-item-with-image av-grid-img' title=\"Christine-et-St\u00e9phane-Domaine-de-l-a\" alt=\"\"    itemprop=\"thumbnailUrl\" ><div class='av-inner-masonry-sizer'><\/div><figure class='av-inner-masonry main_color'><div class=\"av-masonry-outerimage-container\"><div class='av-masonry-image-container' style=\"background-image: url(https:\/\/www.uvawines.gr\/wp-content\/uploads\/2024\/01\/Christine-et-Stephane-Domaine-de-l-a-1-705x705.jpg);\"  title=\"Christine-et-St\u00e9phane-Domaine-de-l-a\" ><\/div><\/div><\/figure><\/a><!--end av-masonry entry--><a href=\"https:\/\/www.uvawines.gr\/wp-content\/uploads\/2024\/01\/domaine-de-l-A-816x1030.jpg\" data-srcset=\"https:\/\/www.uvawines.gr\/wp-content\/uploads\/2024\/01\/domaine-de-l-A-816x1030.jpg 816w, https:\/\/www.uvawines.gr\/wp-content\/uploads\/2024\/01\/domaine-de-l-A-238x300.jpg 238w, https:\/\/www.uvawines.gr\/wp-content\/uploads\/2024\/01\/domaine-de-l-A-768x970.jpg 768w, https:\/\/www.uvawines.gr\/wp-content\/uploads\/2024\/01\/domaine-de-l-A-1216x1536.jpg 1216w, https:\/\/www.uvawines.gr\/wp-content\/uploads\/2024\/01\/domaine-de-l-A-1622x2048.jpg 1622w, https:\/\/www.uvawines.gr\/wp-content\/uploads\/2024\/01\/domaine-de-l-A-1188x1500.jpg 1188w, https:\/\/www.uvawines.gr\/wp-content\/uploads\/2024\/01\/domaine-de-l-A-558x705.jpg 558w, https:\/\/www.uvawines.gr\/wp-content\/uploads\/2024\/01\/domaine-de-l-A-scaled.jpg 2027w\" data-sizes=\"(max-width: 816px) 100vw, 816px\"  aria-label=\"image OLYMPUS DIGITAL CAMERA\"  id='av-masonry-1-item-2055' data-av-masonry-item='2055' class='av-masonry-entry isotope-item post-2055 attachment type-attachment status-inherit hentry  av-masonry-item-with-image av-grid-img' title=\"OLYMPUS DIGITAL CAMERA\" alt=\"\"    itemprop=\"thumbnailUrl\" ><div class='av-inner-masonry-sizer'><\/div><figure class='av-inner-masonry main_color'><div class=\"av-masonry-outerimage-container\"><div class='av-masonry-image-container' style=\"background-image: url(https:\/\/www.uvawines.gr\/wp-content\/uploads\/2024\/01\/domaine-de-l-A-558x705.jpg);\"  title=\"OLYMPUS DIGITAL CAMERA\" ><\/div><\/div><\/figure><\/a><!--end av-masonry entry--><a href=\"https:\/\/www.uvawines.gr\/wp-content\/uploads\/2024\/01\/Domaine-de-lA-2016-1-1030x310.jpg\" data-srcset=\"https:\/\/www.uvawines.gr\/wp-content\/uploads\/2024\/01\/Domaine-de-lA-2016-1-1030x310.jpg 1030w, https:\/\/www.uvawines.gr\/wp-content\/uploads\/2024\/01\/Domaine-de-lA-2016-1-300x90.jpg 300w, https:\/\/www.uvawines.gr\/wp-content\/uploads\/2024\/01\/Domaine-de-lA-2016-1-768x231.jpg 768w, https:\/\/www.uvawines.gr\/wp-content\/uploads\/2024\/01\/Domaine-de-lA-2016-1-1536x462.jpg 1536w, https:\/\/www.uvawines.gr\/wp-content\/uploads\/2024\/01\/Domaine-de-lA-2016-1-1500x452.jpg 1500w, https:\/\/www.uvawines.gr\/wp-content\/uploads\/2024\/01\/Domaine-de-lA-2016-1-705x212.jpg 705w, https:\/\/www.uvawines.gr\/wp-content\/uploads\/2024\/01\/Domaine-de-lA-2016-1-rotated.jpg 1920w\" data-sizes=\"(max-width: 1030px) 100vw, 1030px\"  aria-label=\"image Domaine-de-lA-2016\"  id='av-masonry-1-item-2064' data-av-masonry-item='2064' class='av-masonry-entry isotope-item post-2064 attachment type-attachment status-inherit hentry  av-masonry-item-with-image av-landscape-img' title=\"Domaine-de-lA-2016\" alt=\"\"    itemprop=\"thumbnailUrl\" ><div class='av-inner-masonry-sizer'><\/div><figure class='av-inner-masonry main_color'><div class=\"av-masonry-outerimage-container\"><div class='av-masonry-image-container' style=\"background-image: url(https:\/\/www.uvawines.gr\/wp-content\/uploads\/2024\/01\/Domaine-de-lA-2016-1-705x212.jpg);\"  title=\"Domaine-de-lA-2016\" ><\/div><\/div><\/figure><\/a><!--end av-masonry entry--><\/div><\/div><\/div><\/p>\n","protected":false},"excerpt":{"rendered":"","protected":false},"author":1,"featured_media":0,"parent":0,"menu_order":0,"comment_status":"closed","ping_status":"closed","template":"","meta":{"footnotes":""},"class_list":["post-2067","page","type-page","status-publish","hentry"],"yoast_head":"<!-- This site is optimized with the Yoast SEO plugin v23.3 - https:\/\/yoast.com\/wordpress\/plugins\/seo\/ -->\n<title>Domaine de l\u2019 A - Uva Wines<\/title>\n<meta name=\"robots\" content=\"index, follow, max-snippet:-1, max-image-preview:large, max-video-preview:-1\" \/>\n<link rel=\"canonical\" href=\"https:\/\/www.uvawines.gr\/domaine-de-l-a\/\" \/>\n<meta property=\"og:locale\" content=\"en_US\" \/>\n<meta property=\"og:type\" content=\"article\" \/>\n<meta property=\"og:title\" content=\"Domaine de l\u2019 A - Uva Wines\" \/>\n<meta property=\"og:url\" content=\"https:\/\/www.uvawines.gr\/domaine-de-l-a\/\" \/>\n<meta property=\"og:site_name\" content=\"Uva Wines\" \/>\n<meta property=\"article:modified_time\" content=\"2024-01-17T14:31:04+00:00\" \/>\n<meta name=\"twitter:card\" content=\"summary_large_image\" \/>\n<meta name=\"twitter:label1\" content=\"Est. reading time\" \/>\n\t<meta name=\"twitter:data1\" content=\"6 minutes\" \/>\n<script type=\"application\/ld+json\" class=\"yoast-schema-graph\">{\"@context\":\"https:\/\/schema.org\",\"@graph\":[{\"@type\":\"WebPage\",\"@id\":\"https:\/\/www.uvawines.gr\/domaine-de-l-a\/\",\"url\":\"https:\/\/www.uvawines.gr\/domaine-de-l-a\/\",\"name\":\"Domaine de l\u2019 A - Uva Wines\",\"isPartOf\":{\"@id\":\"https:\/\/www.uvawines.gr\/#website\"},\"datePublished\":\"2024-01-17T14:26:42+00:00\",\"dateModified\":\"2024-01-17T14:31:04+00:00\",\"breadcrumb\":{\"@id\":\"https:\/\/www.uvawines.gr\/domaine-de-l-a\/#breadcrumb\"},\"inLanguage\":\"en-US\",\"potentialAction\":[{\"@type\":\"ReadAction\",\"target\":[\"https:\/\/www.uvawines.gr\/domaine-de-l-a\/\"]}]},{\"@type\":\"BreadcrumbList\",\"@id\":\"https:\/\/www.uvawines.gr\/domaine-de-l-a\/#breadcrumb\",\"itemListElement\":[{\"@type\":\"ListItem\",\"position\":1,\"name\":\"\u0391\u03c1\u03c7\u03b9\u03ba\u03ae\",\"item\":\"https:\/\/www.uvawines.gr\/en\/\"},{\"@type\":\"ListItem\",\"position\":2,\"name\":\"Domaine de l\u2019 A\"}]},{\"@type\":\"WebSite\",\"@id\":\"https:\/\/www.uvawines.gr\/#website\",\"url\":\"https:\/\/www.uvawines.gr\/\",\"name\":\"Uva Wines\",\"description\":\"\",\"potentialAction\":[{\"@type\":\"SearchAction\",\"target\":{\"@type\":\"EntryPoint\",\"urlTemplate\":\"https:\/\/www.uvawines.gr\/?s={search_term_string}\"},\"query-input\":\"required name=search_term_string\"}],\"inLanguage\":\"en-US\"}]}<\/script>\n<!-- \/ Yoast SEO plugin. -->","yoast_head_json":{"title":"Domaine de l\u2019 A - Uva Wines","robots":{"index":"index","follow":"follow","max-snippet":"max-snippet:-1","max-image-preview":"max-image-preview:large","max-video-preview":"max-video-preview:-1"},"canonical":"https:\/\/www.uvawines.gr\/domaine-de-l-a\/","og_locale":"en_US","og_type":"article","og_title":"Domaine de l\u2019 A - Uva Wines","og_url":"https:\/\/www.uvawines.gr\/domaine-de-l-a\/","og_site_name":"Uva Wines","article_modified_time":"2024-01-17T14:31:04+00:00","twitter_card":"summary_large_image","twitter_misc":{"Est. reading time":"6 minutes"},"schema":{"@context":"https:\/\/schema.org","@graph":[{"@type":"WebPage","@id":"https:\/\/www.uvawines.gr\/domaine-de-l-a\/","url":"https:\/\/www.uvawines.gr\/domaine-de-l-a\/","name":"Domaine de l\u2019 A - Uva Wines","isPartOf":{"@id":"https:\/\/www.uvawines.gr\/#website"},"datePublished":"2024-01-17T14:26:42+00:00","dateModified":"2024-01-17T14:31:04+00:00","breadcrumb":{"@id":"https:\/\/www.uvawines.gr\/domaine-de-l-a\/#breadcrumb"},"inLanguage":"en-US","potentialAction":[{"@type":"ReadAction","target":["https:\/\/www.uvawines.gr\/domaine-de-l-a\/"]}]},{"@type":"BreadcrumbList","@id":"https:\/\/www.uvawines.gr\/domaine-de-l-a\/#breadcrumb","itemListElement":[{"@type":"ListItem","position":1,"name":"\u0391\u03c1\u03c7\u03b9\u03ba\u03ae","item":"https:\/\/www.uvawines.gr\/en\/"},{"@type":"ListItem","position":2,"name":"Domaine de l\u2019 A"}]},{"@type":"WebSite","@id":"https:\/\/www.uvawines.gr\/#website","url":"https:\/\/www.uvawines.gr\/","name":"Uva Wines","description":"","potentialAction":[{"@type":"SearchAction","target":{"@type":"EntryPoint","urlTemplate":"https:\/\/www.uvawines.gr\/?s={search_term_string}"},"query-input":"required name=search_term_string"}],"inLanguage":"en-US"}]}},"_links":{"self":[{"href":"https:\/\/www.uvawines.gr\/en\/wp-json\/wp\/v2\/pages\/2067","targetHints":{"allow":["GET"]}}],"collection":[{"href":"https:\/\/www.uvawines.gr\/en\/wp-json\/wp\/v2\/pages"}],"about":[{"href":"https:\/\/www.uvawines.gr\/en\/wp-json\/wp\/v2\/types\/page"}],"author":[{"embeddable":true,"href":"https:\/\/www.uvawines.gr\/en\/wp-json\/wp\/v2\/users\/1"}],"replies":[{"embeddable":true,"href":"https:\/\/www.uvawines.gr\/en\/wp-json\/wp\/v2\/comments?post=2067"}],"version-history":[{"count":2,"href":"https:\/\/www.uvawines.gr\/en\/wp-json\/wp\/v2\/pages\/2067\/revisions"}],"predecessor-version":[{"id":2070,"href":"https:\/\/www.uvawines.gr\/en\/wp-json\/wp\/v2\/pages\/2067\/revisions\/2070"}],"wp:attachment":[{"href":"https:\/\/www.uvawines.gr\/en\/wp-json\/wp\/v2\/media?parent=2067"}],"curies":[{"name":"wp","href":"https:\/\/api.w.org\/{rel}","templated":true}]}}