{"id":2549,"date":"2024-11-12T15:32:12","date_gmt":"2024-11-12T12:32:12","guid":{"rendered":"https:\/\/www.uvawines.gr\/jerome-prevost-la-closerie\/"},"modified":"2024-11-12T15:37:31","modified_gmt":"2024-11-12T12:37:31","slug":"jerome-prevost-la-closerie","status":"publish","type":"page","link":"https:\/\/www.uvawines.gr\/en\/jerome-prevost-la-closerie\/","title":{"rendered":"Jerome Prevost-La Closerie"},"content":{"rendered":"<div id='full_slider_1'  class='avia-fullwidth-slider main_color avia-shadow   avia-builder-el-0  el_before_av_one_full  avia-builder-el-first   container_wrap sidebar_right'  ><div  class='avia-slideshow av-m3efm829-c8a449d10771a380b19f4d224d815bf6 avia-slideshow-no scaling av_slideshow_full avia-slide-slider av-slideshow-ui av-control-default av-slideshow-manual av-loop-once av-loop-manual-endless av-default-height-applied   avia-slideshow-1' data-slideshow-options=\"{&quot;animation&quot;:&quot;slide&quot;,&quot;autoplay&quot;:false,&quot;loop_autoplay&quot;:&quot;once&quot;,&quot;interval&quot;:5,&quot;loop_manual&quot;:&quot;manual-endless&quot;,&quot;autoplay_stopper&quot;:false,&quot;noNavigation&quot;:false,&quot;bg_slider&quot;:false,&quot;keep_padding&quot;:false,&quot;hoverpause&quot;:false,&quot;show_slide_delay&quot;:0}\"  itemprop=\"image\" itemscope=\"itemscope\" itemtype=\"https:\/\/schema.org\/ImageObject\" ><ul class='avia-slideshow-inner ' style='padding-bottom: 19.53125%;'><li  class='avia-slideshow-slide av-m3efm829-c8a449d10771a380b19f4d224d815bf6__0  av-single-slide slide-1 slide-odd'><div data-rel='slideshow-1' class='avia-slide-wrap '   ><img decoding=\"async\" fetchpriority=\"high\" class=\"wp-image-2545 avia-img-lazy-loading-not-2545\"  src=\"https:\/\/www.uvawines.gr\/wp-content\/uploads\/2024\/11\/la_closerie_slider.jpg\" width=\"1920\" height=\"375\" title='la_closerie_slider' alt=''  itemprop=\"thumbnailUrl\" srcset=\"https:\/\/www.uvawines.gr\/wp-content\/uploads\/2024\/11\/la_closerie_slider.jpg 1920w, https:\/\/www.uvawines.gr\/wp-content\/uploads\/2024\/11\/la_closerie_slider-300x59.jpg 300w, https:\/\/www.uvawines.gr\/wp-content\/uploads\/2024\/11\/la_closerie_slider-1030x201.jpg 1030w, https:\/\/www.uvawines.gr\/wp-content\/uploads\/2024\/11\/la_closerie_slider-768x150.jpg 768w, https:\/\/www.uvawines.gr\/wp-content\/uploads\/2024\/11\/la_closerie_slider-1536x300.jpg 1536w, https:\/\/www.uvawines.gr\/wp-content\/uploads\/2024\/11\/la_closerie_slider-1500x293.jpg 1500w, https:\/\/www.uvawines.gr\/wp-content\/uploads\/2024\/11\/la_closerie_slider-705x138.jpg 705w\" sizes=\"(max-width: 1920px) 100vw, 1920px\" \/><\/div><\/li><\/ul><\/div><\/div><div id='after_full_slider_1'  class='main_color av_default_container_wrap container_wrap sidebar_right'  ><div class='container av-section-cont-open' ><div class='template-page content  av-content-small alpha units'><div class='post-entry post-entry-type-page post-entry-2549'><div class='entry-content-wrapper clearfix'>\n<div  class='flex_column av-3ogkm1-ea19e4d7e592f44f26353ea873cd4784 av_one_full  avia-builder-el-1  el_after_av_slideshow_full  el_before_av_one_full  avia-builder-el-first  first flex_column_div  '     ><p><div  class='avia-logo-element-container av-m3efgpqr-a93fd168cb63000c595ec758fc95fe0a av-border-deactivate avia-logo-slider avia-content-slider avia-smallarrow-slider avia-content-slider-active noHover avia-content-slider-odd  avia-builder-el-2  el_before_av_textblock  avia-builder-el-first  av-slideshow-ui av-control-hidden av-nav-arrows-visible av-nav-dots-visible av-no-slider-navigation av-hide-nav-arrows av-slideshow-manual av-loop-once av-loop-manual-endless avia-content-slider1' data-slideshow-options=\"{&quot;animation&quot;:&quot;slide&quot;,&quot;autoplay&quot;:false,&quot;loop_autoplay&quot;:&quot;once&quot;,&quot;interval&quot;:5,&quot;loop_manual&quot;:&quot;manual-endless&quot;,&quot;autoplay_stopper&quot;:false,&quot;noNavigation&quot;:true,&quot;bg_slider&quot;:false,&quot;keep_padding&quot;:&quot;&quot;,&quot;hoverpause&quot;:false,&quot;show_slide_delay&quot;:0}\"><div class='avia-smallarrow-slider-heading  no-logo-slider-heading '><\/div><div class=\"avia-content-slider-inner\"><div class=\"slide-entry-wrap\"><div  class='slide-entry av-m3efgour-e25794c72f668a609005f24b681c1dcc flex_column no_margin av_fullwidth real-thumbnail post-entry slide-entry-overview slide-loop-1 slide-parity-odd post-entry-last first'><img decoding=\"async\" fetchpriority=\"high\" width=\"400\" height=\"220\" src=\"https:\/\/www.uvawines.gr\/wp-content\/uploads\/2024\/11\/logo-la-closerie.jpg\" class=\"wp-image-2523 avia-img-lazy-loading-not-2523 attachment-no scaling size-no scaling\" alt=\"\" srcset=\"https:\/\/www.uvawines.gr\/wp-content\/uploads\/2024\/11\/logo-la-closerie.jpg 400w, https:\/\/www.uvawines.gr\/wp-content\/uploads\/2024\/11\/logo-la-closerie-300x165.jpg 300w\" sizes=\"(max-width: 400px) 100vw, 400px\" \/><\/div><\/div><\/div><\/div><br \/>\n<section  class='av_textblock_section av-m3efhro3-96c80903651ab286119691935c928aa1 '   itemscope=\"itemscope\" itemtype=\"https:\/\/schema.org\/CreativeWork\" ><div class='avia_textblock'  itemprop=\"text\" ><p style=\"text-align: justify;\">J\u00e9r\u00f4me Pr\u00e9vost is a micro grower-producer based in the picture-perfect village of Gueux, on the edge of the Mountain de Reims or what the locals call la Petite Mountain. Here, in the northwest of Champagne, he grows a tiny quantity of remarkable, age-worthy Pinot Meunier from a single, two-hectare plot of forty-year-old vines. His wines have garnered a cult following across the globe and are sold strictly on allocation.<br \/>\nThe Pr\u00e9vost story is a long one. Let\u2019s simplify and simply state that he inherited a vineyard from his grandmother and that it was his friend Anselme Selosse who encouraged and helped him to begin making wine from this parcel. His first vintage was 1998. Selosse let Pr\u00e9vost use his winery until 2003, after which Pr\u00e9vost began making the wine in the garage at the rear of his home in Gueux.<br \/>Pr\u00e9vost is an artist at heart: he was a painter as a young man and later turned to sculpting, photography and other passions that he prefers to keep to himself. His interest in art has led to several artists coming to visit his Estate and work with him in his vineyards. He has also organised wine and poetry celebrations with many great French poets: Val\u00e9rie Rouzeau, James Sacr\u00e9, Bernard Bretonni\u00e8re and even the famed American poet John Giorno. He once said, \u201cI like words because they are like vines, planted in the soils of culture.\u201d<br \/>Pr\u00e9vost\u2019s vines were planted in the \u201860s before what Pr\u00e9vost calls the \u201c&#8230;great industrial revolution in Champagne\u201d. This was prior to mechanisation, chemicals and clones becoming the norm. So, for this reason, the vines were planted with a good rootstock that was based on quality rather than yield. It\u2019s a rootstock that descends deeply but that takes far longer to grow above the ground; the opposite of what producers were looking for post-70s.<br \/>Pr\u00e9vost\u2019s initial idea was to produce one wine, each year, from one vineyard (les B\u00e9guines), one grape variety (Pinot Meunier), and one vintage. Sometimes Pr\u00e9vost also bottles a small amount of ros\u00e9. Over time, mainly thanks to the treacherous nature of his frost-prone terroir, this has evolved. The domaine devastating losses in 2017 prompted this grower to pivot from RM status (estate-only fruit) to NM (estate and purchased fruit) in order to make sustainable levels of wine. Pr\u00e9vost managed to secure some fruit from his neighbour\u2019s vines in Les B\u00e9guines along with some other parcels in Gueux, all on the same soils as the estate vines. The wine from these new sources is simply called La Closerie and carries a striking red ampersand motif on the label.<br \/>The wines of J\u00e9r\u00f4me Pr\u00e9vost are as complex and intriguing as the man himself. So how to sum them up in a few words? Tasting notes are useless as the wines shift, turn and evolve. Even when you open bottles of the same vintage (at different points in time) the wines are often very different. What we can say in general terms is that they are dry, vinous, aromatic, floral and spicy wines with huge energy, drive and longevity. They are textured yet very tightly wound. They are wildly complex, never boring, and they are great with food. They also benefit enormously from time (1-5 years) in the cellar.<\/p>\n<\/div><\/section><\/p><\/div><div  class='flex_column av-2m1ont-624781b0dd45b8436c2064a43d8ff227 av_one_full  avia-builder-el-4  el_after_av_one_full  avia-builder-el-last  first flex_column_div  column-top-margin'     ><div id='av-masonry-1' class='av-masonry av-m3efj4cd-776a7edc8519688f6e6b7abaeae2418f noHover av-fixed-size av-1px-gap av-hover-overlay- av-masonry-animation-active av-masonry-col-3 av-caption-always av-caption-style- av-masonry-gallery ' data-post_id=\"2549\"><div class=\"av-masonry-container isotope av-js-disabled\"><div class='av-masonry-entry isotope-item av-masonry-item-no-image '><\/div><a href=\"https:\/\/www.uvawines.gr\/wp-content\/uploads\/2024\/11\/Jerome-Prevost.png\" data-srcset=\"https:\/\/www.uvawines.gr\/wp-content\/uploads\/2024\/11\/Jerome-Prevost.png 585w, https:\/\/www.uvawines.gr\/wp-content\/uploads\/2024\/11\/Jerome-Prevost-300x154.png 300w\" data-sizes=\"(max-width: 585px) 100vw, 585px\"  aria-label=\"image Jerome-Prevost\"  id='av-masonry-1-item-2525' data-av-masonry-item='2525' class='av-masonry-entry isotope-item post-2525 attachment type-attachment status-inherit hentry  av-masonry-item-with-image av-landscape-img' title=\"Jerome-Prevost\" alt=\"\"    itemprop=\"thumbnailUrl\" ><div class='av-inner-masonry-sizer'><\/div><figure class='av-inner-masonry main_color'><div class=\"av-masonry-outerimage-container\"><div class='av-masonry-image-container' style=\"background-image: url(https:\/\/www.uvawines.gr\/wp-content\/uploads\/2024\/11\/Jerome-Prevost.png);\"  title=\"Jerome-Prevost\" ><\/div><\/div><\/figure><\/a><!--end av-masonry entry--><a href=\"https:\/\/www.uvawines.gr\/wp-content\/uploads\/2024\/11\/LaCloserie.jpg\" data-srcset=\"https:\/\/www.uvawines.gr\/wp-content\/uploads\/2024\/11\/LaCloserie.jpg 995w, https:\/\/www.uvawines.gr\/wp-content\/uploads\/2024\/11\/LaCloserie-292x300.jpg 292w, https:\/\/www.uvawines.gr\/wp-content\/uploads\/2024\/11\/LaCloserie-768x790.jpg 768w, https:\/\/www.uvawines.gr\/wp-content\/uploads\/2024\/11\/LaCloserie-36x36.jpg 36w, https:\/\/www.uvawines.gr\/wp-content\/uploads\/2024\/11\/LaCloserie-685x705.jpg 685w\" data-sizes=\"(max-width: 995px) 100vw, 995px\"  aria-label=\"image LaCloserie\"  id='av-masonry-1-item-2527' data-av-masonry-item='2527' class='av-masonry-entry isotope-item post-2527 attachment type-attachment status-inherit hentry  av-masonry-item-with-image av-grid-img' title=\"LaCloserie\" alt=\"\"    itemprop=\"thumbnailUrl\" ><div class='av-inner-masonry-sizer'><\/div><figure class='av-inner-masonry main_color'><div class=\"av-masonry-outerimage-container\"><div class='av-masonry-image-container' style=\"background-image: url(https:\/\/www.uvawines.gr\/wp-content\/uploads\/2024\/11\/LaCloserie-685x705.jpg);\"  title=\"LaCloserie\" ><\/div><\/div><\/figure><\/a><!--end av-masonry entry--><a href=\"https:\/\/www.uvawines.gr\/wp-content\/uploads\/2024\/11\/LaCloserieGrandCru2021-JeromePrevost.png\" data-srcset=\"https:\/\/www.uvawines.gr\/wp-content\/uploads\/2024\/11\/LaCloserieGrandCru2021-JeromePrevost.png 420w, https:\/\/www.uvawines.gr\/wp-content\/uploads\/2024\/11\/LaCloserieGrandCru2021-JeromePrevost-163x300.png 163w, https:\/\/www.uvawines.gr\/wp-content\/uploads\/2024\/11\/LaCloserieGrandCru2021-JeromePrevost-384x705.png 384w\" data-sizes=\"(max-width: 420px) 100vw, 420px\"  aria-label=\"image LaCloserieGrandCru2021-JeromePrevost\"  id='av-masonry-1-item-2529' data-av-masonry-item='2529' class='av-masonry-entry isotope-item post-2529 attachment type-attachment status-inherit hentry  av-masonry-item-with-image av-portrait-img' title=\"LaCloserieGrandCru2021-JeromePrevost\" alt=\"\"    itemprop=\"thumbnailUrl\" ><div class='av-inner-masonry-sizer'><\/div><figure class='av-inner-masonry main_color'><div class=\"av-masonry-outerimage-container\"><div class='av-masonry-image-container' style=\"background-image: url(https:\/\/www.uvawines.gr\/wp-content\/uploads\/2024\/11\/LaCloserieGrandCru2021-JeromePrevost-384x705.png);\"  title=\"LaCloserieGrandCru2021-JeromePrevost\" ><\/div><\/div><\/figure><\/a><!--end av-masonry entry--><a href=\"https:\/\/www.uvawines.gr\/wp-content\/uploads\/2024\/11\/La-Closerie-vineyard.png\" data-srcset=\"https:\/\/www.uvawines.gr\/wp-content\/uploads\/2024\/11\/La-Closerie-vineyard.png 801w, https:\/\/www.uvawines.gr\/wp-content\/uploads\/2024\/11\/La-Closerie-vineyard-300x224.png 300w, https:\/\/www.uvawines.gr\/wp-content\/uploads\/2024\/11\/La-Closerie-vineyard-768x573.png 768w, https:\/\/www.uvawines.gr\/wp-content\/uploads\/2024\/11\/La-Closerie-vineyard-705x526.png 705w\" data-sizes=\"(max-width: 801px) 100vw, 801px\"  aria-label=\"image La-Closerie-vineyard\"  id='av-masonry-1-item-2531' data-av-masonry-item='2531' class='av-masonry-entry isotope-item post-2531 attachment type-attachment status-inherit hentry  av-masonry-item-with-image av-grid-img' title=\"La-Closerie-vineyard\" alt=\"\"    itemprop=\"thumbnailUrl\" ><div class='av-inner-masonry-sizer'><\/div><figure class='av-inner-masonry main_color'><div class=\"av-masonry-outerimage-container\"><div class='av-masonry-image-container' style=\"background-image: url(https:\/\/www.uvawines.gr\/wp-content\/uploads\/2024\/11\/La-Closerie-vineyard-705x526.png);\"  title=\"La-Closerie-vineyard\" ><\/div><\/div><\/figure><\/a><!--end av-masonry entry--><a href=\"https:\/\/www.uvawines.gr\/wp-content\/uploads\/2024\/11\/pinot-meunier-1030x579.png\" data-srcset=\"https:\/\/www.uvawines.gr\/wp-content\/uploads\/2024\/11\/pinot-meunier-1030x579.png 1030w, https:\/\/www.uvawines.gr\/wp-content\/uploads\/2024\/11\/pinot-meunier-300x169.png 300w, https:\/\/www.uvawines.gr\/wp-content\/uploads\/2024\/11\/pinot-meunier-768x432.png 768w, https:\/\/www.uvawines.gr\/wp-content\/uploads\/2024\/11\/pinot-meunier-1536x864.png 1536w, https:\/\/www.uvawines.gr\/wp-content\/uploads\/2024\/11\/pinot-meunier-1500x844.png 1500w, https:\/\/www.uvawines.gr\/wp-content\/uploads\/2024\/11\/pinot-meunier-705x397.png 705w, https:\/\/www.uvawines.gr\/wp-content\/uploads\/2024\/11\/pinot-meunier.png 1778w\" data-sizes=\"(max-width: 1030px) 100vw, 1030px\"  aria-label=\"image pinot-meunier\"  id='av-masonry-1-item-2533' data-av-masonry-item='2533' class='av-masonry-entry isotope-item post-2533 attachment type-attachment status-inherit hentry  av-masonry-item-with-image av-landscape-img' title=\"pinot-meunier\" alt=\"\"    itemprop=\"thumbnailUrl\" ><div class='av-inner-masonry-sizer'><\/div><figure class='av-inner-masonry main_color'><div class=\"av-masonry-outerimage-container\"><div class='av-masonry-image-container' style=\"background-image: url(https:\/\/www.uvawines.gr\/wp-content\/uploads\/2024\/11\/pinot-meunier-705x397.png);\"  title=\"pinot-meunier\" ><\/div><\/div><\/figure><\/a><!--end av-masonry entry--><a href=\"https:\/\/www.uvawines.gr\/wp-content\/uploads\/2024\/11\/PrevostinBeguines-1030x686.jpg\" data-srcset=\"https:\/\/www.uvawines.gr\/wp-content\/uploads\/2024\/11\/PrevostinBeguines-1030x686.jpg 1030w, https:\/\/www.uvawines.gr\/wp-content\/uploads\/2024\/11\/PrevostinBeguines-300x200.jpg 300w, https:\/\/www.uvawines.gr\/wp-content\/uploads\/2024\/11\/PrevostinBeguines-768x512.jpg 768w, https:\/\/www.uvawines.gr\/wp-content\/uploads\/2024\/11\/PrevostinBeguines-1536x1024.jpg 1536w, https:\/\/www.uvawines.gr\/wp-content\/uploads\/2024\/11\/PrevostinBeguines-1500x1000.jpg 1500w, https:\/\/www.uvawines.gr\/wp-content\/uploads\/2024\/11\/PrevostinBeguines-705x470.jpg 705w, https:\/\/www.uvawines.gr\/wp-content\/uploads\/2024\/11\/PrevostinBeguines.jpg 2000w\" data-sizes=\"(max-width: 1030px) 100vw, 1030px\"  aria-label=\"image PrevostinBeguines\"  id='av-masonry-1-item-2535' data-av-masonry-item='2535' class='av-masonry-entry isotope-item post-2535 attachment type-attachment status-inherit hentry  av-masonry-item-with-image av-grid-img' title=\"PrevostinBeguines\" alt=\"\"    itemprop=\"thumbnailUrl\" ><div class='av-inner-masonry-sizer'><\/div><figure class='av-inner-masonry main_color'><div class=\"av-masonry-outerimage-container\"><div class='av-masonry-image-container' style=\"background-image: url(https:\/\/www.uvawines.gr\/wp-content\/uploads\/2024\/11\/PrevostinBeguines-705x470.jpg);\"  title=\"PrevostinBeguines\" ><\/div><\/div><\/figure><\/a><!--end av-masonry entry--><a href=\"https:\/\/www.uvawines.gr\/wp-content\/uploads\/2024\/11\/Champagne_La_Closerie2-1030x695.jpg\" data-srcset=\"https:\/\/www.uvawines.gr\/wp-content\/uploads\/2024\/11\/Champagne_La_Closerie2-1030x695.jpg 1030w, https:\/\/www.uvawines.gr\/wp-content\/uploads\/2024\/11\/Champagne_La_Closerie2-300x203.jpg 300w, https:\/\/www.uvawines.gr\/wp-content\/uploads\/2024\/11\/Champagne_La_Closerie2-768x518.jpg 768w, https:\/\/www.uvawines.gr\/wp-content\/uploads\/2024\/11\/Champagne_La_Closerie2-1536x1037.jpg 1536w, https:\/\/www.uvawines.gr\/wp-content\/uploads\/2024\/11\/Champagne_La_Closerie2-1500x1013.jpg 1500w, https:\/\/www.uvawines.gr\/wp-content\/uploads\/2024\/11\/Champagne_La_Closerie2-705x476.jpg 705w, https:\/\/www.uvawines.gr\/wp-content\/uploads\/2024\/11\/Champagne_La_Closerie2.jpg 1920w\" data-sizes=\"(max-width: 1030px) 100vw, 1030px\"  aria-label=\"image Champagne_La_Closerie2\"  id='av-masonry-1-item-2537' data-av-masonry-item='2537' class='av-masonry-entry isotope-item post-2537 attachment type-attachment status-inherit hentry  av-masonry-item-with-image av-grid-img' title=\"Champagne_La_Closerie2\" alt=\"\"    itemprop=\"thumbnailUrl\" ><div class='av-inner-masonry-sizer'><\/div><figure class='av-inner-masonry main_color'><div class=\"av-masonry-outerimage-container\"><div class='av-masonry-image-container' style=\"background-image: url(https:\/\/www.uvawines.gr\/wp-content\/uploads\/2024\/11\/Champagne_La_Closerie2-705x476.jpg);\"  title=\"Champagne_La_Closerie2\" ><\/div><\/div><\/figure><\/a><!--end av-masonry entry--><a href=\"https:\/\/www.uvawines.gr\/wp-content\/uploads\/2024\/11\/Vine_Trail_Jerome_Prevost_La_Closerie-773x1030.jpg\" data-srcset=\"https:\/\/www.uvawines.gr\/wp-content\/uploads\/2024\/11\/Vine_Trail_Jerome_Prevost_La_Closerie-773x1030.jpg 773w, https:\/\/www.uvawines.gr\/wp-content\/uploads\/2024\/11\/Vine_Trail_Jerome_Prevost_La_Closerie-225x300.jpg 225w, https:\/\/www.uvawines.gr\/wp-content\/uploads\/2024\/11\/Vine_Trail_Jerome_Prevost_La_Closerie-768x1023.jpg 768w, https:\/\/www.uvawines.gr\/wp-content\/uploads\/2024\/11\/Vine_Trail_Jerome_Prevost_La_Closerie-529x705.jpg 529w, https:\/\/www.uvawines.gr\/wp-content\/uploads\/2024\/11\/Vine_Trail_Jerome_Prevost_La_Closerie.jpg 1120w\" data-sizes=\"(max-width: 773px) 100vw, 773px\"  aria-label=\"image Vine_Trail_Jerome_Prevost_La_Closerie\"  id='av-masonry-1-item-2539' data-av-masonry-item='2539' class='av-masonry-entry isotope-item post-2539 attachment type-attachment status-inherit hentry  av-masonry-item-with-image av-grid-img' title=\"Vine_Trail_Jerome_Prevost_La_Closerie\" alt=\"\"    itemprop=\"thumbnailUrl\" ><div class='av-inner-masonry-sizer'><\/div><figure class='av-inner-masonry main_color'><div class=\"av-masonry-outerimage-container\"><div class='av-masonry-image-container' style=\"background-image: url(https:\/\/www.uvawines.gr\/wp-content\/uploads\/2024\/11\/Vine_Trail_Jerome_Prevost_La_Closerie-529x705.jpg);\"  title=\"Vine_Trail_Jerome_Prevost_La_Closerie\" ><\/div><\/div><\/figure><\/a><!--end av-masonry entry--><a href=\"https:\/\/www.uvawines.gr\/wp-content\/uploads\/2024\/11\/Jerome-Prevost-La-Closerie.jpg\" data-srcset=\"https:\/\/www.uvawines.gr\/wp-content\/uploads\/2024\/11\/Jerome-Prevost-La-Closerie.jpg 725w, https:\/\/www.uvawines.gr\/wp-content\/uploads\/2024\/11\/Jerome-Prevost-La-Closerie-300x192.jpg 300w, https:\/\/www.uvawines.gr\/wp-content\/uploads\/2024\/11\/Jerome-Prevost-La-Closerie-705x452.jpg 705w\" data-sizes=\"(max-width: 725px) 100vw, 725px\"  aria-label=\"image Jerome-Prevost-La-Closerie\"  id='av-masonry-1-item-2541' data-av-masonry-item='2541' class='av-masonry-entry isotope-item post-2541 attachment type-attachment status-inherit hentry  av-masonry-item-with-image av-grid-img' title=\"Jerome-Prevost-La-Closerie\" alt=\"\"    itemprop=\"thumbnailUrl\" ><div class='av-inner-masonry-sizer'><\/div><figure class='av-inner-masonry main_color'><div class=\"av-masonry-outerimage-container\"><div class='av-masonry-image-container' style=\"background-image: url(https:\/\/www.uvawines.gr\/wp-content\/uploads\/2024\/11\/Jerome-Prevost-La-Closerie-705x452.jpg);\"  title=\"Jerome-Prevost-La-Closerie\" ><\/div><\/div><\/figure><\/a><!--end av-masonry entry--><a href=\"https:\/\/www.uvawines.gr\/wp-content\/uploads\/2024\/11\/Burgundy_2022.jpg\" data-srcset=\"https:\/\/www.uvawines.gr\/wp-content\/uploads\/2024\/11\/Burgundy_2022.jpg 704w, https:\/\/www.uvawines.gr\/wp-content\/uploads\/2024\/11\/Burgundy_2022-300x225.jpg 300w\" data-sizes=\"(max-width: 704px) 100vw, 704px\"  aria-label=\"image Burgundy_2022\"  id='av-masonry-1-item-2543' data-av-masonry-item='2543' class='av-masonry-entry isotope-item post-2543 attachment type-attachment status-inherit hentry  av-masonry-item-with-image av-grid-img' title=\"Burgundy_2022\" alt=\"\"    itemprop=\"thumbnailUrl\" ><div class='av-inner-masonry-sizer'><\/div><figure class='av-inner-masonry main_color'><div class=\"av-masonry-outerimage-container\"><div class='av-masonry-image-container' style=\"background-image: url(https:\/\/www.uvawines.gr\/wp-content\/uploads\/2024\/11\/Burgundy_2022.jpg);\"  title=\"Burgundy_2022\" ><\/div><\/div><\/figure><\/a><!--end av-masonry entry--><\/div><\/div><\/div><\/p>\n","protected":false},"excerpt":{"rendered":"","protected":false},"author":1,"featured_media":0,"parent":0,"menu_order":0,"comment_status":"closed","ping_status":"closed","template":"","meta":{"footnotes":""},"class_list":["post-2549","page","type-page","status-publish","hentry"],"yoast_head":"<!-- This site is optimized with the Yoast SEO plugin v23.3 - https:\/\/yoast.com\/wordpress\/plugins\/seo\/ -->\n<title>Jerome Prevost-La Closerie - Uva Wines<\/title>\n<meta name=\"robots\" content=\"index, follow, max-snippet:-1, max-image-preview:large, max-video-preview:-1\" \/>\n<link rel=\"canonical\" href=\"https:\/\/www.uvawines.gr\/en\/jerome-prevost-la-closerie\/\" \/>\n<meta property=\"og:locale\" content=\"en_US\" \/>\n<meta property=\"og:type\" content=\"article\" \/>\n<meta property=\"og:title\" content=\"Jerome Prevost-La Closerie - Uva Wines\" \/>\n<meta property=\"og:url\" content=\"https:\/\/www.uvawines.gr\/en\/jerome-prevost-la-closerie\/\" \/>\n<meta property=\"og:site_name\" content=\"Uva Wines\" \/>\n<meta property=\"article:modified_time\" content=\"2024-11-12T12:37:31+00:00\" \/>\n<meta name=\"twitter:card\" content=\"summary_large_image\" \/>\n<meta name=\"twitter:label1\" content=\"Est. reading time\" \/>\n\t<meta name=\"twitter:data1\" content=\"9 minutes\" \/>\n<script type=\"application\/ld+json\" class=\"yoast-schema-graph\">{\"@context\":\"https:\/\/schema.org\",\"@graph\":[{\"@type\":\"WebPage\",\"@id\":\"https:\/\/www.uvawines.gr\/en\/jerome-prevost-la-closerie\/\",\"url\":\"https:\/\/www.uvawines.gr\/en\/jerome-prevost-la-closerie\/\",\"name\":\"Jerome Prevost-La Closerie - Uva Wines\",\"isPartOf\":{\"@id\":\"https:\/\/www.uvawines.gr\/#website\"},\"datePublished\":\"2024-11-12T12:32:12+00:00\",\"dateModified\":\"2024-11-12T12:37:31+00:00\",\"breadcrumb\":{\"@id\":\"https:\/\/www.uvawines.gr\/en\/jerome-prevost-la-closerie\/#breadcrumb\"},\"inLanguage\":\"en-US\",\"potentialAction\":[{\"@type\":\"ReadAction\",\"target\":[\"https:\/\/www.uvawines.gr\/en\/jerome-prevost-la-closerie\/\"]}]},{\"@type\":\"BreadcrumbList\",\"@id\":\"https:\/\/www.uvawines.gr\/en\/jerome-prevost-la-closerie\/#breadcrumb\",\"itemListElement\":[{\"@type\":\"ListItem\",\"position\":1,\"name\":\"\u0391\u03c1\u03c7\u03b9\u03ba\u03ae\",\"item\":\"https:\/\/www.uvawines.gr\/en\/\"},{\"@type\":\"ListItem\",\"position\":2,\"name\":\"Jerome Prevost-La Closerie\"}]},{\"@type\":\"WebSite\",\"@id\":\"https:\/\/www.uvawines.gr\/#website\",\"url\":\"https:\/\/www.uvawines.gr\/\",\"name\":\"Uva Wines\",\"description\":\"\",\"potentialAction\":[{\"@type\":\"SearchAction\",\"target\":{\"@type\":\"EntryPoint\",\"urlTemplate\":\"https:\/\/www.uvawines.gr\/?s={search_term_string}\"},\"query-input\":\"required name=search_term_string\"}],\"inLanguage\":\"en-US\"}]}<\/script>\n<!-- \/ Yoast SEO plugin. -->","yoast_head_json":{"title":"Jerome Prevost-La Closerie - Uva Wines","robots":{"index":"index","follow":"follow","max-snippet":"max-snippet:-1","max-image-preview":"max-image-preview:large","max-video-preview":"max-video-preview:-1"},"canonical":"https:\/\/www.uvawines.gr\/en\/jerome-prevost-la-closerie\/","og_locale":"en_US","og_type":"article","og_title":"Jerome Prevost-La Closerie - Uva Wines","og_url":"https:\/\/www.uvawines.gr\/en\/jerome-prevost-la-closerie\/","og_site_name":"Uva Wines","article_modified_time":"2024-11-12T12:37:31+00:00","twitter_card":"summary_large_image","twitter_misc":{"Est. reading time":"9 minutes"},"schema":{"@context":"https:\/\/schema.org","@graph":[{"@type":"WebPage","@id":"https:\/\/www.uvawines.gr\/en\/jerome-prevost-la-closerie\/","url":"https:\/\/www.uvawines.gr\/en\/jerome-prevost-la-closerie\/","name":"Jerome Prevost-La Closerie - Uva Wines","isPartOf":{"@id":"https:\/\/www.uvawines.gr\/#website"},"datePublished":"2024-11-12T12:32:12+00:00","dateModified":"2024-11-12T12:37:31+00:00","breadcrumb":{"@id":"https:\/\/www.uvawines.gr\/en\/jerome-prevost-la-closerie\/#breadcrumb"},"inLanguage":"en-US","potentialAction":[{"@type":"ReadAction","target":["https:\/\/www.uvawines.gr\/en\/jerome-prevost-la-closerie\/"]}]},{"@type":"BreadcrumbList","@id":"https:\/\/www.uvawines.gr\/en\/jerome-prevost-la-closerie\/#breadcrumb","itemListElement":[{"@type":"ListItem","position":1,"name":"\u0391\u03c1\u03c7\u03b9\u03ba\u03ae","item":"https:\/\/www.uvawines.gr\/en\/"},{"@type":"ListItem","position":2,"name":"Jerome Prevost-La Closerie"}]},{"@type":"WebSite","@id":"https:\/\/www.uvawines.gr\/#website","url":"https:\/\/www.uvawines.gr\/","name":"Uva Wines","description":"","potentialAction":[{"@type":"SearchAction","target":{"@type":"EntryPoint","urlTemplate":"https:\/\/www.uvawines.gr\/?s={search_term_string}"},"query-input":"required name=search_term_string"}],"inLanguage":"en-US"}]}},"_links":{"self":[{"href":"https:\/\/www.uvawines.gr\/en\/wp-json\/wp\/v2\/pages\/2549","targetHints":{"allow":["GET"]}}],"collection":[{"href":"https:\/\/www.uvawines.gr\/en\/wp-json\/wp\/v2\/pages"}],"about":[{"href":"https:\/\/www.uvawines.gr\/en\/wp-json\/wp\/v2\/types\/page"}],"author":[{"embeddable":true,"href":"https:\/\/www.uvawines.gr\/en\/wp-json\/wp\/v2\/users\/1"}],"replies":[{"embeddable":true,"href":"https:\/\/www.uvawines.gr\/en\/wp-json\/wp\/v2\/comments?post=2549"}],"version-history":[{"count":2,"href":"https:\/\/www.uvawines.gr\/en\/wp-json\/wp\/v2\/pages\/2549\/revisions"}],"predecessor-version":[{"id":2552,"href":"https:\/\/www.uvawines.gr\/en\/wp-json\/wp\/v2\/pages\/2549\/revisions\/2552"}],"wp:attachment":[{"href":"https:\/\/www.uvawines.gr\/en\/wp-json\/wp\/v2\/media?parent=2549"}],"curies":[{"name":"wp","href":"https:\/\/api.w.org\/{rel}","templated":true}]}}