{"id":3013,"date":"2025-09-08T15:24:49","date_gmt":"2025-09-08T12:24:49","guid":{"rendered":"https:\/\/www.uvawines.gr\/nicole-lamarche\/"},"modified":"2025-09-12T14:01:36","modified_gmt":"2025-09-12T11:01:36","slug":"nicole-lamarche","status":"publish","type":"page","link":"https:\/\/www.uvawines.gr\/en\/nicole-lamarche\/","title":{"rendered":"NICOLE LAMARCHE"},"content":{"rendered":"<div id='full_slider_1'  class='avia-fullwidth-slider main_color avia-shadow   avia-builder-el-0  el_before_av_one_full  avia-builder-el-first   container_wrap sidebar_right'  ><div  class='avia-slideshow av-mbth7tcm-f8b46f599426d4c52cab740ca1e50661 avia-slideshow-no scaling av_slideshow_full avia-slide-slider av-slideshow-ui av-control-default av-slideshow-manual av-loop-once av-loop-manual-endless av-default-height-applied   avia-slideshow-1' data-slideshow-options=\"{&quot;animation&quot;:&quot;slide&quot;,&quot;autoplay&quot;:false,&quot;loop_autoplay&quot;:&quot;once&quot;,&quot;interval&quot;:5,&quot;loop_manual&quot;:&quot;manual-endless&quot;,&quot;autoplay_stopper&quot;:false,&quot;noNavigation&quot;:false,&quot;bg_slider&quot;:false,&quot;keep_padding&quot;:false,&quot;hoverpause&quot;:false,&quot;show_slide_delay&quot;:0}\"  itemprop=\"image\" itemscope=\"itemscope\" itemtype=\"https:\/\/schema.org\/ImageObject\" ><ul class='avia-slideshow-inner ' style='padding-bottom: 26.315789473684%;'><li  class='avia-slideshow-slide av-mbth7tcm-f8b46f599426d4c52cab740ca1e50661__0  av-single-slide slide-1 slide-odd'><div data-rel='slideshow-1' class='avia-slide-wrap '   ><img decoding=\"async\" fetchpriority=\"high\" class=\"wp-image-2994 avia-img-lazy-loading-not-2994\"  src=\"https:\/\/www.uvawines.gr\/wp-content\/uploads\/2025\/09\/NICOLE-LAMARCHE-8.jpg\" width=\"1900\" height=\"500\" title='NICOLE LAMARCHE 8' alt=''  itemprop=\"thumbnailUrl\" srcset=\"https:\/\/www.uvawines.gr\/wp-content\/uploads\/2025\/09\/NICOLE-LAMARCHE-8.jpg 1900w, https:\/\/www.uvawines.gr\/wp-content\/uploads\/2025\/09\/NICOLE-LAMARCHE-8-300x79.jpg 300w, https:\/\/www.uvawines.gr\/wp-content\/uploads\/2025\/09\/NICOLE-LAMARCHE-8-1030x271.jpg 1030w, https:\/\/www.uvawines.gr\/wp-content\/uploads\/2025\/09\/NICOLE-LAMARCHE-8-768x202.jpg 768w, https:\/\/www.uvawines.gr\/wp-content\/uploads\/2025\/09\/NICOLE-LAMARCHE-8-1536x404.jpg 1536w, https:\/\/www.uvawines.gr\/wp-content\/uploads\/2025\/09\/NICOLE-LAMARCHE-8-1500x395.jpg 1500w, https:\/\/www.uvawines.gr\/wp-content\/uploads\/2025\/09\/NICOLE-LAMARCHE-8-705x186.jpg 705w\" sizes=\"(max-width: 1900px) 100vw, 1900px\" \/><\/div><\/li><\/ul><\/div><\/div><div id='after_full_slider_1'  class='main_color av_default_container_wrap container_wrap sidebar_right'  ><div class='container av-section-cont-open' ><div class='template-page content  av-content-small alpha units'><div class='post-entry post-entry-type-page post-entry-3013'><div class='entry-content-wrapper clearfix'>\n<div  class='flex_column av-46j2zq-5c9454f8dc86b5fccdb26585b2b47807 av_one_full  avia-builder-el-1  el_after_av_slideshow_full  el_before_av_one_full  avia-builder-el-first  first flex_column_div  '     ><p><div  class='avia-logo-element-container av-mbth27ug-ac220cae1bbdfe4fe6249f8d4797d344 av-border-deactivate avia-logo-slider avia-content-slider avia-smallarrow-slider avia-content-slider-active noHover avia-content-slider-odd  avia-builder-el-2  el_before_av_textblock  avia-builder-el-first  av-slideshow-ui av-control-hidden av-nav-arrows-visible av-nav-dots-visible av-no-slider-navigation av-hide-nav-arrows av-slideshow-manual av-loop-once av-loop-manual-endless avia-content-slider1' data-slideshow-options=\"{&quot;animation&quot;:&quot;slide&quot;,&quot;autoplay&quot;:false,&quot;loop_autoplay&quot;:&quot;once&quot;,&quot;interval&quot;:5,&quot;loop_manual&quot;:&quot;manual-endless&quot;,&quot;autoplay_stopper&quot;:false,&quot;noNavigation&quot;:true,&quot;bg_slider&quot;:false,&quot;keep_padding&quot;:&quot;&quot;,&quot;hoverpause&quot;:false,&quot;show_slide_delay&quot;:0}\"><div class='avia-smallarrow-slider-heading  no-logo-slider-heading '><\/div><div class=\"avia-content-slider-inner\"><div class=\"slide-entry-wrap\"><div  class='slide-entry av-2kjwa9-23f1488ccf63e3e350d53a2827f30a69 flex_column no_margin av_fullwidth real-thumbnail post-entry slide-entry-overview slide-loop-1 slide-parity-odd post-entry-last first'><img decoding=\"async\" fetchpriority=\"high\" width=\"250\" height=\"250\" src=\"https:\/\/www.uvawines.gr\/wp-content\/uploads\/2025\/09\/domaine_lamarche.png\" class=\"wp-image-3003 avia-img-lazy-loading-not-3003 attachment-no scaling size-no scaling\" alt=\"\" srcset=\"https:\/\/www.uvawines.gr\/wp-content\/uploads\/2025\/09\/domaine_lamarche.png 250w, https:\/\/www.uvawines.gr\/wp-content\/uploads\/2025\/09\/domaine_lamarche-80x80.png 80w, https:\/\/www.uvawines.gr\/wp-content\/uploads\/2025\/09\/domaine_lamarche-36x36.png 36w, https:\/\/www.uvawines.gr\/wp-content\/uploads\/2025\/09\/domaine_lamarche-180x180.png 180w\" sizes=\"(max-width: 250px) 100vw, 250px\" \/><\/div><\/div><\/div><\/div><br \/>\n<section  class='av_textblock_section av-mbtgxhc1-b04fdc4f5e56d9b9bc74dff6baac8566 '   itemscope=\"itemscope\" itemtype=\"https:\/\/schema.org\/CreativeWork\" ><div class='avia_textblock'  itemprop=\"text\" ><p><span style=\"font-weight: 400;\">Domaine Fran\u00e7ois Lamarche \u2014 now led by Nicole Lamarche \u2014 is firmly established as one of the iconic names of Vosne-Roman\u00e9e<\/span><b>.<\/b><span style=\"font-weight: 400;\"> The estate\u2019s holdings are extraordinary, with parcels bordering the legendary monopoles of La T\u00e2che and La Roman\u00e9e-Conti, as well as prized vines in Clos de Vougeot, Ech\u00e9zeaux, and Grands Ech\u00e9zeaux. Nicole has elevated the domaine with a philosophy that marries precision with sensitivity, carrying forward her father\u2019s legacy while imprinting her own thoughtful style.<\/span><\/p>\n<p><span style=\"font-weight: 400;\">Every cluster is hand-picked and meticulously sorted, ensuring that only the finest fruit reaches the cellar. Over the years, Nicole has refined the estate\u2019s winemaking, steadily reducing the proportion of new oak to highlight purity of fruit and. The results are Pinot Noirs of striking fragrance, elegance, and finesse, consistently praised for their ability to combine power with delicacy.<\/span><\/p>\n<p><span style=\"font-weight: 400;\">The vision of Nicole is clear: &#8220;A great wine must be able to be drunk young as well as old. What is good today will remain so tomorrow.&#8221; She refuses heavy extractions or supported rearing. Less new drums, more precision in extractions,<\/span><\/p>\n<p><span style=\"font-weight: 400;\">Today, Lamarche stands as a benchmark in Vosne-Roman\u00e9e: an estate where history, artistry, and some of Burgundy\u2019s most desired terroirs converge in wines of enduring beauty.<\/span><\/p>\n<\/div><\/section><\/p><\/div><div  class='flex_column av-2ps2sm-91d5edc348c547834c06244bf33eba38 av_one_full  avia-builder-el-4  el_after_av_one_full  avia-builder-el-last  first flex_column_div  column-top-margin'     ><div id='av-masonry-1' class='av-masonry av-mbth9bpw-07b50f4fd60e2596741cd599123d8d36 noHover av-fixed-size av-1px-gap av-hover-overlay- av-masonry-animation-active av-masonry-col-3 av-caption-always av-caption-style- av-masonry-gallery ' data-post_id=\"3013\"><div class=\"av-masonry-container isotope av-js-disabled\"><div class='av-masonry-entry isotope-item av-masonry-item-no-image '><\/div><a href=\"https:\/\/www.uvawines.gr\/wp-content\/uploads\/2025\/09\/NICOLE-LAMARCHE-1.jpg\" data-srcset=\"https:\/\/www.uvawines.gr\/wp-content\/uploads\/2025\/09\/NICOLE-LAMARCHE-1.jpg 800w, https:\/\/www.uvawines.gr\/wp-content\/uploads\/2025\/09\/NICOLE-LAMARCHE-1-300x194.jpg 300w, https:\/\/www.uvawines.gr\/wp-content\/uploads\/2025\/09\/NICOLE-LAMARCHE-1-768x496.jpg 768w, https:\/\/www.uvawines.gr\/wp-content\/uploads\/2025\/09\/NICOLE-LAMARCHE-1-705x456.jpg 705w\" data-sizes=\"(max-width: 800px) 100vw, 800px\"  aria-label=\"image NICOLE LAMARCHE 1\"  id='av-masonry-1-item-2979' data-av-masonry-item='2979' class='av-masonry-entry isotope-item post-2979 attachment type-attachment status-inherit hentry  av-masonry-item-with-image av-grid-img' title=\"NICOLE LAMARCHE 1\" alt=\"\"    itemprop=\"thumbnailUrl\" ><div class='av-inner-masonry-sizer'><\/div><figure class='av-inner-masonry main_color'><div class=\"av-masonry-outerimage-container\"><div class='av-masonry-image-container' style=\"background-image: url(https:\/\/www.uvawines.gr\/wp-content\/uploads\/2025\/09\/NICOLE-LAMARCHE-1-705x456.jpg);\"  title=\"NICOLE LAMARCHE 1\" ><\/div><\/div><\/figure><\/a><!--end av-masonry entry--><a href=\"https:\/\/www.uvawines.gr\/wp-content\/uploads\/2025\/09\/NICOLE-LAMARCHE-4.jpg\" data-srcset=\"https:\/\/www.uvawines.gr\/wp-content\/uploads\/2025\/09\/NICOLE-LAMARCHE-4.jpg 1000w, https:\/\/www.uvawines.gr\/wp-content\/uploads\/2025\/09\/NICOLE-LAMARCHE-4-300x150.jpg 300w, https:\/\/www.uvawines.gr\/wp-content\/uploads\/2025\/09\/NICOLE-LAMARCHE-4-768x384.jpg 768w, https:\/\/www.uvawines.gr\/wp-content\/uploads\/2025\/09\/NICOLE-LAMARCHE-4-705x353.jpg 705w\" data-sizes=\"(max-width: 1000px) 100vw, 1000px\"  aria-label=\"image NICOLE LAMARCHE 4\"  id='av-masonry-1-item-2985' data-av-masonry-item='2985' class='av-masonry-entry isotope-item post-2985 attachment type-attachment status-inherit hentry  av-masonry-item-with-image av-landscape-img' title=\"NICOLE LAMARCHE 4\" alt=\"\"    itemprop=\"thumbnailUrl\" ><div class='av-inner-masonry-sizer'><\/div><figure class='av-inner-masonry main_color'><div class=\"av-masonry-outerimage-container\"><div class='av-masonry-image-container' style=\"background-image: url(https:\/\/www.uvawines.gr\/wp-content\/uploads\/2025\/09\/NICOLE-LAMARCHE-4-705x353.jpg);\"  title=\"NICOLE LAMARCHE 4\" ><\/div><\/div><\/figure><\/a><!--end av-masonry entry--><a href=\"https:\/\/www.uvawines.gr\/wp-content\/uploads\/2025\/09\/NICOLE-LAMARCHE-7.jpg\" data-srcset=\"https:\/\/www.uvawines.gr\/wp-content\/uploads\/2025\/09\/NICOLE-LAMARCHE-7.jpg 385w, https:\/\/www.uvawines.gr\/wp-content\/uploads\/2025\/09\/NICOLE-LAMARCHE-7-300x300.jpg 300w, https:\/\/www.uvawines.gr\/wp-content\/uploads\/2025\/09\/NICOLE-LAMARCHE-7-80x80.jpg 80w, https:\/\/www.uvawines.gr\/wp-content\/uploads\/2025\/09\/NICOLE-LAMARCHE-7-36x36.jpg 36w, https:\/\/www.uvawines.gr\/wp-content\/uploads\/2025\/09\/NICOLE-LAMARCHE-7-180x180.jpg 180w\" data-sizes=\"(max-width: 385px) 100vw, 385px\"  aria-label=\"image NICOLE LAMARCHE 7\"  id='av-masonry-1-item-2981' data-av-masonry-item='2981' class='av-masonry-entry isotope-item post-2981 attachment type-attachment status-inherit hentry  av-masonry-item-with-image av-grid-img' title=\"NICOLE LAMARCHE 7\" alt=\"\"    itemprop=\"thumbnailUrl\" ><div class='av-inner-masonry-sizer'><\/div><figure class='av-inner-masonry main_color'><div class=\"av-masonry-outerimage-container\"><div class='av-masonry-image-container' style=\"background-image: url(https:\/\/www.uvawines.gr\/wp-content\/uploads\/2025\/09\/NICOLE-LAMARCHE-7.jpg);\"  title=\"NICOLE LAMARCHE 7\" ><\/div><\/div><\/figure><\/a><!--end av-masonry entry--><a href=\"https:\/\/www.uvawines.gr\/wp-content\/uploads\/2025\/09\/NICOLE-LAMARCHE-3-1030x725.webp\" data-srcset=\"https:\/\/www.uvawines.gr\/wp-content\/uploads\/2025\/09\/NICOLE-LAMARCHE-3-1030x725.webp 1030w, https:\/\/www.uvawines.gr\/wp-content\/uploads\/2025\/09\/NICOLE-LAMARCHE-3-300x211.webp 300w, https:\/\/www.uvawines.gr\/wp-content\/uploads\/2025\/09\/NICOLE-LAMARCHE-3-768x541.webp 768w, https:\/\/www.uvawines.gr\/wp-content\/uploads\/2025\/09\/NICOLE-LAMARCHE-3-705x496.webp 705w, https:\/\/www.uvawines.gr\/wp-content\/uploads\/2025\/09\/NICOLE-LAMARCHE-3.webp 1480w\" data-sizes=\"(max-width: 1030px) 100vw, 1030px\"  aria-label=\"image NICOLE LAMARCHE 3\"  id='av-masonry-1-item-2987' data-av-masonry-item='2987' class='av-masonry-entry isotope-item post-2987 attachment type-attachment status-inherit hentry  av-masonry-item-with-image av-grid-img' title=\"NICOLE LAMARCHE 3\" alt=\"\"    itemprop=\"thumbnailUrl\" ><div class='av-inner-masonry-sizer'><\/div><figure class='av-inner-masonry main_color'><div class=\"av-masonry-outerimage-container\"><div class='av-masonry-image-container' style=\"background-image: url(https:\/\/www.uvawines.gr\/wp-content\/uploads\/2025\/09\/NICOLE-LAMARCHE-3-705x496.webp);\"  title=\"NICOLE LAMARCHE 3\" ><\/div><\/div><\/figure><\/a><!--end av-masonry entry--><a href=\"https:\/\/www.uvawines.gr\/wp-content\/uploads\/2025\/09\/NICOLE-LAMARCHE-2.jpg\" data-srcset=\"https:\/\/www.uvawines.gr\/wp-content\/uploads\/2025\/09\/NICOLE-LAMARCHE-2.jpg 400w, https:\/\/www.uvawines.gr\/wp-content\/uploads\/2025\/09\/NICOLE-LAMARCHE-2-300x225.jpg 300w\" data-sizes=\"(max-width: 400px) 100vw, 400px\"  aria-label=\"image NICOLE LAMARCHE 2\"  id='av-masonry-1-item-2989' data-av-masonry-item='2989' class='av-masonry-entry isotope-item post-2989 attachment type-attachment status-inherit hentry  av-masonry-item-with-image av-grid-img' title=\"NICOLE LAMARCHE 2\" alt=\"\"    itemprop=\"thumbnailUrl\" ><div class='av-inner-masonry-sizer'><\/div><figure class='av-inner-masonry main_color'><div class=\"av-masonry-outerimage-container\"><div class='av-masonry-image-container' style=\"background-image: url(https:\/\/www.uvawines.gr\/wp-content\/uploads\/2025\/09\/NICOLE-LAMARCHE-2.jpg);\"  title=\"NICOLE LAMARCHE 2\" ><\/div><\/div><\/figure><\/a><!--end av-masonry entry--><a href=\"https:\/\/www.uvawines.gr\/wp-content\/uploads\/2025\/09\/NICOLE-LAMARCHE-5.jpg\" data-srcset=\"https:\/\/www.uvawines.gr\/wp-content\/uploads\/2025\/09\/NICOLE-LAMARCHE-5.jpg 1024w, https:\/\/www.uvawines.gr\/wp-content\/uploads\/2025\/09\/NICOLE-LAMARCHE-5-300x194.jpg 300w, https:\/\/www.uvawines.gr\/wp-content\/uploads\/2025\/09\/NICOLE-LAMARCHE-5-768x496.jpg 768w, https:\/\/www.uvawines.gr\/wp-content\/uploads\/2025\/09\/NICOLE-LAMARCHE-5-705x455.jpg 705w\" data-sizes=\"(max-width: 1024px) 100vw, 1024px\"  aria-label=\"image NICOLE LAMARCHE 5\"  id='av-masonry-1-item-2983' data-av-masonry-item='2983' class='av-masonry-entry isotope-item post-2983 attachment type-attachment status-inherit hentry  av-masonry-item-with-image av-grid-img' title=\"NICOLE LAMARCHE 5\" alt=\"\"    itemprop=\"thumbnailUrl\" ><div class='av-inner-masonry-sizer'><\/div><figure class='av-inner-masonry main_color'><div class=\"av-masonry-outerimage-container\"><div class='av-masonry-image-container' style=\"background-image: url(https:\/\/www.uvawines.gr\/wp-content\/uploads\/2025\/09\/NICOLE-LAMARCHE-5-705x455.jpg);\"  title=\"NICOLE LAMARCHE 5\" ><\/div><\/div><\/figure><\/a><!--end av-masonry entry--><\/div><\/div><\/div><\/p>\n","protected":false},"excerpt":{"rendered":"","protected":false},"author":1,"featured_media":0,"parent":0,"menu_order":0,"comment_status":"closed","ping_status":"closed","template":"","meta":{"footnotes":""},"class_list":["post-3013","page","type-page","status-publish","hentry"],"yoast_head":"<!-- This site is optimized with the Yoast SEO plugin v23.3 - https:\/\/yoast.com\/wordpress\/plugins\/seo\/ -->\n<title>NICOLE LAMARCHE - Uva Wines<\/title>\n<meta name=\"robots\" content=\"index, follow, max-snippet:-1, max-image-preview:large, max-video-preview:-1\" \/>\n<link rel=\"canonical\" href=\"https:\/\/www.uvawines.gr\/en\/nicole-lamarche\/\" \/>\n<meta property=\"og:locale\" content=\"en_US\" \/>\n<meta property=\"og:type\" content=\"article\" \/>\n<meta property=\"og:title\" content=\"NICOLE LAMARCHE - Uva Wines\" \/>\n<meta property=\"og:url\" content=\"https:\/\/www.uvawines.gr\/en\/nicole-lamarche\/\" \/>\n<meta property=\"og:site_name\" content=\"Uva Wines\" \/>\n<meta property=\"article:modified_time\" content=\"2025-09-12T11:01:36+00:00\" \/>\n<meta name=\"twitter:card\" content=\"summary_large_image\" \/>\n<meta name=\"twitter:label1\" content=\"Est. reading time\" \/>\n\t<meta name=\"twitter:data1\" content=\"2 minutes\" \/>\n<script type=\"application\/ld+json\" class=\"yoast-schema-graph\">{\"@context\":\"https:\/\/schema.org\",\"@graph\":[{\"@type\":\"WebPage\",\"@id\":\"https:\/\/www.uvawines.gr\/en\/nicole-lamarche\/\",\"url\":\"https:\/\/www.uvawines.gr\/en\/nicole-lamarche\/\",\"name\":\"NICOLE LAMARCHE - Uva Wines\",\"isPartOf\":{\"@id\":\"https:\/\/www.uvawines.gr\/#website\"},\"datePublished\":\"2025-09-08T12:24:49+00:00\",\"dateModified\":\"2025-09-12T11:01:36+00:00\",\"breadcrumb\":{\"@id\":\"https:\/\/www.uvawines.gr\/en\/nicole-lamarche\/#breadcrumb\"},\"inLanguage\":\"en-US\",\"potentialAction\":[{\"@type\":\"ReadAction\",\"target\":[\"https:\/\/www.uvawines.gr\/en\/nicole-lamarche\/\"]}]},{\"@type\":\"BreadcrumbList\",\"@id\":\"https:\/\/www.uvawines.gr\/en\/nicole-lamarche\/#breadcrumb\",\"itemListElement\":[{\"@type\":\"ListItem\",\"position\":1,\"name\":\"\u0391\u03c1\u03c7\u03b9\u03ba\u03ae\",\"item\":\"https:\/\/www.uvawines.gr\/en\/\"},{\"@type\":\"ListItem\",\"position\":2,\"name\":\"NICOLE LAMARCHE\"}]},{\"@type\":\"WebSite\",\"@id\":\"https:\/\/www.uvawines.gr\/#website\",\"url\":\"https:\/\/www.uvawines.gr\/\",\"name\":\"Uva Wines\",\"description\":\"\",\"potentialAction\":[{\"@type\":\"SearchAction\",\"target\":{\"@type\":\"EntryPoint\",\"urlTemplate\":\"https:\/\/www.uvawines.gr\/?s={search_term_string}\"},\"query-input\":\"required name=search_term_string\"}],\"inLanguage\":\"en-US\"}]}<\/script>\n<!-- \/ Yoast SEO plugin. -->","yoast_head_json":{"title":"NICOLE LAMARCHE - Uva Wines","robots":{"index":"index","follow":"follow","max-snippet":"max-snippet:-1","max-image-preview":"max-image-preview:large","max-video-preview":"max-video-preview:-1"},"canonical":"https:\/\/www.uvawines.gr\/en\/nicole-lamarche\/","og_locale":"en_US","og_type":"article","og_title":"NICOLE LAMARCHE - Uva Wines","og_url":"https:\/\/www.uvawines.gr\/en\/nicole-lamarche\/","og_site_name":"Uva Wines","article_modified_time":"2025-09-12T11:01:36+00:00","twitter_card":"summary_large_image","twitter_misc":{"Est. reading time":"2 minutes"},"schema":{"@context":"https:\/\/schema.org","@graph":[{"@type":"WebPage","@id":"https:\/\/www.uvawines.gr\/en\/nicole-lamarche\/","url":"https:\/\/www.uvawines.gr\/en\/nicole-lamarche\/","name":"NICOLE LAMARCHE - Uva Wines","isPartOf":{"@id":"https:\/\/www.uvawines.gr\/#website"},"datePublished":"2025-09-08T12:24:49+00:00","dateModified":"2025-09-12T11:01:36+00:00","breadcrumb":{"@id":"https:\/\/www.uvawines.gr\/en\/nicole-lamarche\/#breadcrumb"},"inLanguage":"en-US","potentialAction":[{"@type":"ReadAction","target":["https:\/\/www.uvawines.gr\/en\/nicole-lamarche\/"]}]},{"@type":"BreadcrumbList","@id":"https:\/\/www.uvawines.gr\/en\/nicole-lamarche\/#breadcrumb","itemListElement":[{"@type":"ListItem","position":1,"name":"\u0391\u03c1\u03c7\u03b9\u03ba\u03ae","item":"https:\/\/www.uvawines.gr\/en\/"},{"@type":"ListItem","position":2,"name":"NICOLE LAMARCHE"}]},{"@type":"WebSite","@id":"https:\/\/www.uvawines.gr\/#website","url":"https:\/\/www.uvawines.gr\/","name":"Uva Wines","description":"","potentialAction":[{"@type":"SearchAction","target":{"@type":"EntryPoint","urlTemplate":"https:\/\/www.uvawines.gr\/?s={search_term_string}"},"query-input":"required name=search_term_string"}],"inLanguage":"en-US"}]}},"_links":{"self":[{"href":"https:\/\/www.uvawines.gr\/en\/wp-json\/wp\/v2\/pages\/3013","targetHints":{"allow":["GET"]}}],"collection":[{"href":"https:\/\/www.uvawines.gr\/en\/wp-json\/wp\/v2\/pages"}],"about":[{"href":"https:\/\/www.uvawines.gr\/en\/wp-json\/wp\/v2\/types\/page"}],"author":[{"embeddable":true,"href":"https:\/\/www.uvawines.gr\/en\/wp-json\/wp\/v2\/users\/1"}],"replies":[{"embeddable":true,"href":"https:\/\/www.uvawines.gr\/en\/wp-json\/wp\/v2\/comments?post=3013"}],"version-history":[{"count":5,"href":"https:\/\/www.uvawines.gr\/en\/wp-json\/wp\/v2\/pages\/3013\/revisions"}],"predecessor-version":[{"id":3087,"href":"https:\/\/www.uvawines.gr\/en\/wp-json\/wp\/v2\/pages\/3013\/revisions\/3087"}],"wp:attachment":[{"href":"https:\/\/www.uvawines.gr\/en\/wp-json\/wp\/v2\/media?parent=3013"}],"curies":[{"name":"wp","href":"https:\/\/api.w.org\/{rel}","templated":true}]}}