{"id":3195,"date":"2025-11-13T12:34:29","date_gmt":"2025-11-13T09:34:29","guid":{"rendered":"https:\/\/www.uvawines.gr\/pierre-guillemot\/"},"modified":"2025-11-13T12:44:50","modified_gmt":"2025-11-13T09:44:50","slug":"pierre-guillemot","status":"publish","type":"page","link":"https:\/\/www.uvawines.gr\/en\/pierre-guillemot\/","title":{"rendered":"Pierre Guillemot"},"content":{"rendered":"<div id='full_slider_1'  class='avia-fullwidth-slider main_color avia-shadow   avia-builder-el-0  el_before_av_one_full  avia-builder-el-first   container_wrap sidebar_right'  ><div  class='avia-slideshow av-mbth7tcm-f8b46f599426d4c52cab740ca1e50661 avia-slideshow-no scaling av_slideshow_full avia-slide-slider av-slideshow-ui av-control-default av-slideshow-manual av-loop-once av-loop-manual-endless av-default-height-applied   avia-slideshow-1' data-slideshow-options=\"{&quot;animation&quot;:&quot;slide&quot;,&quot;autoplay&quot;:false,&quot;loop_autoplay&quot;:&quot;once&quot;,&quot;interval&quot;:5,&quot;loop_manual&quot;:&quot;manual-endless&quot;,&quot;autoplay_stopper&quot;:false,&quot;noNavigation&quot;:false,&quot;bg_slider&quot;:false,&quot;keep_padding&quot;:false,&quot;hoverpause&quot;:false,&quot;show_slide_delay&quot;:0}\"  itemprop=\"image\" itemscope=\"itemscope\" itemtype=\"https:\/\/schema.org\/ImageObject\" ><ul class='avia-slideshow-inner ' style='padding-bottom: 26.315789473684%;'><li  class='avia-slideshow-slide av-mbth7tcm-f8b46f599426d4c52cab740ca1e50661__0  av-single-slide slide-1 slide-odd'><div data-rel='slideshow-1' class='avia-slide-wrap '   ><img decoding=\"async\" fetchpriority=\"high\" class=\"wp-image-3188 avia-img-lazy-loading-not-3188\"  src=\"https:\/\/www.uvawines.gr\/wp-content\/uploads\/2025\/11\/pierre-guillemot-2-1.jpg\" width=\"1900\" height=\"500\" title='pierre guillemot 2' alt=''  itemprop=\"thumbnailUrl\" srcset=\"https:\/\/www.uvawines.gr\/wp-content\/uploads\/2025\/11\/pierre-guillemot-2-1.jpg 1900w, https:\/\/www.uvawines.gr\/wp-content\/uploads\/2025\/11\/pierre-guillemot-2-1-300x79.jpg 300w, https:\/\/www.uvawines.gr\/wp-content\/uploads\/2025\/11\/pierre-guillemot-2-1-1030x271.jpg 1030w, https:\/\/www.uvawines.gr\/wp-content\/uploads\/2025\/11\/pierre-guillemot-2-1-768x202.jpg 768w, https:\/\/www.uvawines.gr\/wp-content\/uploads\/2025\/11\/pierre-guillemot-2-1-1536x404.jpg 1536w, https:\/\/www.uvawines.gr\/wp-content\/uploads\/2025\/11\/pierre-guillemot-2-1-1500x395.jpg 1500w, https:\/\/www.uvawines.gr\/wp-content\/uploads\/2025\/11\/pierre-guillemot-2-1-705x186.jpg 705w\" sizes=\"(max-width: 1900px) 100vw, 1900px\" \/><\/div><\/li><\/ul><\/div><\/div><div id='after_full_slider_1'  class='main_color av_default_container_wrap container_wrap sidebar_right'  ><div class='container av-section-cont-open' ><div class='template-page content  av-content-small alpha units'><div class='post-entry post-entry-type-page post-entry-3195'><div class='entry-content-wrapper clearfix'>\n<div  class='flex_column av-46j2zq-5c9454f8dc86b5fccdb26585b2b47807 av_one_full  avia-builder-el-1  el_after_av_slideshow_full  el_before_av_one_full  avia-builder-el-first  first flex_column_div  '     ><p><div  class='avia-logo-element-container av-mbth27ug-ac220cae1bbdfe4fe6249f8d4797d344 av-border-deactivate avia-logo-slider avia-content-slider avia-smallarrow-slider avia-content-slider-active noHover avia-content-slider-odd  avia-builder-el-2  el_before_av_textblock  avia-builder-el-first  av-slideshow-ui av-control-hidden av-nav-arrows-visible av-nav-dots-visible av-no-slider-navigation av-hide-nav-arrows av-slideshow-manual av-loop-once av-loop-manual-endless avia-content-slider1' data-slideshow-options=\"{&quot;animation&quot;:&quot;slide&quot;,&quot;autoplay&quot;:false,&quot;loop_autoplay&quot;:&quot;once&quot;,&quot;interval&quot;:5,&quot;loop_manual&quot;:&quot;manual-endless&quot;,&quot;autoplay_stopper&quot;:false,&quot;noNavigation&quot;:true,&quot;bg_slider&quot;:false,&quot;keep_padding&quot;:&quot;&quot;,&quot;hoverpause&quot;:false,&quot;show_slide_delay&quot;:0}\"><div class='avia-smallarrow-slider-heading  no-logo-slider-heading '><\/div><div class=\"avia-content-slider-inner\"><div class=\"slide-entry-wrap\"><div  class='slide-entry av-205dj1-b95cf59c008be728235a36de27a3a0ca flex_column no_margin av_fullwidth real-thumbnail post-entry slide-entry-overview slide-loop-1 slide-parity-odd post-entry-last first'><img decoding=\"async\" fetchpriority=\"high\" width=\"290\" height=\"300\" src=\"https:\/\/www.uvawines.gr\/wp-content\/uploads\/2025\/11\/Pierre-Guillemot_logo.png\" class=\"wp-image-3171 avia-img-lazy-loading-not-3171 attachment-no scaling size-no scaling\" alt=\"\" srcset=\"https:\/\/www.uvawines.gr\/wp-content\/uploads\/2025\/11\/Pierre-Guillemot_logo.png 290w, https:\/\/www.uvawines.gr\/wp-content\/uploads\/2025\/11\/Pierre-Guillemot_logo-36x36.png 36w\" sizes=\"(max-width: 290px) 100vw, 290px\" \/><\/div><\/div><\/div><\/div><br \/>\n<section  class='av_textblock_section av-mbtgxhc1-b04fdc4f5e56d9b9bc74dff6baac8566 '   itemscope=\"itemscope\" itemtype=\"https:\/\/schema.org\/CreativeWork\" ><div class='avia_textblock'  itemprop=\"text\" ><p>Domaine Pierre Guillemot is a family-run winery located in Savigny-l\u00e8s-Beaune, Burgundy, deeply rooted in the region&#8217;s winemaking tradition. The estate has been managed by the Guillemot family for eight generations, a testament to their expertise and dedication to producing quality wines. <\/p>\n<p>The estate comprises approximately 10 hectares of vineyards, primarily planted with Pinot Noir, but also producing a small quantity of white wines from Chardonnay and Pinot Blanc. The vines are situated mainly on prime plots within the Savigny-l\u00e8s-Beaune and Corton appellations. Among the most notable wines are the Savigny-l\u00e8s-Beaune Vieilles Vignes, as well as several Premier Crus such as &#8220;Aux Serpenti\u00e8res&#8221; and &#8220;Les Narbantons.&#8221; The wines produced by the estate are renowned for their finesse, balance, and exceptional aging potential.   <\/p>\n<p>The estate&#8217;s winemaking methods are traditional, with a deep respect for the terroir. The grapes are often harvested by hand, and vinification is carried out with minimal intervention, allowing the characteristics of the soil and climate to fully express themselves in the wine. The red wines are kept in barrel with 25 to 30 percent new wood for up to 15 months, then bottled the following February, unfiltered. These wines are prized for their complex structure, red fruit aromas, and aging potential.   <\/p>\n<p>The surprise in this cellar is how delicious and indeed age-worthy is their white Savigny, Dessus des Gollardes, which is 70 per cent Pinot Blanc (Gouges) and 30 per cent Chardonnay.<\/p>\n<p>In short, Domaine Pierre Guillemot embodies the essence of Burgundy, with wines that combine tradition with an authentic expression of the terroir.<\/p>\n<\/div><\/section><\/p><\/div><div  class='flex_column av-2ps2sm-91d5edc348c547834c06244bf33eba38 av_one_full  avia-builder-el-4  el_after_av_one_full  avia-builder-el-last  first flex_column_div  column-top-margin'     ><div id='av-masonry-1' class='av-masonry av-mbth9bpw-e564f73ee00edc02bc99b30b11b48661 noHover av-fixed-size av-1px-gap av-hover-overlay- av-masonry-animation-active av-masonry-col-3 av-caption-always av-caption-style- av-masonry-gallery ' data-post_id=\"3195\"><div class=\"av-masonry-container isotope av-js-disabled\"><div class='av-masonry-entry isotope-item av-masonry-item-no-image '><\/div><a href=\"https:\/\/www.uvawines.gr\/wp-content\/uploads\/2025\/11\/Vincent-Guillemot-2022-773x1030.jpg\" data-srcset=\"https:\/\/www.uvawines.gr\/wp-content\/uploads\/2025\/11\/Vincent-Guillemot-2022-773x1030.jpg 773w, https:\/\/www.uvawines.gr\/wp-content\/uploads\/2025\/11\/Vincent-Guillemot-2022-225x300.jpg 225w, https:\/\/www.uvawines.gr\/wp-content\/uploads\/2025\/11\/Vincent-Guillemot-2022-768x1024.jpg 768w, https:\/\/www.uvawines.gr\/wp-content\/uploads\/2025\/11\/Vincent-Guillemot-2022-1152x1536.jpg 1152w, https:\/\/www.uvawines.gr\/wp-content\/uploads\/2025\/11\/Vincent-Guillemot-2022-1125x1500.jpg 1125w, https:\/\/www.uvawines.gr\/wp-content\/uploads\/2025\/11\/Vincent-Guillemot-2022-529x705.jpg 529w, https:\/\/www.uvawines.gr\/wp-content\/uploads\/2025\/11\/Vincent-Guillemot-2022.jpg 1512w\" data-sizes=\"(max-width: 773px) 100vw, 773px\"  aria-label=\"image Vincent-Guillemot-2022\"  id='av-masonry-1-item-3183' data-av-masonry-item='3183' class='av-masonry-entry isotope-item post-3183 attachment type-attachment status-inherit hentry  av-masonry-item-with-image av-grid-img' title=\"Vincent-Guillemot-2022\" alt=\"\"    itemprop=\"thumbnailUrl\" ><div class='av-inner-masonry-sizer'><\/div><figure class='av-inner-masonry main_color'><div class=\"av-masonry-outerimage-container\"><div class='av-masonry-image-container' style=\"background-image: url(https:\/\/www.uvawines.gr\/wp-content\/uploads\/2025\/11\/Vincent-Guillemot-2022-529x705.jpg);\"  title=\"Vincent-Guillemot-2022\" ><\/div><\/div><\/figure><\/a><!--end av-masonry entry--><a href=\"https:\/\/www.uvawines.gr\/wp-content\/uploads\/2025\/11\/domaine-pierre-guillemot-1966-les-serpentieres-1030x687.webp\" data-srcset=\"https:\/\/www.uvawines.gr\/wp-content\/uploads\/2025\/11\/domaine-pierre-guillemot-1966-les-serpentieres-1030x687.webp 1030w, https:\/\/www.uvawines.gr\/wp-content\/uploads\/2025\/11\/domaine-pierre-guillemot-1966-les-serpentieres-300x200.webp 300w, https:\/\/www.uvawines.gr\/wp-content\/uploads\/2025\/11\/domaine-pierre-guillemot-1966-les-serpentieres-768x512.webp 768w, https:\/\/www.uvawines.gr\/wp-content\/uploads\/2025\/11\/domaine-pierre-guillemot-1966-les-serpentieres-1536x1024.webp 1536w, https:\/\/www.uvawines.gr\/wp-content\/uploads\/2025\/11\/domaine-pierre-guillemot-1966-les-serpentieres-1500x1000.webp 1500w, https:\/\/www.uvawines.gr\/wp-content\/uploads\/2025\/11\/domaine-pierre-guillemot-1966-les-serpentieres-705x470.webp 705w, https:\/\/www.uvawines.gr\/wp-content\/uploads\/2025\/11\/domaine-pierre-guillemot-1966-les-serpentieres.webp 1600w\" data-sizes=\"(max-width: 1030px) 100vw, 1030px\"  aria-label=\"image domaine-pierre-guillemot-1966-les-serpentieres\"  id='av-masonry-1-item-3173' data-av-masonry-item='3173' class='av-masonry-entry isotope-item post-3173 attachment type-attachment status-inherit hentry  av-masonry-item-with-image av-grid-img' title=\"domaine-pierre-guillemot-1966-les-serpentieres\" alt=\"\"    itemprop=\"thumbnailUrl\" ><div class='av-inner-masonry-sizer'><\/div><figure class='av-inner-masonry main_color'><div class=\"av-masonry-outerimage-container\"><div class='av-masonry-image-container' style=\"background-image: url(https:\/\/www.uvawines.gr\/wp-content\/uploads\/2025\/11\/domaine-pierre-guillemot-1966-les-serpentieres-705x470.webp);\"  title=\"domaine-pierre-guillemot-1966-les-serpentieres\" ><\/div><\/div><\/figure><\/a><!--end av-masonry entry--><a href=\"https:\/\/www.uvawines.gr\/wp-content\/uploads\/2025\/11\/pierre-guillemot-cellar.jpg\" data-srcset=\"https:\/\/www.uvawines.gr\/wp-content\/uploads\/2025\/11\/pierre-guillemot-cellar.jpg 550w, https:\/\/www.uvawines.gr\/wp-content\/uploads\/2025\/11\/pierre-guillemot-cellar-300x200.jpg 300w\" data-sizes=\"(max-width: 550px) 100vw, 550px\"  aria-label=\"image pierre guillemot cellar\"  id='av-masonry-1-item-3175' data-av-masonry-item='3175' class='av-masonry-entry isotope-item post-3175 attachment type-attachment status-inherit hentry  av-masonry-item-with-image av-grid-img' title=\"pierre guillemot cellar\" alt=\"\"    itemprop=\"thumbnailUrl\" ><div class='av-inner-masonry-sizer'><\/div><figure class='av-inner-masonry main_color'><div class=\"av-masonry-outerimage-container\"><div class='av-masonry-image-container' style=\"background-image: url(https:\/\/www.uvawines.gr\/wp-content\/uploads\/2025\/11\/pierre-guillemot-cellar.jpg);\"  title=\"pierre guillemot cellar\" ><\/div><\/div><\/figure><\/a><!--end av-masonry entry--><a href=\"https:\/\/www.uvawines.gr\/wp-content\/uploads\/2025\/11\/pierre-guillemot-bottle-1030x687.webp\" data-srcset=\"https:\/\/www.uvawines.gr\/wp-content\/uploads\/2025\/11\/pierre-guillemot-bottle-1030x687.webp 1030w, https:\/\/www.uvawines.gr\/wp-content\/uploads\/2025\/11\/pierre-guillemot-bottle-300x200.webp 300w, https:\/\/www.uvawines.gr\/wp-content\/uploads\/2025\/11\/pierre-guillemot-bottle-768x512.webp 768w, https:\/\/www.uvawines.gr\/wp-content\/uploads\/2025\/11\/pierre-guillemot-bottle-705x470.webp 705w, https:\/\/www.uvawines.gr\/wp-content\/uploads\/2025\/11\/pierre-guillemot-bottle.webp 1200w\" data-sizes=\"(max-width: 1030px) 100vw, 1030px\"  aria-label=\"image pierre guillemot bottle\"  id='av-masonry-1-item-3177' data-av-masonry-item='3177' class='av-masonry-entry isotope-item post-3177 attachment type-attachment status-inherit hentry  av-masonry-item-with-image av-grid-img' title=\"pierre guillemot bottle\" alt=\"\"    itemprop=\"thumbnailUrl\" ><div class='av-inner-masonry-sizer'><\/div><figure class='av-inner-masonry main_color'><div class=\"av-masonry-outerimage-container\"><div class='av-masonry-image-container' style=\"background-image: url(https:\/\/www.uvawines.gr\/wp-content\/uploads\/2025\/11\/pierre-guillemot-bottle-705x470.webp);\"  title=\"pierre guillemot bottle\" ><\/div><\/div><\/figure><\/a><!--end av-masonry entry--><a href=\"https:\/\/www.uvawines.gr\/wp-content\/uploads\/2025\/11\/IMG_4966-scaled-1.jpg\"  aria-label=\"image IMG_4966-scaled\"  id='av-masonry-1-item-3179' data-av-masonry-item='3179' class='av-masonry-entry isotope-item post-3179 attachment type-attachment status-inherit hentry  av-masonry-item-with-image av-grid-img' title=\"IMG_4966-scaled\" alt=\"\"    itemprop=\"thumbnailUrl\" ><div class='av-inner-masonry-sizer'><\/div><figure class='av-inner-masonry main_color'><div class=\"av-masonry-outerimage-container\"><div class='av-masonry-image-container' style=\"background-image: url(https:\/\/www.uvawines.gr\/wp-content\/uploads\/2025\/11\/IMG_4966-scaled-1.jpg);\"  title=\"IMG_4966-scaled\" ><\/div><\/div><\/figure><\/a><!--end av-masonry entry--><a href=\"https:\/\/www.uvawines.gr\/wp-content\/uploads\/2025\/11\/pierre-guillemot-1.jpg\" data-srcset=\"https:\/\/www.uvawines.gr\/wp-content\/uploads\/2025\/11\/pierre-guillemot-1.jpg 480w, https:\/\/www.uvawines.gr\/wp-content\/uploads\/2025\/11\/pierre-guillemot-1-300x250.jpg 300w\" data-sizes=\"(max-width: 480px) 100vw, 480px\"  aria-label=\"image pierre guillemot 1\"  id='av-masonry-1-item-3181' data-av-masonry-item='3181' class='av-masonry-entry isotope-item post-3181 attachment type-attachment status-inherit hentry  av-masonry-item-with-image av-grid-img' title=\"pierre guillemot 1\" alt=\"\"    itemprop=\"thumbnailUrl\" ><div class='av-inner-masonry-sizer'><\/div><figure class='av-inner-masonry main_color'><div class=\"av-masonry-outerimage-container\"><div class='av-masonry-image-container' style=\"background-image: url(https:\/\/www.uvawines.gr\/wp-content\/uploads\/2025\/11\/pierre-guillemot-1.jpg);\"  title=\"pierre guillemot 1\" ><\/div><\/div><\/figure><\/a><!--end av-masonry entry--><a href=\"https:\/\/www.uvawines.gr\/wp-content\/uploads\/2025\/11\/pierre-guillemot-2.jpg\" data-srcset=\"https:\/\/www.uvawines.gr\/wp-content\/uploads\/2025\/11\/pierre-guillemot-2.jpg 720w, https:\/\/www.uvawines.gr\/wp-content\/uploads\/2025\/11\/pierre-guillemot-2-300x167.jpg 300w, https:\/\/www.uvawines.gr\/wp-content\/uploads\/2025\/11\/pierre-guillemot-2-705x392.jpg 705w\" data-sizes=\"(max-width: 720px) 100vw, 720px\"  aria-label=\"image pierre guillemot 2\"  id='av-masonry-1-item-3169' data-av-masonry-item='3169' class='av-masonry-entry isotope-item post-3169 attachment type-attachment status-inherit hentry  av-masonry-item-with-image av-landscape-img' title=\"pierre guillemot 2\" alt=\"\"    itemprop=\"thumbnailUrl\" ><div class='av-inner-masonry-sizer'><\/div><figure class='av-inner-masonry main_color'><div class=\"av-masonry-outerimage-container\"><div class='av-masonry-image-container' style=\"background-image: url(https:\/\/www.uvawines.gr\/wp-content\/uploads\/2025\/11\/pierre-guillemot-2-705x392.jpg);\"  title=\"pierre guillemot 2\" ><\/div><\/div><\/figure><\/a><!--end av-masonry entry--><a href=\"https:\/\/www.uvawines.gr\/wp-content\/uploads\/2025\/11\/guillemot.jpg\" data-srcset=\"https:\/\/www.uvawines.gr\/wp-content\/uploads\/2025\/11\/guillemot.jpg 1000w, https:\/\/www.uvawines.gr\/wp-content\/uploads\/2025\/11\/guillemot-300x240.jpg 300w, https:\/\/www.uvawines.gr\/wp-content\/uploads\/2025\/11\/guillemot-768x614.jpg 768w, https:\/\/www.uvawines.gr\/wp-content\/uploads\/2025\/11\/guillemot-705x564.jpg 705w\" data-sizes=\"(max-width: 1000px) 100vw, 1000px\"  aria-label=\"image guillemot\"  id='av-masonry-1-item-3164' data-av-masonry-item='3164' class='av-masonry-entry isotope-item post-3164 attachment type-attachment status-inherit hentry  av-masonry-item-with-image av-grid-img' title=\"guillemot\" alt=\"\"    itemprop=\"thumbnailUrl\" ><div class='av-inner-masonry-sizer'><\/div><figure class='av-inner-masonry main_color'><div class=\"av-masonry-outerimage-container\"><div class='av-masonry-image-container' style=\"background-image: url(https:\/\/www.uvawines.gr\/wp-content\/uploads\/2025\/11\/guillemot-705x564.jpg);\"  title=\"guillemot\" ><\/div><\/div><\/figure><\/a><!--end av-masonry entry--><a href=\"https:\/\/www.uvawines.gr\/wp-content\/uploads\/2025\/11\/vincent_and_philippe_guillemot.jpg\" data-srcset=\"https:\/\/www.uvawines.gr\/wp-content\/uploads\/2025\/11\/vincent_and_philippe_guillemot.jpg 1024w, https:\/\/www.uvawines.gr\/wp-content\/uploads\/2025\/11\/vincent_and_philippe_guillemot-300x200.jpg 300w, https:\/\/www.uvawines.gr\/wp-content\/uploads\/2025\/11\/vincent_and_philippe_guillemot-768x512.jpg 768w, https:\/\/www.uvawines.gr\/wp-content\/uploads\/2025\/11\/vincent_and_philippe_guillemot-705x470.jpg 705w\" data-sizes=\"(max-width: 1024px) 100vw, 1024px\"  aria-label=\"image vincent_and_philippe_guillemot\"  id='av-masonry-1-item-3162' data-av-masonry-item='3162' class='av-masonry-entry isotope-item post-3162 attachment type-attachment status-inherit hentry  av-masonry-item-with-image av-grid-img' title=\"vincent_and_philippe_guillemot\" alt=\"\"    itemprop=\"thumbnailUrl\" ><div class='av-inner-masonry-sizer'><\/div><figure class='av-inner-masonry main_color'><div class=\"av-masonry-outerimage-container\"><div class='av-masonry-image-container' style=\"background-image: url(https:\/\/www.uvawines.gr\/wp-content\/uploads\/2025\/11\/vincent_and_philippe_guillemot-705x470.jpg);\"  title=\"vincent_and_philippe_guillemot\" ><\/div><\/div><\/figure><\/a><!--end av-masonry entry--><a href=\"https:\/\/www.uvawines.gr\/wp-content\/uploads\/2025\/11\/GUILLEMOT_family.jpg\" data-srcset=\"https:\/\/www.uvawines.gr\/wp-content\/uploads\/2025\/11\/GUILLEMOT_family.jpg 382w, https:\/\/www.uvawines.gr\/wp-content\/uploads\/2025\/11\/GUILLEMOT_family-300x199.jpg 300w\" data-sizes=\"(max-width: 382px) 100vw, 382px\"  aria-label=\"image GUILLEMOT_family\"  id='av-masonry-1-item-3157' data-av-masonry-item='3157' class='av-masonry-entry isotope-item post-3157 attachment type-attachment status-inherit hentry  av-masonry-item-with-image av-grid-img' title=\"GUILLEMOT_family\" alt=\"\"    itemprop=\"thumbnailUrl\" ><div class='av-inner-masonry-sizer'><\/div><figure class='av-inner-masonry main_color'><div class=\"av-masonry-outerimage-container\"><div class='av-masonry-image-container' style=\"background-image: url(https:\/\/www.uvawines.gr\/wp-content\/uploads\/2025\/11\/GUILLEMOT_family.jpg);\"  title=\"GUILLEMOT_family\" ><\/div><\/div><\/figure><\/a><!--end av-masonry entry--><\/div><\/div><\/div><\/p>\n","protected":false},"excerpt":{"rendered":"","protected":false},"author":1,"featured_media":0,"parent":0,"menu_order":0,"comment_status":"closed","ping_status":"closed","template":"","meta":{"footnotes":""},"class_list":["post-3195","page","type-page","status-publish","hentry"],"yoast_head":"<!-- This site is optimized with the Yoast SEO plugin v23.3 - https:\/\/yoast.com\/wordpress\/plugins\/seo\/ -->\n<title>Pierre Guillemot - Uva Wines<\/title>\n<meta name=\"robots\" content=\"index, follow, max-snippet:-1, max-image-preview:large, max-video-preview:-1\" \/>\n<link rel=\"canonical\" href=\"https:\/\/www.uvawines.gr\/en\/pierre-guillemot\/\" \/>\n<meta property=\"og:locale\" content=\"en_US\" \/>\n<meta property=\"og:type\" content=\"article\" \/>\n<meta property=\"og:title\" content=\"Pierre Guillemot - Uva Wines\" \/>\n<meta property=\"og:url\" content=\"https:\/\/www.uvawines.gr\/en\/pierre-guillemot\/\" \/>\n<meta property=\"og:site_name\" content=\"Uva Wines\" \/>\n<meta property=\"article:modified_time\" content=\"2025-11-13T09:44:50+00:00\" \/>\n<meta name=\"twitter:card\" content=\"summary_large_image\" \/>\n<meta name=\"twitter:label1\" content=\"Est. reading time\" \/>\n\t<meta name=\"twitter:data1\" content=\"7 minutes\" \/>\n<script type=\"application\/ld+json\" class=\"yoast-schema-graph\">{\"@context\":\"https:\/\/schema.org\",\"@graph\":[{\"@type\":\"WebPage\",\"@id\":\"https:\/\/www.uvawines.gr\/en\/pierre-guillemot\/\",\"url\":\"https:\/\/www.uvawines.gr\/en\/pierre-guillemot\/\",\"name\":\"Pierre Guillemot - Uva Wines\",\"isPartOf\":{\"@id\":\"https:\/\/www.uvawines.gr\/#website\"},\"datePublished\":\"2025-11-13T09:34:29+00:00\",\"dateModified\":\"2025-11-13T09:44:50+00:00\",\"breadcrumb\":{\"@id\":\"https:\/\/www.uvawines.gr\/en\/pierre-guillemot\/#breadcrumb\"},\"inLanguage\":\"en-US\",\"potentialAction\":[{\"@type\":\"ReadAction\",\"target\":[\"https:\/\/www.uvawines.gr\/en\/pierre-guillemot\/\"]}]},{\"@type\":\"BreadcrumbList\",\"@id\":\"https:\/\/www.uvawines.gr\/en\/pierre-guillemot\/#breadcrumb\",\"itemListElement\":[{\"@type\":\"ListItem\",\"position\":1,\"name\":\"\u0391\u03c1\u03c7\u03b9\u03ba\u03ae\",\"item\":\"https:\/\/www.uvawines.gr\/en\/\"},{\"@type\":\"ListItem\",\"position\":2,\"name\":\"Pierre Guillemot\"}]},{\"@type\":\"WebSite\",\"@id\":\"https:\/\/www.uvawines.gr\/#website\",\"url\":\"https:\/\/www.uvawines.gr\/\",\"name\":\"Uva Wines\",\"description\":\"\",\"potentialAction\":[{\"@type\":\"SearchAction\",\"target\":{\"@type\":\"EntryPoint\",\"urlTemplate\":\"https:\/\/www.uvawines.gr\/?s={search_term_string}\"},\"query-input\":\"required name=search_term_string\"}],\"inLanguage\":\"en-US\"}]}<\/script>\n<!-- \/ Yoast SEO plugin. -->","yoast_head_json":{"title":"Pierre Guillemot - Uva Wines","robots":{"index":"index","follow":"follow","max-snippet":"max-snippet:-1","max-image-preview":"max-image-preview:large","max-video-preview":"max-video-preview:-1"},"canonical":"https:\/\/www.uvawines.gr\/en\/pierre-guillemot\/","og_locale":"en_US","og_type":"article","og_title":"Pierre Guillemot - Uva Wines","og_url":"https:\/\/www.uvawines.gr\/en\/pierre-guillemot\/","og_site_name":"Uva Wines","article_modified_time":"2025-11-13T09:44:50+00:00","twitter_card":"summary_large_image","twitter_misc":{"Est. reading time":"7 minutes"},"schema":{"@context":"https:\/\/schema.org","@graph":[{"@type":"WebPage","@id":"https:\/\/www.uvawines.gr\/en\/pierre-guillemot\/","url":"https:\/\/www.uvawines.gr\/en\/pierre-guillemot\/","name":"Pierre Guillemot - Uva Wines","isPartOf":{"@id":"https:\/\/www.uvawines.gr\/#website"},"datePublished":"2025-11-13T09:34:29+00:00","dateModified":"2025-11-13T09:44:50+00:00","breadcrumb":{"@id":"https:\/\/www.uvawines.gr\/en\/pierre-guillemot\/#breadcrumb"},"inLanguage":"en-US","potentialAction":[{"@type":"ReadAction","target":["https:\/\/www.uvawines.gr\/en\/pierre-guillemot\/"]}]},{"@type":"BreadcrumbList","@id":"https:\/\/www.uvawines.gr\/en\/pierre-guillemot\/#breadcrumb","itemListElement":[{"@type":"ListItem","position":1,"name":"\u0391\u03c1\u03c7\u03b9\u03ba\u03ae","item":"https:\/\/www.uvawines.gr\/en\/"},{"@type":"ListItem","position":2,"name":"Pierre Guillemot"}]},{"@type":"WebSite","@id":"https:\/\/www.uvawines.gr\/#website","url":"https:\/\/www.uvawines.gr\/","name":"Uva Wines","description":"","potentialAction":[{"@type":"SearchAction","target":{"@type":"EntryPoint","urlTemplate":"https:\/\/www.uvawines.gr\/?s={search_term_string}"},"query-input":"required name=search_term_string"}],"inLanguage":"en-US"}]}},"_links":{"self":[{"href":"https:\/\/www.uvawines.gr\/en\/wp-json\/wp\/v2\/pages\/3195","targetHints":{"allow":["GET"]}}],"collection":[{"href":"https:\/\/www.uvawines.gr\/en\/wp-json\/wp\/v2\/pages"}],"about":[{"href":"https:\/\/www.uvawines.gr\/en\/wp-json\/wp\/v2\/types\/page"}],"author":[{"embeddable":true,"href":"https:\/\/www.uvawines.gr\/en\/wp-json\/wp\/v2\/users\/1"}],"replies":[{"embeddable":true,"href":"https:\/\/www.uvawines.gr\/en\/wp-json\/wp\/v2\/comments?post=3195"}],"version-history":[{"count":3,"href":"https:\/\/www.uvawines.gr\/en\/wp-json\/wp\/v2\/pages\/3195\/revisions"}],"predecessor-version":[{"id":3198,"href":"https:\/\/www.uvawines.gr\/en\/wp-json\/wp\/v2\/pages\/3195\/revisions\/3198"}],"wp:attachment":[{"href":"https:\/\/www.uvawines.gr\/en\/wp-json\/wp\/v2\/media?parent=3195"}],"curies":[{"name":"wp","href":"https:\/\/api.w.org\/{rel}","templated":true}]}}