{"id":3296,"date":"2026-02-10T14:24:09","date_gmt":"2026-02-10T11:24:09","guid":{"rendered":"https:\/\/www.uvawines.gr\/famille-cecillon\/"},"modified":"2026-02-10T15:01:04","modified_gmt":"2026-02-10T12:01:04","slug":"famille-cecillon","status":"publish","type":"page","link":"https:\/\/www.uvawines.gr\/en\/famille-cecillon\/","title":{"rendered":"Famille Cecillon"},"content":{"rendered":"<\/p>\n<div id='full_slider_1'  class='avia-fullwidth-slider main_color avia-shadow   avia-builder-el-0  el_before_av_one_full  avia-builder-el-first   container_wrap sidebar_right'  ><div  class='avia-slideshow av-mlgikju4-bef7ba1bc2a302c577d2bc1827f305b4 avia-slideshow-featured av_slideshow_full avia-slide-slider av-slideshow-ui av-control-default av-slideshow-manual av-loop-once av-loop-manual-endless av-default-height-applied   avia-slideshow-1' data-slideshow-options=\"{&quot;animation&quot;:&quot;slide&quot;,&quot;autoplay&quot;:false,&quot;loop_autoplay&quot;:&quot;once&quot;,&quot;interval&quot;:5,&quot;loop_manual&quot;:&quot;manual-endless&quot;,&quot;autoplay_stopper&quot;:false,&quot;noNavigation&quot;:false,&quot;bg_slider&quot;:false,&quot;keep_padding&quot;:false,&quot;hoverpause&quot;:false,&quot;show_slide_delay&quot;:0}\"  itemprop=\"image\" itemscope=\"itemscope\" itemtype=\"https:\/\/schema.org\/ImageObject\" ><ul class='avia-slideshow-inner ' style='padding-bottom: 25%;'><li  class='avia-slideshow-slide av-mlgikju4-bef7ba1bc2a302c577d2bc1827f305b4__0  av-single-slide slide-1 slide-odd'><div data-rel='slideshow-1' class='avia-slide-wrap '   ><img decoding=\"async\" fetchpriority=\"high\" class=\"wp-image-3271 avia-img-lazy-loading-not-3271\"  src=\"https:\/\/www.uvawines.gr\/wp-content\/uploads\/2026\/02\/Famille-Cecillon-2.jpg\" width=\"1500\" height=\"375\" title='Famille Cecillon 2' alt=''  itemprop=\"thumbnailUrl\" srcset=\"https:\/\/www.uvawines.gr\/wp-content\/uploads\/2026\/02\/Famille-Cecillon-2.jpg 1500w, https:\/\/www.uvawines.gr\/wp-content\/uploads\/2026\/02\/Famille-Cecillon-2-300x75.jpg 300w, https:\/\/www.uvawines.gr\/wp-content\/uploads\/2026\/02\/Famille-Cecillon-2-1030x258.jpg 1030w, https:\/\/www.uvawines.gr\/wp-content\/uploads\/2026\/02\/Famille-Cecillon-2-768x192.jpg 768w, https:\/\/www.uvawines.gr\/wp-content\/uploads\/2026\/02\/Famille-Cecillon-2-705x176.jpg 705w\" sizes=\"(max-width: 1500px) 100vw, 1500px\" \/><\/div><\/li><\/ul><\/div><\/div><div id='after_full_slider_1'  class='main_color av_default_container_wrap container_wrap sidebar_right'  ><div class='container av-section-cont-open' ><div class='template-page content  av-content-small alpha units'><div class='post-entry post-entry-type-page post-entry-3296'><div class='entry-content-wrapper clearfix'>\n<div  class='flex_column av-l6o84-a726ce623b2041069efdf803d642441c av_one_full  avia-builder-el-1  el_after_av_slideshow_full  el_before_av_one_full  avia-builder-el-first  first flex_column_div  '     ><p>\n<style type=\"text\/css\" data-created_by=\"avia_inline_auto\" id=\"style-css-av-mlgiqpx9-3292eccfe65402e656a3c88af79aa618\">\n.avia-logo-element-container.av-mlgiqpx9-3292eccfe65402e656a3c88af79aa618 .av-partner-fake-img{\nbackground-size:cover;\n}\n<\/style>\n<div  class='avia-logo-element-container av-mlgiqpx9-3292eccfe65402e656a3c88af79aa618 avia-logo-slider avia-content-slider avia-smallarrow-slider avia-content-slider-active noHover avia-content-slider-odd  avia-builder-el-2  el_before_av_textblock  avia-builder-el-first  av-slideshow-ui av-control-default av-nav-arrows-visible av-nav-dots-visible av-no-slider-navigation av-slideshow-manual av-loop-once av-loop-manual-endless avia-content-slider1' data-slideshow-options=\"{&quot;animation&quot;:&quot;slide&quot;,&quot;autoplay&quot;:false,&quot;loop_autoplay&quot;:&quot;once&quot;,&quot;interval&quot;:5,&quot;loop_manual&quot;:&quot;manual-endless&quot;,&quot;autoplay_stopper&quot;:false,&quot;noNavigation&quot;:false,&quot;bg_slider&quot;:false,&quot;keep_padding&quot;:&quot;&quot;,&quot;hoverpause&quot;:false,&quot;show_slide_delay&quot;:0}\"><div class='avia-smallarrow-slider-heading  no-logo-slider-heading '><div class='new-special-heading'>&nbsp;<\/div><\/div><div class=\"avia-content-slider-inner\"><div class=\"slide-entry-wrap\"><div  class='slide-entry av-4x6o5g-b1fc885defcd2d8ef29e223706c80727 flex_column no_margin av_fullwidth real-thumbnail post-entry slide-entry-overview slide-loop-1 slide-parity-odd post-entry-last first'><span class='av-partner-fake-img' style='padding-bottom:37.988165680473%; background-image:url(https:\/\/www.uvawines.gr\/wp-content\/uploads\/2026\/02\/Famille-Cecillon-2-1-845x321.jpg);'><\/span><\/div><\/div><\/div><\/div><br \/>\n<section  class='av_textblock_section av-mlgilmv8-f0aed1452ba03843a2997c2963aa7b7b '   itemscope=\"itemscope\" itemtype=\"https:\/\/schema.org\/CreativeWork\" ><div class='avia_textblock'  itemprop=\"text\" ><p>Cave Julien C\u00e9cillon is a boutique winery located in the Northern Rh\u00f4ne Valley, founded in 2011 by Julien C\u00e9cillon and his wife Nancy Kerschen. Julien comes from a long family lineage of winegrowers in Tournon-sur-Rh\u00f4ne, while Nancy brings international experience from the United States, New Zealand, and California. <\/p>\n<p>The estate is based near Saint-Jean-de-Muzols and works with vineyards across key Northern Rh\u00f4ne appellations, including Saint-Joseph, Crozes-Hermitage, Cornas, and Saint-P\u00e9ray, as well as select Vin de France parcels. The terroirs are predominantly granite-based, with steep slopes and strong Rh\u00f4ne influence. <\/p>\n<p>Viticulture is organic and sustainably farmed, with minimal intervention in the cellar. Fermentations use native yeasts, and \u00e9levage is carried out mainly in neutral oak to preserve purity and site expression. <\/p>\n<p>The wines focus on Syrah, Marsanne, Roussanne, and Viognier, offering a style that combines freshness, elegance, and precision, while remaining deeply rooted in Northern Rh\u00f4ne tradition.<\/p>\n<p>Despite the winery\u2019s young age, Cave Julien C\u00e9cillon has earned strong recognition for producing authentic, terroir-driven wines with excellent balance and aging potential.<\/p>\n<\/div><\/section><\/p><\/div><div  class='flex_column av-2k5yys-b0b0891865b5ae8c20d99927b8e5a871 av_one_full  avia-builder-el-4  el_after_av_one_full  avia-builder-el-last  first flex_column_div  column-top-margin'     ><div id='av-masonry-1' class='av-masonry av-mlging3k-dc80b994a91b8b1cec4e0b56809572eb noHover av-fixed-size av-1px-gap av-hover-overlay- av-masonry-animation-active av-masonry-col-3 av-caption-always av-caption-style- av-masonry-gallery ' data-post_id=\"3296\"><div class=\"av-masonry-container isotope av-js-disabled\"><div class='av-masonry-entry isotope-item av-masonry-item-no-image '><\/div><a href=\"https:\/\/www.uvawines.gr\/wp-content\/uploads\/2026\/02\/Famille-Cecillon-1.jpg\" data-srcset=\"https:\/\/www.uvawines.gr\/wp-content\/uploads\/2026\/02\/Famille-Cecillon-1.jpg 1000w, https:\/\/www.uvawines.gr\/wp-content\/uploads\/2026\/02\/Famille-Cecillon-1-300x240.jpg 300w, https:\/\/www.uvawines.gr\/wp-content\/uploads\/2026\/02\/Famille-Cecillon-1-768x614.jpg 768w, https:\/\/www.uvawines.gr\/wp-content\/uploads\/2026\/02\/Famille-Cecillon-1-705x564.jpg 705w\" data-sizes=\"(max-width: 1000px) 100vw, 1000px\"  aria-label=\"image Famille Cecillon\"  id='av-masonry-1-item-3274' data-av-masonry-item='3274' class='av-masonry-entry isotope-item post-3274 attachment type-attachment status-inherit hentry  av-masonry-item-with-image av-grid-img' title=\"Famille Cecillon\" alt=\"\"    itemprop=\"thumbnailUrl\" ><div class='av-inner-masonry-sizer'><\/div><figure class='av-inner-masonry main_color'><div class=\"av-masonry-outerimage-container\"><div class='av-masonry-image-container' style=\"background-image: url(https:\/\/www.uvawines.gr\/wp-content\/uploads\/2026\/02\/Famille-Cecillon-1-705x564.jpg);\"  title=\"Famille Cecillon\" ><\/div><\/div><\/figure><\/a><!--end av-masonry entry--><a href=\"https:\/\/www.uvawines.gr\/wp-content\/uploads\/2026\/02\/20250422_095538-476x1030.jpg\" data-srcset=\"https:\/\/www.uvawines.gr\/wp-content\/uploads\/2026\/02\/20250422_095538-476x1030.jpg 476w, https:\/\/www.uvawines.gr\/wp-content\/uploads\/2026\/02\/20250422_095538-139x300.jpg 139w, https:\/\/www.uvawines.gr\/wp-content\/uploads\/2026\/02\/20250422_095538-768x1662.jpg 768w, https:\/\/www.uvawines.gr\/wp-content\/uploads\/2026\/02\/20250422_095538-710x1536.jpg 710w, https:\/\/www.uvawines.gr\/wp-content\/uploads\/2026\/02\/20250422_095538-946x2048.jpg 946w, https:\/\/www.uvawines.gr\/wp-content\/uploads\/2026\/02\/20250422_095538-693x1500.jpg 693w, https:\/\/www.uvawines.gr\/wp-content\/uploads\/2026\/02\/20250422_095538-326x705.jpg 326w, https:\/\/www.uvawines.gr\/wp-content\/uploads\/2026\/02\/20250422_095538-scaled.jpg 1183w\" data-sizes=\"(max-width: 476px) 100vw, 476px\"  aria-label=\"image 20250422_095538\"  id='av-masonry-1-item-3276' data-av-masonry-item='3276' class='av-masonry-entry isotope-item post-3276 attachment type-attachment status-inherit hentry  av-masonry-item-with-image av-portrait-img' title=\"20250422_095538\" alt=\"\"    itemprop=\"thumbnailUrl\" ><div class='av-inner-masonry-sizer'><\/div><figure class='av-inner-masonry main_color'><div class=\"av-masonry-outerimage-container\"><div class='av-masonry-image-container' style=\"background-image: url(https:\/\/www.uvawines.gr\/wp-content\/uploads\/2026\/02\/20250422_095538-326x705.jpg);\"  title=\"20250422_095538\" ><\/div><\/div><\/figure><\/a><!--end av-masonry entry--><a href=\"https:\/\/www.uvawines.gr\/wp-content\/uploads\/2026\/02\/20250524_105730-1030x476.jpg\" data-srcset=\"https:\/\/www.uvawines.gr\/wp-content\/uploads\/2026\/02\/20250524_105730-1030x476.jpg 1030w, https:\/\/www.uvawines.gr\/wp-content\/uploads\/2026\/02\/20250524_105730-300x139.jpg 300w, https:\/\/www.uvawines.gr\/wp-content\/uploads\/2026\/02\/20250524_105730-768x355.jpg 768w, https:\/\/www.uvawines.gr\/wp-content\/uploads\/2026\/02\/20250524_105730-1536x710.jpg 1536w, https:\/\/www.uvawines.gr\/wp-content\/uploads\/2026\/02\/20250524_105730-2048x946.jpg 2048w, https:\/\/www.uvawines.gr\/wp-content\/uploads\/2026\/02\/20250524_105730-1500x693.jpg 1500w, https:\/\/www.uvawines.gr\/wp-content\/uploads\/2026\/02\/20250524_105730-705x326.jpg 705w\" data-sizes=\"(max-width: 1030px) 100vw, 1030px\"  aria-label=\"image 20250524_105730\"  id='av-masonry-1-item-3278' data-av-masonry-item='3278' class='av-masonry-entry isotope-item post-3278 attachment type-attachment status-inherit hentry  av-masonry-item-with-image av-landscape-img' title=\"20250524_105730\" alt=\"\"    itemprop=\"thumbnailUrl\" ><div class='av-inner-masonry-sizer'><\/div><figure class='av-inner-masonry main_color'><div class=\"av-masonry-outerimage-container\"><div class='av-masonry-image-container' style=\"background-image: url(https:\/\/www.uvawines.gr\/wp-content\/uploads\/2026\/02\/20250524_105730-705x326.jpg);\"  title=\"20250524_105730\" ><\/div><\/div><\/figure><\/a><!--end av-masonry entry--><a href=\"https:\/\/www.uvawines.gr\/wp-content\/uploads\/2026\/02\/20251020_071913-1030x476.jpg\" data-srcset=\"https:\/\/www.uvawines.gr\/wp-content\/uploads\/2026\/02\/20251020_071913-1030x476.jpg 1030w, https:\/\/www.uvawines.gr\/wp-content\/uploads\/2026\/02\/20251020_071913-300x139.jpg 300w, https:\/\/www.uvawines.gr\/wp-content\/uploads\/2026\/02\/20251020_071913-768x355.jpg 768w, https:\/\/www.uvawines.gr\/wp-content\/uploads\/2026\/02\/20251020_071913-1536x710.jpg 1536w, https:\/\/www.uvawines.gr\/wp-content\/uploads\/2026\/02\/20251020_071913-2048x946.jpg 2048w, https:\/\/www.uvawines.gr\/wp-content\/uploads\/2026\/02\/20251020_071913-1500x693.jpg 1500w, https:\/\/www.uvawines.gr\/wp-content\/uploads\/2026\/02\/20251020_071913-705x326.jpg 705w\" data-sizes=\"(max-width: 1030px) 100vw, 1030px\"  aria-label=\"image 20251020_071913\"  id='av-masonry-1-item-3280' data-av-masonry-item='3280' class='av-masonry-entry isotope-item post-3280 attachment type-attachment status-inherit hentry  av-masonry-item-with-image av-landscape-img' title=\"20251020_071913\" alt=\"\"    itemprop=\"thumbnailUrl\" ><div class='av-inner-masonry-sizer'><\/div><figure class='av-inner-masonry main_color'><div class=\"av-masonry-outerimage-container\"><div class='av-masonry-image-container' style=\"background-image: url(https:\/\/www.uvawines.gr\/wp-content\/uploads\/2026\/02\/20251020_071913-705x326.jpg);\"  title=\"20251020_071913\" ><\/div><\/div><\/figure><\/a><!--end av-masonry entry--><a href=\"https:\/\/www.uvawines.gr\/wp-content\/uploads\/2026\/02\/20251022_111059-476x1030.jpg\" data-srcset=\"https:\/\/www.uvawines.gr\/wp-content\/uploads\/2026\/02\/20251022_111059-476x1030.jpg 476w, https:\/\/www.uvawines.gr\/wp-content\/uploads\/2026\/02\/20251022_111059-139x300.jpg 139w, https:\/\/www.uvawines.gr\/wp-content\/uploads\/2026\/02\/20251022_111059-768x1662.jpg 768w, https:\/\/www.uvawines.gr\/wp-content\/uploads\/2026\/02\/20251022_111059-710x1536.jpg 710w, https:\/\/www.uvawines.gr\/wp-content\/uploads\/2026\/02\/20251022_111059-946x2048.jpg 946w, https:\/\/www.uvawines.gr\/wp-content\/uploads\/2026\/02\/20251022_111059-693x1500.jpg 693w, https:\/\/www.uvawines.gr\/wp-content\/uploads\/2026\/02\/20251022_111059-326x705.jpg 326w, https:\/\/www.uvawines.gr\/wp-content\/uploads\/2026\/02\/20251022_111059-scaled.jpg 1183w\" data-sizes=\"(max-width: 476px) 100vw, 476px\"  aria-label=\"image 20251022_111059\"  id='av-masonry-1-item-3282' data-av-masonry-item='3282' class='av-masonry-entry isotope-item post-3282 attachment type-attachment status-inherit hentry  av-masonry-item-with-image av-portrait-img' title=\"20251022_111059\" alt=\"\"    itemprop=\"thumbnailUrl\" ><div class='av-inner-masonry-sizer'><\/div><figure class='av-inner-masonry main_color'><div class=\"av-masonry-outerimage-container\"><div class='av-masonry-image-container' style=\"background-image: url(https:\/\/www.uvawines.gr\/wp-content\/uploads\/2026\/02\/20251022_111059-326x705.jpg);\"  title=\"20251022_111059\" ><\/div><\/div><\/figure><\/a><!--end av-masonry entry--><a href=\"https:\/\/www.uvawines.gr\/wp-content\/uploads\/2026\/02\/SAM_3293-1030x686.jpg\" data-srcset=\"https:\/\/www.uvawines.gr\/wp-content\/uploads\/2026\/02\/SAM_3293-1030x686.jpg 1030w, https:\/\/www.uvawines.gr\/wp-content\/uploads\/2026\/02\/SAM_3293-300x200.jpg 300w, https:\/\/www.uvawines.gr\/wp-content\/uploads\/2026\/02\/SAM_3293-768x512.jpg 768w, https:\/\/www.uvawines.gr\/wp-content\/uploads\/2026\/02\/SAM_3293-1536x1023.jpg 1536w, https:\/\/www.uvawines.gr\/wp-content\/uploads\/2026\/02\/SAM_3293-2048x1364.jpg 2048w, https:\/\/www.uvawines.gr\/wp-content\/uploads\/2026\/02\/SAM_3293-1500x999.jpg 1500w, https:\/\/www.uvawines.gr\/wp-content\/uploads\/2026\/02\/SAM_3293-705x470.jpg 705w\" data-sizes=\"(max-width: 1030px) 100vw, 1030px\"  aria-label=\"image SAM_3293\"  id='av-masonry-1-item-3284' data-av-masonry-item='3284' class='av-masonry-entry isotope-item post-3284 attachment type-attachment status-inherit hentry  av-masonry-item-with-image av-grid-img' title=\"SAM_3293\" alt=\"\"    itemprop=\"thumbnailUrl\" ><div class='av-inner-masonry-sizer'><\/div><figure class='av-inner-masonry main_color'><div class=\"av-masonry-outerimage-container\"><div class='av-masonry-image-container' style=\"background-image: url(https:\/\/www.uvawines.gr\/wp-content\/uploads\/2026\/02\/SAM_3293-705x470.jpg);\"  title=\"SAM_3293\" ><\/div><\/div><\/figure><\/a><!--end av-masonry entry--><\/div><\/div><\/div><\/p>\n","protected":false},"excerpt":{"rendered":"","protected":false},"author":1,"featured_media":0,"parent":0,"menu_order":0,"comment_status":"closed","ping_status":"closed","template":"","meta":{"footnotes":""},"class_list":["post-3296","page","type-page","status-publish","hentry"],"yoast_head":"<!-- This site is optimized with the Yoast SEO plugin v23.3 - https:\/\/yoast.com\/wordpress\/plugins\/seo\/ -->\n<title>Famille Cecillon - Uva Wines<\/title>\n<meta name=\"robots\" content=\"index, follow, max-snippet:-1, max-image-preview:large, max-video-preview:-1\" \/>\n<link rel=\"canonical\" href=\"https:\/\/www.uvawines.gr\/en\/famille-cecillon\/\" \/>\n<meta property=\"og:locale\" content=\"en_US\" \/>\n<meta property=\"og:type\" content=\"article\" \/>\n<meta property=\"og:title\" content=\"Famille Cecillon - Uva Wines\" \/>\n<meta property=\"og:url\" content=\"https:\/\/www.uvawines.gr\/en\/famille-cecillon\/\" \/>\n<meta property=\"og:site_name\" content=\"Uva Wines\" \/>\n<meta property=\"article:modified_time\" content=\"2026-02-10T12:01:04+00:00\" \/>\n<meta name=\"twitter:card\" content=\"summary_large_image\" \/>\n<meta name=\"twitter:label1\" content=\"Est. reading time\" \/>\n\t<meta name=\"twitter:data1\" content=\"2 minutes\" \/>\n<script type=\"application\/ld+json\" class=\"yoast-schema-graph\">{\"@context\":\"https:\/\/schema.org\",\"@graph\":[{\"@type\":\"WebPage\",\"@id\":\"https:\/\/www.uvawines.gr\/en\/famille-cecillon\/\",\"url\":\"https:\/\/www.uvawines.gr\/en\/famille-cecillon\/\",\"name\":\"Famille Cecillon - Uva Wines\",\"isPartOf\":{\"@id\":\"https:\/\/www.uvawines.gr\/#website\"},\"datePublished\":\"2026-02-10T11:24:09+00:00\",\"dateModified\":\"2026-02-10T12:01:04+00:00\",\"breadcrumb\":{\"@id\":\"https:\/\/www.uvawines.gr\/en\/famille-cecillon\/#breadcrumb\"},\"inLanguage\":\"en-US\",\"potentialAction\":[{\"@type\":\"ReadAction\",\"target\":[\"https:\/\/www.uvawines.gr\/en\/famille-cecillon\/\"]}]},{\"@type\":\"BreadcrumbList\",\"@id\":\"https:\/\/www.uvawines.gr\/en\/famille-cecillon\/#breadcrumb\",\"itemListElement\":[{\"@type\":\"ListItem\",\"position\":1,\"name\":\"\u0391\u03c1\u03c7\u03b9\u03ba\u03ae\",\"item\":\"https:\/\/www.uvawines.gr\/en\/\"},{\"@type\":\"ListItem\",\"position\":2,\"name\":\"Famille Cecillon\"}]},{\"@type\":\"WebSite\",\"@id\":\"https:\/\/www.uvawines.gr\/#website\",\"url\":\"https:\/\/www.uvawines.gr\/\",\"name\":\"Uva Wines\",\"description\":\"\",\"potentialAction\":[{\"@type\":\"SearchAction\",\"target\":{\"@type\":\"EntryPoint\",\"urlTemplate\":\"https:\/\/www.uvawines.gr\/?s={search_term_string}\"},\"query-input\":\"required name=search_term_string\"}],\"inLanguage\":\"en-US\"}]}<\/script>\n<!-- \/ Yoast SEO plugin. -->","yoast_head_json":{"title":"Famille Cecillon - Uva Wines","robots":{"index":"index","follow":"follow","max-snippet":"max-snippet:-1","max-image-preview":"max-image-preview:large","max-video-preview":"max-video-preview:-1"},"canonical":"https:\/\/www.uvawines.gr\/en\/famille-cecillon\/","og_locale":"en_US","og_type":"article","og_title":"Famille Cecillon - Uva Wines","og_url":"https:\/\/www.uvawines.gr\/en\/famille-cecillon\/","og_site_name":"Uva Wines","article_modified_time":"2026-02-10T12:01:04+00:00","twitter_card":"summary_large_image","twitter_misc":{"Est. reading time":"2 minutes"},"schema":{"@context":"https:\/\/schema.org","@graph":[{"@type":"WebPage","@id":"https:\/\/www.uvawines.gr\/en\/famille-cecillon\/","url":"https:\/\/www.uvawines.gr\/en\/famille-cecillon\/","name":"Famille Cecillon - Uva Wines","isPartOf":{"@id":"https:\/\/www.uvawines.gr\/#website"},"datePublished":"2026-02-10T11:24:09+00:00","dateModified":"2026-02-10T12:01:04+00:00","breadcrumb":{"@id":"https:\/\/www.uvawines.gr\/en\/famille-cecillon\/#breadcrumb"},"inLanguage":"en-US","potentialAction":[{"@type":"ReadAction","target":["https:\/\/www.uvawines.gr\/en\/famille-cecillon\/"]}]},{"@type":"BreadcrumbList","@id":"https:\/\/www.uvawines.gr\/en\/famille-cecillon\/#breadcrumb","itemListElement":[{"@type":"ListItem","position":1,"name":"\u0391\u03c1\u03c7\u03b9\u03ba\u03ae","item":"https:\/\/www.uvawines.gr\/en\/"},{"@type":"ListItem","position":2,"name":"Famille Cecillon"}]},{"@type":"WebSite","@id":"https:\/\/www.uvawines.gr\/#website","url":"https:\/\/www.uvawines.gr\/","name":"Uva Wines","description":"","potentialAction":[{"@type":"SearchAction","target":{"@type":"EntryPoint","urlTemplate":"https:\/\/www.uvawines.gr\/?s={search_term_string}"},"query-input":"required name=search_term_string"}],"inLanguage":"en-US"}]}},"_links":{"self":[{"href":"https:\/\/www.uvawines.gr\/en\/wp-json\/wp\/v2\/pages\/3296","targetHints":{"allow":["GET"]}}],"collection":[{"href":"https:\/\/www.uvawines.gr\/en\/wp-json\/wp\/v2\/pages"}],"about":[{"href":"https:\/\/www.uvawines.gr\/en\/wp-json\/wp\/v2\/types\/page"}],"author":[{"embeddable":true,"href":"https:\/\/www.uvawines.gr\/en\/wp-json\/wp\/v2\/users\/1"}],"replies":[{"embeddable":true,"href":"https:\/\/www.uvawines.gr\/en\/wp-json\/wp\/v2\/comments?post=3296"}],"version-history":[{"count":5,"href":"https:\/\/www.uvawines.gr\/en\/wp-json\/wp\/v2\/pages\/3296\/revisions"}],"predecessor-version":[{"id":3368,"href":"https:\/\/www.uvawines.gr\/en\/wp-json\/wp\/v2\/pages\/3296\/revisions\/3368"}],"wp:attachment":[{"href":"https:\/\/www.uvawines.gr\/en\/wp-json\/wp\/v2\/media?parent=3296"}],"curies":[{"name":"wp","href":"https:\/\/api.w.org\/{rel}","templated":true}]}}