{"id":792,"date":"2022-11-11T18:33:52","date_gmt":"2022-11-11T15:33:52","guid":{"rendered":"https:\/\/www.uvawines.gr\/domaine-de-la-janasse\/"},"modified":"2022-11-11T18:43:11","modified_gmt":"2022-11-11T15:43:11","slug":"domaine-de-la-janasse","status":"publish","type":"page","link":"https:\/\/www.uvawines.gr\/en\/domaine-de-la-janasse\/","title":{"rendered":"Domaine de la Janasse"},"content":{"rendered":"<div id='full_slider_1'  class='avia-fullwidth-slider main_color avia-shadow   avia-builder-el-0  el_before_av_one_full  avia-builder-el-first   container_wrap sidebar_right'  ><div  class='avia-slideshow av-lacnfn6n-4d806efa9ff0d4d66101ac58a2e8ce5c avia-slideshow-no scaling av_slideshow_full avia-slide-slider av-slideshow-ui av-control-default av-slideshow-manual av-loop-once av-loop-manual-endless av-default-height-applied   avia-slideshow-1' data-slideshow-options=\"{&quot;animation&quot;:&quot;slide&quot;,&quot;autoplay&quot;:false,&quot;loop_autoplay&quot;:&quot;once&quot;,&quot;interval&quot;:5,&quot;loop_manual&quot;:&quot;manual-endless&quot;,&quot;autoplay_stopper&quot;:false,&quot;noNavigation&quot;:false,&quot;bg_slider&quot;:false,&quot;keep_padding&quot;:false,&quot;hoverpause&quot;:false,&quot;show_slide_delay&quot;:0}\"  itemprop=\"image\" itemscope=\"itemscope\" itemtype=\"https:\/\/schema.org\/ImageObject\" ><ul class='avia-slideshow-inner ' style='padding-bottom: 19.53125%;'><li  class='avia-slideshow-slide av-lacnfn6n-4d806efa9ff0d4d66101ac58a2e8ce5c__0  av-single-slide slide-1 slide-odd'><div data-rel='slideshow-1' class='avia-slide-wrap '   ><img decoding=\"async\" fetchpriority=\"high\" class=\"wp-image-462 avia-img-lazy-loading-not-462\"  src=\"https:\/\/www.uvawines.gr\/wp-content\/uploads\/2022\/06\/about-us.jpg\" width=\"1920\" height=\"375\" title='about us' alt=''  itemprop=\"thumbnailUrl\" srcset=\"https:\/\/www.uvawines.gr\/wp-content\/uploads\/2022\/06\/about-us.jpg 1920w, https:\/\/www.uvawines.gr\/wp-content\/uploads\/2022\/06\/about-us-300x59.jpg 300w, https:\/\/www.uvawines.gr\/wp-content\/uploads\/2022\/06\/about-us-1030x201.jpg 1030w, https:\/\/www.uvawines.gr\/wp-content\/uploads\/2022\/06\/about-us-768x150.jpg 768w, https:\/\/www.uvawines.gr\/wp-content\/uploads\/2022\/06\/about-us-1536x300.jpg 1536w, https:\/\/www.uvawines.gr\/wp-content\/uploads\/2022\/06\/about-us-1500x293.jpg 1500w, https:\/\/www.uvawines.gr\/wp-content\/uploads\/2022\/06\/about-us-705x138.jpg 705w\" sizes=\"(max-width: 1920px) 100vw, 1920px\" \/><\/div><\/li><\/ul><\/div><\/div><div id='after_full_slider_1'  class='main_color av_default_container_wrap container_wrap sidebar_right'  ><div class='container av-section-cont-open' ><div class='template-page content  av-content-small alpha units'><div class='post-entry post-entry-type-page post-entry-792'><div class='entry-content-wrapper clearfix'>\n<div  class='flex_column av-fnlxy-281a7315fd42ae09c1d76a7148a3b87f av_one_full  avia-builder-el-1  el_after_av_slideshow_full  el_before_av_one_full  avia-builder-el-first  first flex_column_div  '     ><p><div  class='avia-logo-element-container av-lacnf9ty-25f58c6decf099e53db41c8530b67887 av-border-deactivate avia-logo-slider avia-content-slider avia-smallarrow-slider avia-content-slider-active noHover avia-content-slider-odd  avia-builder-el-2  el_before_av_textblock  avia-builder-el-first  av-slideshow-ui av-control-hidden av-nav-arrows-visible av-nav-dots-visible av-no-slider-navigation av-hide-nav-arrows av-slideshow-manual av-loop-once av-loop-manual-endless avia-content-slider1' data-slideshow-options=\"{&quot;animation&quot;:&quot;slide&quot;,&quot;autoplay&quot;:false,&quot;loop_autoplay&quot;:&quot;once&quot;,&quot;interval&quot;:5,&quot;loop_manual&quot;:&quot;manual-endless&quot;,&quot;autoplay_stopper&quot;:false,&quot;noNavigation&quot;:true,&quot;bg_slider&quot;:false,&quot;keep_padding&quot;:&quot;&quot;,&quot;hoverpause&quot;:false,&quot;show_slide_delay&quot;:0}\"><div class='avia-smallarrow-slider-heading  no-logo-slider-heading '><\/div><div class=\"avia-content-slider-inner\"><div class=\"slide-entry-wrap\"><div  class='slide-entry av-lacnf8ge-608eb047e8cdf648ef51354569fe70c0 flex_column no_margin av_fullwidth real-thumbnail post-entry slide-entry-overview slide-loop-1 slide-parity-odd post-entry-last first'><img decoding=\"async\" fetchpriority=\"high\" width=\"200\" height=\"119\" src=\"https:\/\/www.uvawines.gr\/wp-content\/uploads\/2022\/11\/lajanasse_logo.jpg\" class=\"wp-image-768 avia-img-lazy-loading-not-768 attachment-no scaling size-no scaling\" alt=\"\" \/><\/div><\/div><\/div><\/div><br \/>\n<section  class='av_textblock_section av-lacnehfm-4f6940af4ac83d3273efdc9800c1b08b '   itemscope=\"itemscope\" itemtype=\"https:\/\/schema.org\/CreativeWork\" ><div class='avia_textblock'  itemprop=\"text\" ><p style=\"text-align: justify;\">Domaine de la Janasse is a Ch\u00e2teauneuf-du-Pape producer owned and operated by the Sabon family. It was founded in 1967 by Aim\u00e9 Sabon when he took over the vineyards of his father, who had been selling fruit to a wine cooperative. The winery makes a number of wines including red and white C\u00f4tes du Rh\u00f4ne, and a number of IGP wines, but the flagship wines have always been the Ch\u00e2teauneuf-du Pape reds.<\/p>\n<p style=\"text-align: justify;\">The winery makes three distinct expressions: Domaine de la Janasse Tradition, Chaupin and Vieilles Vignes. It also makes a white version of Tradition and a second white wine called Prestige. Over the last quarter-century, Domaine de la Janasse has become one of the most highly-regarded estates in Ch\u00e2teauneuf-du-Pape. The reds from Janasse are frequently considered to be among the best in the region whether it is their pleasingly complex C\u00f4tes-du Rhone and C\u00f4tes-du-Rh\u00f4ne Villages or their three bottlings of Ch\u00e2teauneuf-du-Pape.<\/p>\n<\/div><\/section><\/p><\/div>\n<div  class='flex_column av-b8w7i-eb7d5b2ad7af1f71c3c0927efb6cdd7a av_one_full  avia-builder-el-4  el_after_av_one_full  avia-builder-el-last  first flex_column_div  column-top-margin'     ><div id='av-masonry-1' class='av-masonry av-lacnhsx9-d08378143c1e952b92a007dd3a752fc9 noHover av-fixed-size av-1px-gap av-hover-overlay- av-masonry-animation-active av-masonry-col-3 av-caption-always av-caption-style- av-masonry-gallery ' data-post_id=\"792\"><div class=\"av-masonry-container isotope av-js-disabled\"><div class='av-masonry-entry isotope-item av-masonry-item-no-image '><\/div><a href=\"https:\/\/www.uvawines.gr\/wp-content\/uploads\/2022\/11\/isa_christophe_sabon3.jpg\" data-srcset=\"https:\/\/www.uvawines.gr\/wp-content\/uploads\/2022\/11\/isa_christophe_sabon3.jpg 1000w, https:\/\/www.uvawines.gr\/wp-content\/uploads\/2022\/11\/isa_christophe_sabon3-300x135.jpg 300w, https:\/\/www.uvawines.gr\/wp-content\/uploads\/2022\/11\/isa_christophe_sabon3-768x346.jpg 768w, https:\/\/www.uvawines.gr\/wp-content\/uploads\/2022\/11\/isa_christophe_sabon3-705x317.jpg 705w\" data-sizes=\"(max-width: 1000px) 100vw, 1000px\"  aria-label=\"image isa_christophe_sabon3\"  id='av-masonry-1-item-770' data-av-masonry-item='770' class='av-masonry-entry isotope-item post-770 attachment type-attachment status-inherit hentry  av-masonry-item-with-image av-landscape-img' title=\"isa_christophe_sabon3\" alt=\"\"    itemprop=\"thumbnailUrl\" ><div class='av-inner-masonry-sizer'><\/div><figure class='av-inner-masonry main_color'><div class=\"av-masonry-outerimage-container\"><div class='av-masonry-image-container' style=\"background-image: url(https:\/\/www.uvawines.gr\/wp-content\/uploads\/2022\/11\/isa_christophe_sabon3-705x317.jpg);\"  title=\"isa_christophe_sabon3\" ><\/div><\/div><\/figure><\/a><!--end av-masonry entry--><a href=\"https:\/\/www.uvawines.gr\/wp-content\/uploads\/2022\/11\/DomaineLaJanasse-vendanges4-1-1030x687-1.jpg\" data-srcset=\"https:\/\/www.uvawines.gr\/wp-content\/uploads\/2022\/11\/DomaineLaJanasse-vendanges4-1-1030x687-1.jpg 1030w, https:\/\/www.uvawines.gr\/wp-content\/uploads\/2022\/11\/DomaineLaJanasse-vendanges4-1-1030x687-1-300x200.jpg 300w, https:\/\/www.uvawines.gr\/wp-content\/uploads\/2022\/11\/DomaineLaJanasse-vendanges4-1-1030x687-1-768x512.jpg 768w, https:\/\/www.uvawines.gr\/wp-content\/uploads\/2022\/11\/DomaineLaJanasse-vendanges4-1-1030x687-1-705x470.jpg 705w\" data-sizes=\"(max-width: 1030px) 100vw, 1030px\"  aria-label=\"image DomaineLaJanasse-vendanges4-1-1030&#215;687\"  id='av-masonry-1-item-774' data-av-masonry-item='774' class='av-masonry-entry isotope-item post-774 attachment type-attachment status-inherit hentry  av-masonry-item-with-image av-grid-img' title=\"DomaineLaJanasse-vendanges4-1-1030&#215;687\" alt=\"\"    itemprop=\"thumbnailUrl\" ><div class='av-inner-masonry-sizer'><\/div><figure class='av-inner-masonry main_color'><div class=\"av-masonry-outerimage-container\"><div class='av-masonry-image-container' style=\"background-image: url(https:\/\/www.uvawines.gr\/wp-content\/uploads\/2022\/11\/DomaineLaJanasse-vendanges4-1-1030x687-1-705x470.jpg);\"  title=\"DomaineLaJanasse-vendanges4-1-1030&#215;687\" ><\/div><\/div><\/figure><\/a><!--end av-masonry entry--><a href=\"https:\/\/www.uvawines.gr\/wp-content\/uploads\/2022\/11\/DomaineLaJanasse-LeDomaine8-2-1030x687-1.jpg\" data-srcset=\"https:\/\/www.uvawines.gr\/wp-content\/uploads\/2022\/11\/DomaineLaJanasse-LeDomaine8-2-1030x687-1.jpg 1030w, https:\/\/www.uvawines.gr\/wp-content\/uploads\/2022\/11\/DomaineLaJanasse-LeDomaine8-2-1030x687-1-300x200.jpg 300w, https:\/\/www.uvawines.gr\/wp-content\/uploads\/2022\/11\/DomaineLaJanasse-LeDomaine8-2-1030x687-1-768x512.jpg 768w, https:\/\/www.uvawines.gr\/wp-content\/uploads\/2022\/11\/DomaineLaJanasse-LeDomaine8-2-1030x687-1-705x470.jpg 705w\" data-sizes=\"(max-width: 1030px) 100vw, 1030px\"  aria-label=\"image DomaineLaJanasse-LeDomaine8-2-1030&#215;687\"  id='av-masonry-1-item-776' data-av-masonry-item='776' class='av-masonry-entry isotope-item post-776 attachment type-attachment status-inherit hentry  av-masonry-item-with-image av-grid-img' title=\"DomaineLaJanasse-LeDomaine8-2-1030&#215;687\" alt=\"\"    itemprop=\"thumbnailUrl\" ><div class='av-inner-masonry-sizer'><\/div><figure class='av-inner-masonry main_color'><div class=\"av-masonry-outerimage-container\"><div class='av-masonry-image-container' style=\"background-image: url(https:\/\/www.uvawines.gr\/wp-content\/uploads\/2022\/11\/DomaineLaJanasse-LeDomaine8-2-1030x687-1-705x470.jpg);\"  title=\"DomaineLaJanasse-LeDomaine8-2-1030&#215;687\" ><\/div><\/div><\/figure><\/a><!--end av-masonry entry--><a href=\"https:\/\/www.uvawines.gr\/wp-content\/uploads\/2022\/11\/DomaineLaJanasse-LeDomaine9-2-1030x687-1.jpg\" data-srcset=\"https:\/\/www.uvawines.gr\/wp-content\/uploads\/2022\/11\/DomaineLaJanasse-LeDomaine9-2-1030x687-1.jpg 1030w, https:\/\/www.uvawines.gr\/wp-content\/uploads\/2022\/11\/DomaineLaJanasse-LeDomaine9-2-1030x687-1-300x200.jpg 300w, https:\/\/www.uvawines.gr\/wp-content\/uploads\/2022\/11\/DomaineLaJanasse-LeDomaine9-2-1030x687-1-768x512.jpg 768w, https:\/\/www.uvawines.gr\/wp-content\/uploads\/2022\/11\/DomaineLaJanasse-LeDomaine9-2-1030x687-1-705x470.jpg 705w\" data-sizes=\"(max-width: 1030px) 100vw, 1030px\"  aria-label=\"image DomaineLaJanasse-LeDomaine9-2-1030&#215;687\"  id='av-masonry-1-item-778' data-av-masonry-item='778' class='av-masonry-entry isotope-item post-778 attachment type-attachment status-inherit hentry  av-masonry-item-with-image av-grid-img' title=\"DomaineLaJanasse-LeDomaine9-2-1030&#215;687\" alt=\"\"    itemprop=\"thumbnailUrl\" ><div class='av-inner-masonry-sizer'><\/div><figure class='av-inner-masonry main_color'><div class=\"av-masonry-outerimage-container\"><div class='av-masonry-image-container' style=\"background-image: url(https:\/\/www.uvawines.gr\/wp-content\/uploads\/2022\/11\/DomaineLaJanasse-LeDomaine9-2-1030x687-1-705x470.jpg);\"  title=\"DomaineLaJanasse-LeDomaine9-2-1030&#215;687\" ><\/div><\/div><\/figure><\/a><!--end av-masonry entry--><a href=\"https:\/\/www.uvawines.gr\/wp-content\/uploads\/2022\/11\/DomaineLaJanasse-LeDomaine10-1-1030x687-1.jpg\" data-srcset=\"https:\/\/www.uvawines.gr\/wp-content\/uploads\/2022\/11\/DomaineLaJanasse-LeDomaine10-1-1030x687-1.jpg 1030w, https:\/\/www.uvawines.gr\/wp-content\/uploads\/2022\/11\/DomaineLaJanasse-LeDomaine10-1-1030x687-1-300x200.jpg 300w, https:\/\/www.uvawines.gr\/wp-content\/uploads\/2022\/11\/DomaineLaJanasse-LeDomaine10-1-1030x687-1-768x512.jpg 768w, https:\/\/www.uvawines.gr\/wp-content\/uploads\/2022\/11\/DomaineLaJanasse-LeDomaine10-1-1030x687-1-705x470.jpg 705w\" data-sizes=\"(max-width: 1030px) 100vw, 1030px\"  aria-label=\"image DomaineLaJanasse-LeDomaine10-1-1030&#215;687\"  id='av-masonry-1-item-787' data-av-masonry-item='787' class='av-masonry-entry isotope-item post-787 attachment type-attachment status-inherit hentry  av-masonry-item-with-image av-grid-img' title=\"DomaineLaJanasse-LeDomaine10-1-1030&#215;687\" alt=\"\"    itemprop=\"thumbnailUrl\" ><div class='av-inner-masonry-sizer'><\/div><figure class='av-inner-masonry main_color'><div class=\"av-masonry-outerimage-container\"><div class='av-masonry-image-container' style=\"background-image: url(https:\/\/www.uvawines.gr\/wp-content\/uploads\/2022\/11\/DomaineLaJanasse-LeDomaine10-1-1030x687-1-705x470.jpg);\"  title=\"DomaineLaJanasse-LeDomaine10-1-1030&#215;687\" ><\/div><\/div><\/figure><\/a><!--end av-masonry entry--><\/div><\/div><\/div>\n","protected":false},"excerpt":{"rendered":"","protected":false},"author":1,"featured_media":0,"parent":0,"menu_order":0,"comment_status":"closed","ping_status":"closed","template":"","meta":{"footnotes":""},"class_list":["post-792","page","type-page","status-publish","hentry"],"yoast_head":"<!-- This site is optimized with the Yoast SEO plugin v23.3 - https:\/\/yoast.com\/wordpress\/plugins\/seo\/ -->\n<title>Domaine de la Janasse - Uva Wines<\/title>\n<meta name=\"robots\" content=\"index, follow, max-snippet:-1, max-image-preview:large, max-video-preview:-1\" \/>\n<link rel=\"canonical\" href=\"https:\/\/www.uvawines.gr\/domaine-de-la-janasse\/\" \/>\n<meta property=\"og:locale\" content=\"en_US\" \/>\n<meta property=\"og:type\" content=\"article\" \/>\n<meta property=\"og:title\" content=\"Domaine de la Janasse - Uva Wines\" \/>\n<meta property=\"og:url\" content=\"https:\/\/www.uvawines.gr\/domaine-de-la-janasse\/\" \/>\n<meta property=\"og:site_name\" content=\"Uva Wines\" \/>\n<meta property=\"article:modified_time\" content=\"2022-11-11T15:43:11+00:00\" \/>\n<meta name=\"twitter:card\" content=\"summary_large_image\" \/>\n<meta name=\"twitter:label1\" content=\"Est. reading time\" \/>\n\t<meta name=\"twitter:data1\" content=\"6 minutes\" \/>\n<script type=\"application\/ld+json\" class=\"yoast-schema-graph\">{\"@context\":\"https:\/\/schema.org\",\"@graph\":[{\"@type\":\"WebPage\",\"@id\":\"https:\/\/www.uvawines.gr\/domaine-de-la-janasse\/\",\"url\":\"https:\/\/www.uvawines.gr\/domaine-de-la-janasse\/\",\"name\":\"Domaine de la Janasse - Uva Wines\",\"isPartOf\":{\"@id\":\"https:\/\/www.uvawines.gr\/#website\"},\"datePublished\":\"2022-11-11T15:33:52+00:00\",\"dateModified\":\"2022-11-11T15:43:11+00:00\",\"breadcrumb\":{\"@id\":\"https:\/\/www.uvawines.gr\/domaine-de-la-janasse\/#breadcrumb\"},\"inLanguage\":\"en-US\",\"potentialAction\":[{\"@type\":\"ReadAction\",\"target\":[\"https:\/\/www.uvawines.gr\/domaine-de-la-janasse\/\"]}]},{\"@type\":\"BreadcrumbList\",\"@id\":\"https:\/\/www.uvawines.gr\/domaine-de-la-janasse\/#breadcrumb\",\"itemListElement\":[{\"@type\":\"ListItem\",\"position\":1,\"name\":\"\u0391\u03c1\u03c7\u03b9\u03ba\u03ae\",\"item\":\"https:\/\/www.uvawines.gr\/en\/\"},{\"@type\":\"ListItem\",\"position\":2,\"name\":\"Domaine de la Janasse\"}]},{\"@type\":\"WebSite\",\"@id\":\"https:\/\/www.uvawines.gr\/#website\",\"url\":\"https:\/\/www.uvawines.gr\/\",\"name\":\"Uva Wines\",\"description\":\"\",\"potentialAction\":[{\"@type\":\"SearchAction\",\"target\":{\"@type\":\"EntryPoint\",\"urlTemplate\":\"https:\/\/www.uvawines.gr\/?s={search_term_string}\"},\"query-input\":\"required name=search_term_string\"}],\"inLanguage\":\"en-US\"}]}<\/script>\n<!-- \/ Yoast SEO plugin. -->","yoast_head_json":{"title":"Domaine de la Janasse - Uva Wines","robots":{"index":"index","follow":"follow","max-snippet":"max-snippet:-1","max-image-preview":"max-image-preview:large","max-video-preview":"max-video-preview:-1"},"canonical":"https:\/\/www.uvawines.gr\/domaine-de-la-janasse\/","og_locale":"en_US","og_type":"article","og_title":"Domaine de la Janasse - Uva Wines","og_url":"https:\/\/www.uvawines.gr\/domaine-de-la-janasse\/","og_site_name":"Uva Wines","article_modified_time":"2022-11-11T15:43:11+00:00","twitter_card":"summary_large_image","twitter_misc":{"Est. reading time":"6 minutes"},"schema":{"@context":"https:\/\/schema.org","@graph":[{"@type":"WebPage","@id":"https:\/\/www.uvawines.gr\/domaine-de-la-janasse\/","url":"https:\/\/www.uvawines.gr\/domaine-de-la-janasse\/","name":"Domaine de la Janasse - Uva Wines","isPartOf":{"@id":"https:\/\/www.uvawines.gr\/#website"},"datePublished":"2022-11-11T15:33:52+00:00","dateModified":"2022-11-11T15:43:11+00:00","breadcrumb":{"@id":"https:\/\/www.uvawines.gr\/domaine-de-la-janasse\/#breadcrumb"},"inLanguage":"en-US","potentialAction":[{"@type":"ReadAction","target":["https:\/\/www.uvawines.gr\/domaine-de-la-janasse\/"]}]},{"@type":"BreadcrumbList","@id":"https:\/\/www.uvawines.gr\/domaine-de-la-janasse\/#breadcrumb","itemListElement":[{"@type":"ListItem","position":1,"name":"\u0391\u03c1\u03c7\u03b9\u03ba\u03ae","item":"https:\/\/www.uvawines.gr\/en\/"},{"@type":"ListItem","position":2,"name":"Domaine de la Janasse"}]},{"@type":"WebSite","@id":"https:\/\/www.uvawines.gr\/#website","url":"https:\/\/www.uvawines.gr\/","name":"Uva Wines","description":"","potentialAction":[{"@type":"SearchAction","target":{"@type":"EntryPoint","urlTemplate":"https:\/\/www.uvawines.gr\/?s={search_term_string}"},"query-input":"required name=search_term_string"}],"inLanguage":"en-US"}]}},"_links":{"self":[{"href":"https:\/\/www.uvawines.gr\/en\/wp-json\/wp\/v2\/pages\/792","targetHints":{"allow":["GET"]}}],"collection":[{"href":"https:\/\/www.uvawines.gr\/en\/wp-json\/wp\/v2\/pages"}],"about":[{"href":"https:\/\/www.uvawines.gr\/en\/wp-json\/wp\/v2\/types\/page"}],"author":[{"embeddable":true,"href":"https:\/\/www.uvawines.gr\/en\/wp-json\/wp\/v2\/users\/1"}],"replies":[{"embeddable":true,"href":"https:\/\/www.uvawines.gr\/en\/wp-json\/wp\/v2\/comments?post=792"}],"version-history":[{"count":7,"href":"https:\/\/www.uvawines.gr\/en\/wp-json\/wp\/v2\/pages\/792\/revisions"}],"predecessor-version":[{"id":802,"href":"https:\/\/www.uvawines.gr\/en\/wp-json\/wp\/v2\/pages\/792\/revisions\/802"}],"wp:attachment":[{"href":"https:\/\/www.uvawines.gr\/en\/wp-json\/wp\/v2\/media?parent=792"}],"curies":[{"name":"wp","href":"https:\/\/api.w.org\/{rel}","templated":true}]}}